{"id":1679,"date":"2021-02-18T14:34:44","date_gmt":"2021-02-18T07:34:44","guid":{"rendered":"http:\/\/new-tranthi.test\/san-pham\/son-phu-noi-that-mui-tu-nhien-mykolor-touch-low-odor-lon-3938l\/"},"modified":"2022-04-04T09:59:52","modified_gmt":"2022-04-04T02:59:52","slug":"son-phu-noi-that-mui-tu-nhien-mykolor-touch-low-odor-lon-3938l","status":"publish","type":"product","link":"https:\/\/tranthi.vn\/hanoi\/son-phu-noi-that-mui-tu-nhien-mykolor-touch-low-odor-lon-3938l\/","title":{"rendered":"M\u00f9i T\u1ef1 Nhi\u00ean Mykolor Touch Low Odor-Lon 3,938 L\u00edt"},"content":{"rendered":"","protected":false},"excerpt":{"rendered":"<p><span style=\"font-size: 130%; color: #ed1c24; font-family: 'times new roman', times, serif;\">\u00a0<\/span><span style=\"font-family: 'times new roman', times, serif; font-size: 130%; color: #000000;\"><span style=\"color: #ed1c24;\"><span style=\"font-size: 150%;\"><span style=\"color: #ff6600;\">\u2666<\/span>\u00a0<\/span> <span style=\"color: #282828;\">B\u1ea3o h\u00e0nh 1 n\u0103m <\/span><\/span><\/span><\/p>\n<p><span style=\"font-family: 'times new roman', times, serif; font-size: 130%; color: #000000;\"><span style=\"color: #ed1c24;\"><span style=\"font-size: 150%;\">\u00a0<span style=\"color: #ff6600;\">\u2666<\/span><\/span>\u00a0<\/span> \u0110\u01a1n v\u1ecb t\u00ednh: Th\u00f9ng 17,5 L\u00edt<\/span><\/p>\n<p><span style=\"font-family: 'times new roman', times, serif; font-size: 130%;\"><span style=\"color: #ed1c24;\"><span style=\"color: #ff6600;\"><span style=\"font-size: 150%;\">\u00a0\u2666<\/span>\u00a0<\/span> <span style=\"color: #282828;\">\u0110\u01a1n gi\u00e1:\u00a0<\/span><\/span><span style=\"color: #ff0000;\"><span style=\"color: #282828;\"> Th\u00f9ng<\/span><\/span><strong><span style=\"color: #ff0000;\"><em> 3.938 l\u00edt<\/em> _ Gi\u00e1: <em>1.399.000\u0111<\/em><\/span><\/strong><\/span><\/p>\n<p><span style=\"font-family: 'times new roman', times, serif; font-size: 130%;\"><span style=\"color: #ff0000;\"><span style=\"color: #282828;\">\u00a0 \u00a0 \u00a0 \u00a0 \u00a0 \u00a0 \u00a0 \u00a0 \u00a0 \u00a0 \u00a0 \u00a0Lon <\/span><\/span><strong><span style=\"color: #ff0000;\"><em>0.875 l\u00edt<\/em> _ Gi\u00e1: <em>370.000\u0111<\/em><\/span><\/strong><\/span><\/p>\n<p><span style=\"font-family: 'times new roman', times, serif; font-size: 130%; color: #000000;\"><span style=\"color: #ed1c24;\"><span style=\"font-size: 150%; color: #ff6600;\">\u00a0\u2666<\/span> <span style=\"color: #282828;\">Mi\u1ec5n ph\u00ed ship t\u1eeb 2 \u0111\u01a1n v\u1ecb tr\u1edf l\u00ean Ho\u1eb7c trong Tp Hu\u1ebf<\/span><\/span><\/span><\/p>\n","protected":false},"featured_media":4355,"comment_status":"open","ping_status":"closed","template":"","meta":[],"product_cat":[139,140,145],"product_tag":[562,566],"class_list":{"0":"post-1679","1":"product","2":"type-product","3":"status-publish","4":"has-post-thumbnail","6":"product_cat-son","7":"product_cat-bang-gia-son-mykolor-tai-da-nang","8":"product_cat-son-phu-noi-that-mykolor","9":"product_tag-son-mykolor-son-phu-noi-that-cao-cap-tai-hue","10":"product_tag-son-mykolor-son-phu-noi-that-cao-cap-hue","12":"first","13":"instock","14":"sale","15":"shipping-taxable","16":"purchasable","17":"product-type-simple"},"yoast_head":"<!-- This site is optimized with the Yoast SEO Premium plugin v22.3 (Yoast SEO v23.7) - https:\/\/yoast.com\/wordpress\/plugins\/seo\/ -->\n<title>Gi\u00e1 S\u01a1n Ph\u1ee7 N\u1ed9i Th\u1ea5t M\u00f9i T\u1ef1 Nhi\u00ean Mykolor \u0110\u00e0 N\u1eb5ng-0903.595.049<\/title>\n<meta name=\"description\" content=\"Tr\u1ea7n Th\u1ecb S\u01a1n Ph\u1ee7 N\u1ed9i Th\u1ea5t M\u00f9i T\u1ef1 Nhi\u00ean Mykolor t\u1ea1i \u0111\u00e0 n\u1eb5ng. Ph\u1ee5c v\u1ee5 t\u1eadn ch\u00e2n c\u00f4ng tr\u00ecnh v\u1edbi gi\u00e1 r\u1ebb nh\u1ea5t th\u1ecb tr\u01b0\u1eddng \u0110\u00e0 N\u1eb5ng. \u0110\u1ecba ch\u1ec9: 204 L\u00ea V\u0103n Hi\u1ebfn\" \/>\n<meta name=\"robots\" content=\"index, follow, max-snippet:-1, max-image-preview:large, max-video-preview:-1\" \/>\n<link rel=\"canonical\" href=\"https:\/\/tranthi.vn\/hanoi\/son-phu-noi-that-mui-tu-nhien-mykolor-touch-low-odor-lon-3938l\/\" \/>\n<meta property=\"og:locale\" content=\"vi_VN\" \/>\n<meta property=\"og:type\" content=\"article\" \/>\n<meta property=\"og:title\" content=\"M\u00f9i T\u1ef1 Nhi\u00ean Mykolor Touch Low Odor-Lon 3,938 L\u00edt\" \/>\n<meta property=\"og:description\" content=\"Tr\u1ea7n Th\u1ecb S\u01a1n Ph\u1ee7 N\u1ed9i Th\u1ea5t M\u00f9i T\u1ef1 Nhi\u00ean Mykolor t\u1ea1i \u0111\u00e0 n\u1eb5ng. Ph\u1ee5c v\u1ee5 t\u1eadn ch\u00e2n c\u00f4ng tr\u00ecnh v\u1edbi gi\u00e1 r\u1ebb nh\u1ea5t th\u1ecb tr\u01b0\u1eddng \u0110\u00e0 N\u1eb5ng. \u0110\u1ecba ch\u1ec9: 204 L\u00ea V\u0103n Hi\u1ebfn\" \/>\n<meta property=\"og:url\" content=\"https:\/\/tranthi.vn\/hanoi\/son-phu-noi-that-mui-tu-nhien-mykolor-touch-low-odor-lon-3938l\/\" \/>\n<meta property=\"og:site_name\" content=\"V\u1eadt Li\u1ec7u X\u00e2y D\u1ef1ng Tr\u1ea7n Th\u1ecb Chi Nh\u00e1nh H\u00e0 N\u1ed9i\" \/>\n<meta property=\"article:modified_time\" content=\"2022-04-04T02:59:52+00:00\" \/>\n<meta property=\"og:image\" content=\"https:\/\/tranthi.vn\/hanoi\/wp-content\/uploads\/2021\/02\/SON-MYKOLOR-SON-PHU-NOI-THAT-CAO-CAP-HUE.png\" \/>\n\t<meta property=\"og:image:width\" content=\"400\" \/>\n\t<meta property=\"og:image:height\" content=\"400\" \/>\n\t<meta property=\"og:image:type\" content=\"image\/png\" \/>\n<meta name=\"twitter:card\" content=\"summary_large_image\" \/>\n<meta name=\"twitter:label1\" content=\"Gi\u00e1\" \/>\n\t<meta name=\"twitter:data1\" content=\"1,399,000&nbsp;&#8363;\" \/>\n\t<meta name=\"twitter:label2\" content=\"Kh\u1ea3 d\u1ee5ng\" \/>\n\t<meta name=\"twitter:data2\" content=\"Trong kho\" \/>\n<script type=\"application\/ld+json\" class=\"yoast-schema-graph\">{\"@context\":\"https:\/\/schema.org\",\"@graph\":[{\"@type\":[\"WebPage\",\"ItemPage\"],\"@id\":\"https:\/\/tranthi.vn\/hanoi\/son-phu-noi-that-mui-tu-nhien-mykolor-touch-low-odor-lon-3938l\/\",\"url\":\"https:\/\/tranthi.vn\/hanoi\/son-phu-noi-that-mui-tu-nhien-mykolor-touch-low-odor-lon-3938l\/\",\"name\":\"Gi\u00e1 S\u01a1n Ph\u1ee7 N\u1ed9i Th\u1ea5t M\u00f9i T\u1ef1 Nhi\u00ean Mykolor \u0110\u00e0 N\u1eb5ng-0903.595.049\",\"isPartOf\":{\"@id\":\"https:\/\/tranthi.vn\/hanoi\/#website\"},\"primaryImageOfPage\":{\"@id\":\"https:\/\/tranthi.vn\/hanoi\/son-phu-noi-that-mui-tu-nhien-mykolor-touch-low-odor-lon-3938l\/#primaryimage\"},\"image\":{\"@id\":\"https:\/\/tranthi.vn\/hanoi\/son-phu-noi-that-mui-tu-nhien-mykolor-touch-low-odor-lon-3938l\/#primaryimage\"},\"thumbnailUrl\":\"https:\/\/tranthi.vn\/hanoi\/wp-content\/uploads\/2021\/02\/SON-MYKOLOR-SON-PHU-NOI-THAT-CAO-CAP-HUE.png\",\"datePublished\":\"2021-02-18T07:34:44+00:00\",\"dateModified\":\"2022-04-04T02:59:52+00:00\",\"description\":\"Tr\u1ea7n Th\u1ecb S\u01a1n Ph\u1ee7 N\u1ed9i Th\u1ea5t M\u00f9i T\u1ef1 Nhi\u00ean Mykolor t\u1ea1i \u0111\u00e0 n\u1eb5ng. Ph\u1ee5c v\u1ee5 t\u1eadn ch\u00e2n c\u00f4ng tr\u00ecnh v\u1edbi gi\u00e1 r\u1ebb nh\u1ea5t th\u1ecb tr\u01b0\u1eddng \u0110\u00e0 N\u1eb5ng. \u0110\u1ecba ch\u1ec9: 204 L\u00ea V\u0103n Hi\u1ebfn\",\"breadcrumb\":{\"@id\":\"https:\/\/tranthi.vn\/hanoi\/son-phu-noi-that-mui-tu-nhien-mykolor-touch-low-odor-lon-3938l\/#breadcrumb\"},\"inLanguage\":\"vi\",\"potentialAction\":[{\"@type\":\"ReadAction\",\"target\":[\"https:\/\/tranthi.vn\/hanoi\/son-phu-noi-that-mui-tu-nhien-mykolor-touch-low-odor-lon-3938l\/\"]}]},{\"@type\":\"ImageObject\",\"inLanguage\":\"vi\",\"@id\":\"https:\/\/tranthi.vn\/hanoi\/son-phu-noi-that-mui-tu-nhien-mykolor-touch-low-odor-lon-3938l\/#primaryimage\",\"url\":\"https:\/\/tranthi.vn\/hanoi\/wp-content\/uploads\/2021\/02\/SON-MYKOLOR-SON-PHU-NOI-THAT-CAO-CAP-HUE.png\",\"contentUrl\":\"https:\/\/tranthi.vn\/hanoi\/wp-content\/uploads\/2021\/02\/SON-MYKOLOR-SON-PHU-NOI-THAT-CAO-CAP-HUE.png\",\"width\":400,\"height\":400,\"caption\":\"S\u01a0N MYKOLOR- S\u01a0N PH\u1ee6 N\u1ed8I TH\u1ea4T CAO C\u1ea4P HU\u1ebe\"},{\"@type\":\"BreadcrumbList\",\"@id\":\"https:\/\/tranthi.vn\/hanoi\/son-phu-noi-that-mui-tu-nhien-mykolor-touch-low-odor-lon-3938l\/#breadcrumb\",\"itemListElement\":[{\"@type\":\"ListItem\",\"position\":1,\"name\":\"Trang ch\u1ee7\",\"item\":\"https:\/\/tranthi.vn\/hanoi\/\"},{\"@type\":\"ListItem\",\"position\":2,\"name\":\"Shop\",\"item\":\"https:\/\/tranthi.vn\/hanoi\/shop\/\"},{\"@type\":\"ListItem\",\"position\":3,\"name\":\"M\u00f9i T\u1ef1 Nhi\u00ean Mykolor Touch Low Odor-Lon 3,938 L\u00edt\"}]},{\"@type\":\"WebSite\",\"@id\":\"https:\/\/tranthi.vn\/hanoi\/#website\",\"url\":\"https:\/\/tranthi.vn\/hanoi\/\",\"name\":\"V\u1eadt Li\u1ec7u X\u00e2y D\u1ef1ng Tr\u1ea7n Th\u1ecb Chi Nh\u00e1nh H\u00e0 N\u1ed9i\",\"description\":\"V\u1eadt Li\u1ec7u X\u00e2y D\u1ef1ng - H\u00e0 N\u1ed9i\",\"potentialAction\":[{\"@type\":\"SearchAction\",\"target\":{\"@type\":\"EntryPoint\",\"urlTemplate\":\"https:\/\/tranthi.vn\/hanoi\/?s={search_term_string}\"},\"query-input\":{\"@type\":\"PropertyValueSpecification\",\"valueRequired\":true,\"valueName\":\"search_term_string\"}}],\"inLanguage\":\"vi\"},{\"@type\":\"ImageObject\",\"inLanguage\":\"vi\",\"@id\":\"https:\/\/tranthi.vn\/hanoi\/son-phu-noi-that-mui-tu-nhien-mykolor-touch-low-odor-lon-3938l\/#local-main-organization-logo\",\"url\":\"\",\"contentUrl\":\"\",\"caption\":\"V\u1eadt Li\u1ec7u X\u00e2y D\u1ef1ng Tr\u1ea7n Th\u1ecb Chi Nh\u00e1nh H\u00e0 N\u1ed9i\"}]}<\/script>\n<meta property=\"product:price:amount\" content=\"1399000\" \/>\n<meta property=\"product:price:currency\" content=\"VND\" \/>\n<meta property=\"og:availability\" content=\"instock\" \/>\n<meta property=\"product:availability\" content=\"instock\" \/>\n<meta property=\"product:condition\" content=\"new\" \/>\n<!-- \/ Yoast SEO Premium plugin. -->","yoast_head_json":{"title":"Gi\u00e1 S\u01a1n Ph\u1ee7 N\u1ed9i Th\u1ea5t M\u00f9i T\u1ef1 Nhi\u00ean Mykolor \u0110\u00e0 N\u1eb5ng-0903.595.049","description":"Tr\u1ea7n Th\u1ecb S\u01a1n Ph\u1ee7 N\u1ed9i Th\u1ea5t M\u00f9i T\u1ef1 Nhi\u00ean Mykolor t\u1ea1i \u0111\u00e0 n\u1eb5ng. Ph\u1ee5c v\u1ee5 t\u1eadn ch\u00e2n c\u00f4ng tr\u00ecnh v\u1edbi gi\u00e1 r\u1ebb nh\u1ea5t th\u1ecb tr\u01b0\u1eddng \u0110\u00e0 N\u1eb5ng. \u0110\u1ecba ch\u1ec9: 204 L\u00ea V\u0103n Hi\u1ebfn","robots":{"index":"index","follow":"follow","max-snippet":"max-snippet:-1","max-image-preview":"max-image-preview:large","max-video-preview":"max-video-preview:-1"},"canonical":"https:\/\/tranthi.vn\/hanoi\/son-phu-noi-that-mui-tu-nhien-mykolor-touch-low-odor-lon-3938l\/","og_locale":"vi_VN","og_type":"article","og_title":"M\u00f9i T\u1ef1 Nhi\u00ean Mykolor Touch Low Odor-Lon 3,938 L\u00edt","og_description":"Tr\u1ea7n Th\u1ecb S\u01a1n Ph\u1ee7 N\u1ed9i Th\u1ea5t M\u00f9i T\u1ef1 Nhi\u00ean Mykolor t\u1ea1i \u0111\u00e0 n\u1eb5ng. Ph\u1ee5c v\u1ee5 t\u1eadn ch\u00e2n c\u00f4ng tr\u00ecnh v\u1edbi gi\u00e1 r\u1ebb nh\u1ea5t th\u1ecb tr\u01b0\u1eddng \u0110\u00e0 N\u1eb5ng. \u0110\u1ecba ch\u1ec9: 204 L\u00ea V\u0103n Hi\u1ebfn","og_url":"https:\/\/tranthi.vn\/hanoi\/son-phu-noi-that-mui-tu-nhien-mykolor-touch-low-odor-lon-3938l\/","og_site_name":"V\u1eadt Li\u1ec7u X\u00e2y D\u1ef1ng Tr\u1ea7n Th\u1ecb Chi Nh\u00e1nh H\u00e0 N\u1ed9i","article_modified_time":"2022-04-04T02:59:52+00:00","og_image":[{"width":400,"height":400,"url":"https:\/\/tranthi.vn\/hanoi\/wp-content\/uploads\/2021\/02\/SON-MYKOLOR-SON-PHU-NOI-THAT-CAO-CAP-HUE.png","type":"image\/png"}],"twitter_card":"summary_large_image","twitter_misc":{"Gi\u00e1":"1,399,000&nbsp;&#8363;","Kh\u1ea3 d\u1ee5ng":"Trong kho"},"schema":{"@context":"https:\/\/schema.org","@graph":[{"@type":["WebPage","ItemPage"],"@id":"https:\/\/tranthi.vn\/hanoi\/son-phu-noi-that-mui-tu-nhien-mykolor-touch-low-odor-lon-3938l\/","url":"https:\/\/tranthi.vn\/hanoi\/son-phu-noi-that-mui-tu-nhien-mykolor-touch-low-odor-lon-3938l\/","name":"Gi\u00e1 S\u01a1n Ph\u1ee7 N\u1ed9i Th\u1ea5t M\u00f9i T\u1ef1 Nhi\u00ean Mykolor \u0110\u00e0 N\u1eb5ng-0903.595.049","isPartOf":{"@id":"https:\/\/tranthi.vn\/hanoi\/#website"},"primaryImageOfPage":{"@id":"https:\/\/tranthi.vn\/hanoi\/son-phu-noi-that-mui-tu-nhien-mykolor-touch-low-odor-lon-3938l\/#primaryimage"},"image":{"@id":"https:\/\/tranthi.vn\/hanoi\/son-phu-noi-that-mui-tu-nhien-mykolor-touch-low-odor-lon-3938l\/#primaryimage"},"thumbnailUrl":"https:\/\/tranthi.vn\/hanoi\/wp-content\/uploads\/2021\/02\/SON-MYKOLOR-SON-PHU-NOI-THAT-CAO-CAP-HUE.png","datePublished":"2021-02-18T07:34:44+00:00","dateModified":"2022-04-04T02:59:52+00:00","description":"Tr\u1ea7n Th\u1ecb S\u01a1n Ph\u1ee7 N\u1ed9i Th\u1ea5t M\u00f9i T\u1ef1 Nhi\u00ean Mykolor t\u1ea1i \u0111\u00e0 n\u1eb5ng. Ph\u1ee5c v\u1ee5 t\u1eadn ch\u00e2n c\u00f4ng tr\u00ecnh v\u1edbi gi\u00e1 r\u1ebb nh\u1ea5t th\u1ecb tr\u01b0\u1eddng \u0110\u00e0 N\u1eb5ng. \u0110\u1ecba ch\u1ec9: 204 L\u00ea V\u0103n Hi\u1ebfn","breadcrumb":{"@id":"https:\/\/tranthi.vn\/hanoi\/son-phu-noi-that-mui-tu-nhien-mykolor-touch-low-odor-lon-3938l\/#breadcrumb"},"inLanguage":"vi","potentialAction":[{"@type":"ReadAction","target":["https:\/\/tranthi.vn\/hanoi\/son-phu-noi-that-mui-tu-nhien-mykolor-touch-low-odor-lon-3938l\/"]}]},{"@type":"ImageObject","inLanguage":"vi","@id":"https:\/\/tranthi.vn\/hanoi\/son-phu-noi-that-mui-tu-nhien-mykolor-touch-low-odor-lon-3938l\/#primaryimage","url":"https:\/\/tranthi.vn\/hanoi\/wp-content\/uploads\/2021\/02\/SON-MYKOLOR-SON-PHU-NOI-THAT-CAO-CAP-HUE.png","contentUrl":"https:\/\/tranthi.vn\/hanoi\/wp-content\/uploads\/2021\/02\/SON-MYKOLOR-SON-PHU-NOI-THAT-CAO-CAP-HUE.png","width":400,"height":400,"caption":"S\u01a0N MYKOLOR- S\u01a0N PH\u1ee6 N\u1ed8I TH\u1ea4T CAO C\u1ea4P HU\u1ebe"},{"@type":"BreadcrumbList","@id":"https:\/\/tranthi.vn\/hanoi\/son-phu-noi-that-mui-tu-nhien-mykolor-touch-low-odor-lon-3938l\/#breadcrumb","itemListElement":[{"@type":"ListItem","position":1,"name":"Trang ch\u1ee7","item":"https:\/\/tranthi.vn\/hanoi\/"},{"@type":"ListItem","position":2,"name":"Shop","item":"https:\/\/tranthi.vn\/hanoi\/shop\/"},{"@type":"ListItem","position":3,"name":"M\u00f9i T\u1ef1 Nhi\u00ean Mykolor Touch Low Odor-Lon 3,938 L\u00edt"}]},{"@type":"WebSite","@id":"https:\/\/tranthi.vn\/hanoi\/#website","url":"https:\/\/tranthi.vn\/hanoi\/","name":"V\u1eadt Li\u1ec7u X\u00e2y D\u1ef1ng Tr\u1ea7n Th\u1ecb Chi Nh\u00e1nh H\u00e0 N\u1ed9i","description":"V\u1eadt Li\u1ec7u X\u00e2y D\u1ef1ng - H\u00e0 N\u1ed9i","potentialAction":[{"@type":"SearchAction","target":{"@type":"EntryPoint","urlTemplate":"https:\/\/tranthi.vn\/hanoi\/?s={search_term_string}"},"query-input":{"@type":"PropertyValueSpecification","valueRequired":true,"valueName":"search_term_string"}}],"inLanguage":"vi"},{"@type":"ImageObject","inLanguage":"vi","@id":"https:\/\/tranthi.vn\/hanoi\/son-phu-noi-that-mui-tu-nhien-mykolor-touch-low-odor-lon-3938l\/#local-main-organization-logo","url":"","contentUrl":"","caption":"V\u1eadt Li\u1ec7u X\u00e2y D\u1ef1ng Tr\u1ea7n Th\u1ecb Chi Nh\u00e1nh H\u00e0 N\u1ed9i"}]},"product_price_amount":"1399000","product_price_currency":"VND","og_availability":"instock","product_availability":"instock","product_condition":"new"},"_links":{"self":[{"href":"https:\/\/tranthi.vn\/hanoi\/wp-json\/wp\/v2\/product\/1679","targetHints":{"allow":["GET"]}}],"collection":[{"href":"https:\/\/tranthi.vn\/hanoi\/wp-json\/wp\/v2\/product"}],"about":[{"href":"https:\/\/tranthi.vn\/hanoi\/wp-json\/wp\/v2\/types\/product"}],"replies":[{"embeddable":true,"href":"https:\/\/tranthi.vn\/hanoi\/wp-json\/wp\/v2\/comments?post=1679"}],"wp:featuredmedia":[{"embeddable":true,"href":"https:\/\/tranthi.vn\/hanoi\/wp-json\/wp\/v2\/media\/4355"}],"wp:attachment":[{"href":"https:\/\/tranthi.vn\/hanoi\/wp-json\/wp\/v2\/media?parent=1679"}],"wp:term":[{"taxonomy":"product_cat","embeddable":true,"href":"https:\/\/tranthi.vn\/hanoi\/wp-json\/wp\/v2\/product_cat?post=1679"},{"taxonomy":"product_tag","embeddable":true,"href":"https:\/\/tranthi.vn\/hanoi\/wp-json\/wp\/v2\/product_tag?post=1679"}],"curies":[{"name":"wp","href":"https:\/\/api.w.org\/{rel}","templated":true}]}}