{"id":1555,"date":"2021-02-18T13:30:11","date_gmt":"2021-02-18T13:30:11","guid":{"rendered":"http:\/\/new-tranthi.test\/san-pham\/da-1-x-2\/"},"modified":"2024-11-09T11:02:52","modified_gmt":"2024-11-09T04:02:52","slug":"gia-da-1-2-tai-ha-noi","status":"publish","type":"product","link":"https:\/\/tranthi.vn\/hanoi\/gia-da-1-2-tai-ha-noi\/","title":{"rendered":"\u0110\u00e1 1 x 2"},"content":{"rendered":"<h1 style=\"text-align: center;\"><span style=\"color: #ff0000; font-size: 24pt;\"><strong><span style=\"font-family: 'times new roman', times, serif;\">\u0110\u00c1 1 X 2<\/span><\/strong><\/span><\/h1>\n<p><span style=\"font-family: 'times new roman', times, serif; font-size: 18pt; color: #000000;\">\u0110\u00e1 1&#215;2 l\u00e0 \u0111\u00e1 d\u00f9ng trong x\u00e2y d\u1ef1ng \u0111\u01b0\u1ee3c d\u00f9ng \u0111\u1ed5 b\u00ea t\u00f4ng l\u00e0m nh\u00e0, \u0111\u01b0\u1eddng s\u00e1, c\u1ea7u c\u1ea3ng&#8230; t\u1ea1i H\u00e0 N\u1ed9i gi\u00e1 \u0111\u00e1 1&#215;2 t\u01b0\u01a1ng \u0111\u1ed1i \u1ed5n \u0111\u1ecbnh<\/span><span style=\"font-family: 'times new roman', times, serif; font-size: 18pt; color: #000000;\">.\u00a0\u0110\u00e1 c<\/span><span style=\"font-family: 'times new roman', times, serif; font-size: 18pt; color: #000000;\"><span style=\"font-family: 'times new roman', times, serif; font-size: 18pt; color: #ff0000;\"><span style=\"font-family: times new roman, times, serif;\"><span style=\"color: #000000;\">\u00f3 nhi\u1ec1u k\u00edch c\u1ee1 kh\u00e1c nhau nh\u01b0 10&#215;28 mm 10&#215;25 mm, 10&#215;22 mm&#8230;. <\/span><\/span><\/span>T\u00f9y v\u00e0o t\u1eebng nhu c\u1ea7u s\u1eed d\u1ee5ng c\u1ee7a kh\u00e1ch h\u00e0ng m\u00e0 l\u1ef1a ch\u1ecdn lo\u1ea1i ph\u00f9 h\u1ee3p<\/span><\/p>\n<figure id=\"attachment_5815\" aria-describedby=\"caption-attachment-5815\" style=\"width: 484px\" class=\"wp-caption aligncenter\"><img loading=\"lazy\" decoding=\"async\" class=\" wp-image-5815\" src=\"https:\/\/tranthi.vn\/hanoi\/wp-content\/uploads\/2021\/02\/da-1x2-ha-noi.png\" alt=\"\u0111\u00e1 1x2 h\u00e0 n\u1ed9i\" width=\"484\" height=\"346\" \/><figcaption id=\"caption-attachment-5815\" class=\"wp-caption-text\"><span style=\"font-family: 'times new roman', times, serif;\"><em>\u00a0 \u00a0 \u00a0 \u00a0 \u00a0 \u00a0 \u00a0 \u00a0 \u00a0 \u00a0 \u00a0 \u00a0 \u00a0 \u00a0 \u00a0 \u00a0 \u00a0 \u00a0 \u00a0 \u00a0 \u00a0 \u00a0 \u00a0 \u00a0 \u00a0 \u00a0 \u00a0 \u00a0\u0111\u00e1 1&#215;2 h\u00e0 n\u1ed9i<\/em><\/span><\/figcaption><\/figure>\n<p><span style=\"font-family: 'times new roman', times, serif; font-size: 18pt; color: #000000;\"><span style=\"font-family: times new roman, times, serif;\"><em><strong>Gi\u00e1 \u0111\u00e1 1&#215;2 t\u1ea1i <a href=\"https:\/\/vi.wikipedia.org\/wiki\/H%C3%A0_N%E1%BB%99i\">H\u00e0 N\u1ed9i <\/a><\/strong><\/em>s\u1ebd c\u00f3 s\u1ef1 ch\u00eanh l\u1ec7ch ph\u1ee5 thu\u1ed9c v\u00e0o v\u1ecb tr\u00ed v\u00e0 s\u1ed1 l\u01b0\u1ee3ng h\u00e0ng nh\u1eadp kho\u1ea3ng<\/span><\/span><strong><span style=\"font-family: 'times new roman', times, serif; font-size: 18pt; color: #ff0000;\"><span style=\"font-family: times new roman, times, serif;\"> 350.000\u0111\/ kh\u1ed1i<\/span><\/span><\/strong><\/p>\n<p><span style=\"font-family: 'times new roman', times, serif; font-size: 18pt; color: #000000;\">V\u1eadn chuy\u1ec3n t\u1eeb 4m3 tr\u1edf l\u00ean, th\u1eddi gian giao h\u00e0ng s\u1ebd t\u1eeb 4 \u0111\u1ebfn 6 ti\u1ebfng k\u1ec3 t\u1eeb l\u00fac ch\u1ed1t \u0111\u01a1n<\/span><\/p>\n<figure id=\"attachment_5816\" aria-describedby=\"caption-attachment-5816\" style=\"width: 353px\" class=\"wp-caption aligncenter\"><img loading=\"lazy\" decoding=\"async\" class=\" wp-image-5816\" src=\"https:\/\/tranthi.vn\/hanoi\/wp-content\/uploads\/2021\/02\/da-1x2-tai-ha-noi.jpg\" alt=\"\u0111\u00e1 1x2 t\u1ea1i h\u00e0 n\u1ed9i\" width=\"353\" height=\"353\" srcset=\"https:\/\/tranthi.vn\/hanoi\/wp-content\/uploads\/2021\/02\/da-1x2-tai-ha-noi.jpg 300w, https:\/\/tranthi.vn\/hanoi\/wp-content\/uploads\/2021\/02\/da-1x2-tai-ha-noi-100x100.jpg 100w\" sizes=\"auto, (max-width: 353px) 100vw, 353px\" \/><figcaption id=\"caption-attachment-5816\" class=\"wp-caption-text\"><span style=\"font-family: 'times new roman', times, serif;\"><em>\u00a0 \u00a0 \u00a0 \u00a0 \u00a0 \u00a0 \u00a0 \u00a0 \u00a0 \u00a0\u0111\u00e1 1&#215;2 t\u1ea1i h\u00e0 n\u1ed9i<\/em><\/span><\/figcaption><\/figure>\n<p><span style=\"font-family: 'times new roman', times, serif; font-size: 18pt; color: #000000;\">&gt;&gt; Ch\u00fang t\u00f4i cam k\u1ebft giao h\u00e0ng \u0111\u1ea3m b\u1ea3o ch\u1ea5t l\u01b0\u1ee3ng v\u00e0 s\u1ed1 l\u01b0\u1ee3ng, h\u00e0ng \u0111\u1eb9p, kh\u00f4ng l\u1eabn t\u1ea1p ch\u1ea5t.<\/span><\/p>\n<h2><\/h2>\n<h2><span style=\"color: #ff0000; font-family: 'times new roman', times, serif; font-size: 18pt;\"><strong>C\u00c1CH PH\u00c2N BI\u1ec6T \u0110\u00c1 1 2 \u0110\u1eb8P<\/strong><\/span><\/h2>\n<p><span style=\"font-family: 'times new roman', times, serif; font-size: 18pt; color: #000000;\"><em><strong>\u0110\u00e1 1 2<\/strong><\/em> th\u01b0\u1eddng \u0111\u01b0\u1ee3c d\u00f9ng \u0111\u1ed5 d\u1ea7n, \u0111\u1ed5 s\u00e0n m\u00f3ng n\u00ean c\u1ea7n l\u1ef1a \u0111\u00e1 \u0111\u1eb9p ch\u1ea5t l\u01b0\u1ee3ng d\u01b0\u1edbi \u0111\u00e2y m\u1ed9t v\u00e0i c\u00e1ch ph\u00e2n bi\u1ec7t \u0111\u00e1 1 2 \u0111\u1eb9p<\/span><\/p>\n<ul>\n<li><span style=\"font-family: 'times new roman', times, serif; font-size: 18pt; color: #000000;\">B\u1ec1 d\u1ecdc ho\u1eb7c ngang c\u1ee7a \u0111\u00e1 ph\u1ea3i n\u1eb1m trong kho\u1ea3ng t\u1eeb 2 \u0111\u1ebfn 2,5cm kh\u00f4ng \u0111\u01b0\u1ee3c l\u00e9p. X\u00e1c xu\u1ea5t nh\u1eefng vi\u00ean \u0111\u00e1 \u0111\u1ea1t y\u00eau c\u1ea7u chi\u1ebfm t\u1ef7 l\u1ec7 2\/3. S\u1ebd gi\u00fap cho s\u00e0n c\u1ee7a m\u00ecnh ch\u1eafc ch\u1eafn v\u00e0 c\u1ee9ng h\u01a1n<\/span><\/li>\n<li><span style=\"font-family: 'times new roman', times, serif; font-size: 18pt; color: #000000;\">Vi\u00ean \u0111\u00e1 s\u1ea1ch s\u1ebd kh\u00f4ng l\u1eabn qu\u00e1 nhi\u1ec1u t\u1ea1p ch\u1ea5t v\u00e0 h\u1ea1t l\u00e9p. C\u00f3 th\u1ec3 r\u1eeda b\u1eb1ng n\u01b0\u1edbc ho\u1eb7c s\u00e0n qua s\u00e0n \u0111\u1ec3 lo\u1ea1i b\u1ecf nh\u1eefng t\u1ea1p ch\u1ea5p v\u00e0 nh\u1eefng vi\u00ean kh\u00f4ng \u0111\u1ea1t y\u00eau c\u1ea7u<\/span><\/li>\n<\/ul>\n<p><strong><span style=\"font-family: 'times new roman', times, serif; font-size: 18pt; color: #ff0000;\">Video ph\u00e2n bi\u1ec7t \u0111\u00e1 1 2 \u0111\u1eb9p\u00a0<\/span><\/strong><\/p>\n<p style=\"text-align: center;\"><iframe loading=\"lazy\" src=\"\/\/www.youtube.com\/embed\/Fya-CMcpL2I\" width=\"560\" height=\"314\" allowfullscreen=\"allowfullscreen\"><\/iframe><\/p>\n<p><span style=\"font-family: 'times new roman', times, serif; font-size: 18pt; color: #000000;\">Vi\u1ec7c l\u1ef1a ch\u1ecdn \u0111\u01b0\u1ee3c v\u1eadt li\u1ec7u t\u1ed1t \u0111\u1ea1t ti\u00eau chu\u1ea9n s\u1ebd gi\u00fap c\u00f4ng tr\u00ecnh \u0111\u1ea1t ch\u1ea5t l\u01b0\u1ee3ng t\u1ed1t nh\u1ea5t. Hi v\u1ecdng Tr\u1ea7n Thi \u0111\u00e3 cung c\u1ea5p cho qu\u00fd kh\u00e1ch h\u00e0ng m\u1ed9t v\u00e0i th\u00f4ng tin h\u1eefu hi\u1ec7u. \u0110\u1ec3 l\u1ef1a ch\u1ecdn \u0111\u01b0\u1ee3c v\u1eadt t\u01b0 \u0111\u1ea1t chu\u1ea9n cho ng\u00f4i nh\u00e0 m\u00ecnh<\/span><\/p>\n<blockquote class=\"tiktok-embed\" cite=\"https:\/\/www.tiktok.com\/@kinhnghiemxaydungnhao\/video\/7404666129236495632\" data-video-id=\"7404666129236495632\" data-embed-from=\"oembed\" style=\"max-width:605px; min-width:325px;\">\n<section> <a target=\"_blank\" title=\"@kinhnghiemxaydungnhao\" href=\"https:\/\/www.tiktok.com\/@kinhnghiemxaydungnhao?refer=embed\">@kinhnghiemxaydungnhao<\/a> <\/p>\n<p>\u0110\u00e1 1&#215;2 b\u1ea3o qu\u1ea3n l\u00e0m sao cho hi\u1ec7u qu\u1ea3 ? <a title=\"da12danang\" target=\"_blank\" href=\"https:\/\/www.tiktok.com\/tag\/da12danang?refer=embed\">#da12danang<\/a> <a title=\"danang\" target=\"_blank\" href=\"https:\/\/www.tiktok.com\/tag\/danang?refer=embed\">#danang<\/a> <a title=\"da12\" target=\"_blank\" href=\"https:\/\/www.tiktok.com\/tag\/da12?refer=embed\">#da12<\/a><a title=\"danang\" target=\"_blank\" href=\"https:\/\/www.tiktok.com\/tag\/danang?refer=embed\">#danang<\/a> <\/p>\n<p> <a target=\"_blank\" title=\"\u266c nh\u1ea1c n\u1ec1n - Tranthi.vn - Tranthi.vn\" href=\"https:\/\/www.tiktok.com\/music\/nh\u1ea1c-n\u1ec1n-Tranthivn-7404666263429008129?refer=embed\">\u266c nh\u1ea1c n\u1ec1n &#8211; Tranthi.vn &#8211; Tranthi.vn<\/a> <\/section>\n<\/blockquote>\n<p> <script async src=\"https:\/\/www.tiktok.com\/embed.js\"><\/script><\/p>\n<p>&nbsp;<\/p>\n","protected":false},"excerpt":{"rendered":"<p><span style=\"color: #282828; font-family: 'times new roman', times, serif; font-size: 140%;\">\ud83d\ude1b Giao h\u00e0ng trong \u0111\u1ecba b\u00e0n Hu\u1ebf<\/span><\/p>\n<p><span style=\"color: #282828; font-family: 'times new roman', times, serif; font-size: 140%;\">\ud83d\ude1b \u0110\u01a1n v\u1ecb t\u00ednh: m kh\u1ed1i<\/span><\/p>\n<p><span style=\"color: #282828; font-family: 'times new roman', times, serif; font-size: 140%;\">\ud83d\ude1b \u0110\u01a1n gi\u00e1 \u0111\u00e1 1&#215;2 trong n\u1ed9i th\u00e0nh: <strong><span style=\"color: #ed1c24;\">320.000<\/span><\/strong>\/ kh\u1ed1i (\u0111i chuy\u1ebfn xe 4 kh\u1ed1i)<\/span><\/p>\n","protected":false},"featured_media":1554,"comment_status":"open","ping_status":"closed","template":"","meta":[],"product_cat":[210,203],"product_tag":[],"class_list":{"0":"post-1555","1":"product","2":"type-product","3":"status-publish","4":"has-post-thumbnail","6":"product_cat-da-xay-dung","7":"product_cat-vat-lieu-xay-dung","9":"first","10":"instock","11":"sale","12":"shipping-taxable","13":"purchasable","14":"product-type-simple"},"yoast_head":"<!-- This site is optimized with the Yoast SEO Premium plugin v22.3 (Yoast SEO v23.7) - https:\/\/yoast.com\/wordpress\/plugins\/seo\/ -->\n<title>Gi\u00e1 \u0111\u00e1 x\u00e2y d\u1ef1ng 1 x2 t\u1ea1i H\u00e0 N\u1ed9i - VLXD Tr\u1ea7n Th\u1ecb 0947.335.871<\/title>\n<meta name=\"description\" content=\"Tr\u1ea7n Th\u1ecb l\u00e0 nh\u00e0 cung c\u1ea5p \u0111\u00e1 1x2 t\u1ea1i \u0111\u00e0 n\u1eb5ng, ph\u1ee5c v\u1ee5 t\u1eadn ch\u00e2n c\u00f4ng tr\u00ecnh v\u1edbi gi\u00e1 r\u1ebb nh\u1ea5t th\u1ecb tr\u01b0\u1eddng H\u00e0 N\u1ed9i. Uy t\u00edn, Ch\u1ea5t l\u01b0\u1ee3ng\" \/>\n<meta name=\"robots\" content=\"index, follow, max-snippet:-1, max-image-preview:large, max-video-preview:-1\" \/>\n<link rel=\"canonical\" href=\"https:\/\/tranthi.vn\/hanoi\/gia-da-1-2-tai-ha-noi\/\" \/>\n<meta property=\"og:locale\" content=\"vi_VN\" \/>\n<meta property=\"og:type\" content=\"article\" \/>\n<meta property=\"og:title\" content=\"\u0110\u00e1 1 x 2\" \/>\n<meta property=\"og:description\" content=\"Tr\u1ea7n Th\u1ecb l\u00e0 nh\u00e0 cung c\u1ea5p \u0111\u00e1 1x2 t\u1ea1i \u0111\u00e0 n\u1eb5ng, ph\u1ee5c v\u1ee5 t\u1eadn ch\u00e2n c\u00f4ng tr\u00ecnh v\u1edbi gi\u00e1 r\u1ebb nh\u1ea5t th\u1ecb tr\u01b0\u1eddng H\u00e0 N\u1ed9i. Uy t\u00edn, Ch\u1ea5t l\u01b0\u1ee3ng\" \/>\n<meta property=\"og:url\" content=\"https:\/\/tranthi.vn\/hanoi\/gia-da-1-2-tai-ha-noi\/\" \/>\n<meta property=\"og:site_name\" content=\"V\u1eadt Li\u1ec7u X\u00e2y D\u1ef1ng Tr\u1ea7n Th\u1ecb Chi Nh\u00e1nh H\u00e0 N\u1ed9i\" \/>\n<meta property=\"article:modified_time\" content=\"2024-11-09T04:02:52+00:00\" \/>\n<meta property=\"og:image\" content=\"https:\/\/tranthi.vn\/hanoi\/wp-content\/uploads\/2021\/02\/da-1-x-2-tai-Da-Nang-300x300-1.jpg\" \/>\n\t<meta property=\"og:image:width\" content=\"300\" \/>\n\t<meta property=\"og:image:height\" content=\"300\" \/>\n\t<meta property=\"og:image:type\" content=\"image\/jpeg\" \/>\n<meta name=\"twitter:card\" content=\"summary_large_image\" \/>\n<meta name=\"twitter:label1\" content=\"Gi\u00e1\" \/>\n\t<meta name=\"twitter:data1\" content=\"320,000&nbsp;&#8363;\" \/>\n\t<meta name=\"twitter:label2\" content=\"Kh\u1ea3 d\u1ee5ng\" \/>\n\t<meta name=\"twitter:data2\" content=\"Trong kho\" \/>\n<script type=\"application\/ld+json\" class=\"yoast-schema-graph\">{\"@context\":\"https:\/\/schema.org\",\"@graph\":[{\"@type\":[\"WebPage\",\"ItemPage\"],\"@id\":\"https:\/\/tranthi.vn\/hanoi\/gia-da-1-2-tai-ha-noi\/\",\"url\":\"https:\/\/tranthi.vn\/hanoi\/gia-da-1-2-tai-ha-noi\/\",\"name\":\"Gi\u00e1 \u0111\u00e1 x\u00e2y d\u1ef1ng 1 x2 t\u1ea1i H\u00e0 N\u1ed9i - VLXD Tr\u1ea7n Th\u1ecb 0947.335.871\",\"isPartOf\":{\"@id\":\"https:\/\/tranthi.vn\/hanoi\/#website\"},\"primaryImageOfPage\":{\"@id\":\"https:\/\/tranthi.vn\/hanoi\/gia-da-1-2-tai-ha-noi\/#primaryimage\"},\"image\":{\"@id\":\"https:\/\/tranthi.vn\/hanoi\/gia-da-1-2-tai-ha-noi\/#primaryimage\"},\"thumbnailUrl\":\"https:\/\/tranthi.vn\/hanoi\/wp-content\/uploads\/2021\/02\/da-1-x-2-tai-Da-Nang-300x300-1.jpg\",\"datePublished\":\"2021-02-18T13:30:11+00:00\",\"dateModified\":\"2024-11-09T04:02:52+00:00\",\"description\":\"Tr\u1ea7n Th\u1ecb l\u00e0 nh\u00e0 cung c\u1ea5p \u0111\u00e1 1x2 t\u1ea1i \u0111\u00e0 n\u1eb5ng, ph\u1ee5c v\u1ee5 t\u1eadn ch\u00e2n c\u00f4ng tr\u00ecnh v\u1edbi gi\u00e1 r\u1ebb nh\u1ea5t th\u1ecb tr\u01b0\u1eddng H\u00e0 N\u1ed9i. Uy t\u00edn, Ch\u1ea5t l\u01b0\u1ee3ng\",\"breadcrumb\":{\"@id\":\"https:\/\/tranthi.vn\/hanoi\/gia-da-1-2-tai-ha-noi\/#breadcrumb\"},\"inLanguage\":\"vi\",\"potentialAction\":[{\"@type\":\"ReadAction\",\"target\":[\"https:\/\/tranthi.vn\/hanoi\/gia-da-1-2-tai-ha-noi\/\"]}]},{\"@type\":\"ImageObject\",\"inLanguage\":\"vi\",\"@id\":\"https:\/\/tranthi.vn\/hanoi\/gia-da-1-2-tai-ha-noi\/#primaryimage\",\"url\":\"https:\/\/tranthi.vn\/hanoi\/wp-content\/uploads\/2021\/02\/da-1-x-2-tai-Da-Nang-300x300-1.jpg\",\"contentUrl\":\"https:\/\/tranthi.vn\/hanoi\/wp-content\/uploads\/2021\/02\/da-1-x-2-tai-Da-Nang-300x300-1.jpg\",\"width\":300,\"height\":300,\"caption\":\"gia-da-1-2-tai-da-nang\"},{\"@type\":\"BreadcrumbList\",\"@id\":\"https:\/\/tranthi.vn\/hanoi\/gia-da-1-2-tai-ha-noi\/#breadcrumb\",\"itemListElement\":[{\"@type\":\"ListItem\",\"position\":1,\"name\":\"Trang ch\u1ee7\",\"item\":\"https:\/\/tranthi.vn\/hanoi\/\"},{\"@type\":\"ListItem\",\"position\":2,\"name\":\"Shop\",\"item\":\"https:\/\/tranthi.vn\/hanoi\/shop\/\"},{\"@type\":\"ListItem\",\"position\":3,\"name\":\"\u0110\u00e1 1 x 2\"}]},{\"@type\":\"WebSite\",\"@id\":\"https:\/\/tranthi.vn\/hanoi\/#website\",\"url\":\"https:\/\/tranthi.vn\/hanoi\/\",\"name\":\"V\u1eadt Li\u1ec7u X\u00e2y D\u1ef1ng Tr\u1ea7n Th\u1ecb Chi Nh\u00e1nh H\u00e0 N\u1ed9i\",\"description\":\"V\u1eadt Li\u1ec7u X\u00e2y D\u1ef1ng - H\u00e0 N\u1ed9i\",\"potentialAction\":[{\"@type\":\"SearchAction\",\"target\":{\"@type\":\"EntryPoint\",\"urlTemplate\":\"https:\/\/tranthi.vn\/hanoi\/?s={search_term_string}\"},\"query-input\":{\"@type\":\"PropertyValueSpecification\",\"valueRequired\":true,\"valueName\":\"search_term_string\"}}],\"inLanguage\":\"vi\"},{\"@type\":\"ImageObject\",\"inLanguage\":\"vi\",\"@id\":\"https:\/\/tranthi.vn\/hanoi\/gia-da-1-2-tai-ha-noi\/#local-main-organization-logo\",\"url\":\"\",\"contentUrl\":\"\",\"caption\":\"V\u1eadt Li\u1ec7u X\u00e2y D\u1ef1ng Tr\u1ea7n Th\u1ecb Chi Nh\u00e1nh H\u00e0 N\u1ed9i\"}]}<\/script>\n<meta property=\"product:price:amount\" content=\"320000\" \/>\n<meta property=\"product:price:currency\" content=\"VND\" \/>\n<meta property=\"og:availability\" content=\"instock\" \/>\n<meta property=\"product:availability\" content=\"instock\" \/>\n<meta property=\"product:condition\" content=\"new\" \/>\n<!-- \/ Yoast SEO Premium plugin. -->","yoast_head_json":{"title":"Gi\u00e1 \u0111\u00e1 x\u00e2y d\u1ef1ng 1 x2 t\u1ea1i H\u00e0 N\u1ed9i - VLXD Tr\u1ea7n Th\u1ecb 0947.335.871","description":"Tr\u1ea7n Th\u1ecb l\u00e0 nh\u00e0 cung c\u1ea5p \u0111\u00e1 1x2 t\u1ea1i \u0111\u00e0 n\u1eb5ng, ph\u1ee5c v\u1ee5 t\u1eadn ch\u00e2n c\u00f4ng tr\u00ecnh v\u1edbi gi\u00e1 r\u1ebb nh\u1ea5t th\u1ecb tr\u01b0\u1eddng H\u00e0 N\u1ed9i. Uy t\u00edn, Ch\u1ea5t l\u01b0\u1ee3ng","robots":{"index":"index","follow":"follow","max-snippet":"max-snippet:-1","max-image-preview":"max-image-preview:large","max-video-preview":"max-video-preview:-1"},"canonical":"https:\/\/tranthi.vn\/hanoi\/gia-da-1-2-tai-ha-noi\/","og_locale":"vi_VN","og_type":"article","og_title":"\u0110\u00e1 1 x 2","og_description":"Tr\u1ea7n Th\u1ecb l\u00e0 nh\u00e0 cung c\u1ea5p \u0111\u00e1 1x2 t\u1ea1i \u0111\u00e0 n\u1eb5ng, ph\u1ee5c v\u1ee5 t\u1eadn ch\u00e2n c\u00f4ng tr\u00ecnh v\u1edbi gi\u00e1 r\u1ebb nh\u1ea5t th\u1ecb tr\u01b0\u1eddng H\u00e0 N\u1ed9i. Uy t\u00edn, Ch\u1ea5t l\u01b0\u1ee3ng","og_url":"https:\/\/tranthi.vn\/hanoi\/gia-da-1-2-tai-ha-noi\/","og_site_name":"V\u1eadt Li\u1ec7u X\u00e2y D\u1ef1ng Tr\u1ea7n Th\u1ecb Chi Nh\u00e1nh H\u00e0 N\u1ed9i","article_modified_time":"2024-11-09T04:02:52+00:00","og_image":[{"width":300,"height":300,"url":"https:\/\/tranthi.vn\/hanoi\/wp-content\/uploads\/2021\/02\/da-1-x-2-tai-Da-Nang-300x300-1.jpg","type":"image\/jpeg"}],"twitter_card":"summary_large_image","twitter_misc":{"Gi\u00e1":"320,000&nbsp;&#8363;","Kh\u1ea3 d\u1ee5ng":"Trong kho"},"schema":{"@context":"https:\/\/schema.org","@graph":[{"@type":["WebPage","ItemPage"],"@id":"https:\/\/tranthi.vn\/hanoi\/gia-da-1-2-tai-ha-noi\/","url":"https:\/\/tranthi.vn\/hanoi\/gia-da-1-2-tai-ha-noi\/","name":"Gi\u00e1 \u0111\u00e1 x\u00e2y d\u1ef1ng 1 x2 t\u1ea1i H\u00e0 N\u1ed9i - VLXD Tr\u1ea7n Th\u1ecb 0947.335.871","isPartOf":{"@id":"https:\/\/tranthi.vn\/hanoi\/#website"},"primaryImageOfPage":{"@id":"https:\/\/tranthi.vn\/hanoi\/gia-da-1-2-tai-ha-noi\/#primaryimage"},"image":{"@id":"https:\/\/tranthi.vn\/hanoi\/gia-da-1-2-tai-ha-noi\/#primaryimage"},"thumbnailUrl":"https:\/\/tranthi.vn\/hanoi\/wp-content\/uploads\/2021\/02\/da-1-x-2-tai-Da-Nang-300x300-1.jpg","datePublished":"2021-02-18T13:30:11+00:00","dateModified":"2024-11-09T04:02:52+00:00","description":"Tr\u1ea7n Th\u1ecb l\u00e0 nh\u00e0 cung c\u1ea5p \u0111\u00e1 1x2 t\u1ea1i \u0111\u00e0 n\u1eb5ng, ph\u1ee5c v\u1ee5 t\u1eadn ch\u00e2n c\u00f4ng tr\u00ecnh v\u1edbi gi\u00e1 r\u1ebb nh\u1ea5t th\u1ecb tr\u01b0\u1eddng H\u00e0 N\u1ed9i. Uy t\u00edn, Ch\u1ea5t l\u01b0\u1ee3ng","breadcrumb":{"@id":"https:\/\/tranthi.vn\/hanoi\/gia-da-1-2-tai-ha-noi\/#breadcrumb"},"inLanguage":"vi","potentialAction":[{"@type":"ReadAction","target":["https:\/\/tranthi.vn\/hanoi\/gia-da-1-2-tai-ha-noi\/"]}]},{"@type":"ImageObject","inLanguage":"vi","@id":"https:\/\/tranthi.vn\/hanoi\/gia-da-1-2-tai-ha-noi\/#primaryimage","url":"https:\/\/tranthi.vn\/hanoi\/wp-content\/uploads\/2021\/02\/da-1-x-2-tai-Da-Nang-300x300-1.jpg","contentUrl":"https:\/\/tranthi.vn\/hanoi\/wp-content\/uploads\/2021\/02\/da-1-x-2-tai-Da-Nang-300x300-1.jpg","width":300,"height":300,"caption":"gia-da-1-2-tai-da-nang"},{"@type":"BreadcrumbList","@id":"https:\/\/tranthi.vn\/hanoi\/gia-da-1-2-tai-ha-noi\/#breadcrumb","itemListElement":[{"@type":"ListItem","position":1,"name":"Trang ch\u1ee7","item":"https:\/\/tranthi.vn\/hanoi\/"},{"@type":"ListItem","position":2,"name":"Shop","item":"https:\/\/tranthi.vn\/hanoi\/shop\/"},{"@type":"ListItem","position":3,"name":"\u0110\u00e1 1 x 2"}]},{"@type":"WebSite","@id":"https:\/\/tranthi.vn\/hanoi\/#website","url":"https:\/\/tranthi.vn\/hanoi\/","name":"V\u1eadt Li\u1ec7u X\u00e2y D\u1ef1ng Tr\u1ea7n Th\u1ecb Chi Nh\u00e1nh H\u00e0 N\u1ed9i","description":"V\u1eadt Li\u1ec7u X\u00e2y D\u1ef1ng - H\u00e0 N\u1ed9i","potentialAction":[{"@type":"SearchAction","target":{"@type":"EntryPoint","urlTemplate":"https:\/\/tranthi.vn\/hanoi\/?s={search_term_string}"},"query-input":{"@type":"PropertyValueSpecification","valueRequired":true,"valueName":"search_term_string"}}],"inLanguage":"vi"},{"@type":"ImageObject","inLanguage":"vi","@id":"https:\/\/tranthi.vn\/hanoi\/gia-da-1-2-tai-ha-noi\/#local-main-organization-logo","url":"","contentUrl":"","caption":"V\u1eadt Li\u1ec7u X\u00e2y D\u1ef1ng Tr\u1ea7n Th\u1ecb Chi Nh\u00e1nh H\u00e0 N\u1ed9i"}]},"product_price_amount":"320000","product_price_currency":"VND","og_availability":"instock","product_availability":"instock","product_condition":"new"},"_links":{"self":[{"href":"https:\/\/tranthi.vn\/hanoi\/wp-json\/wp\/v2\/product\/1555","targetHints":{"allow":["GET"]}}],"collection":[{"href":"https:\/\/tranthi.vn\/hanoi\/wp-json\/wp\/v2\/product"}],"about":[{"href":"https:\/\/tranthi.vn\/hanoi\/wp-json\/wp\/v2\/types\/product"}],"replies":[{"embeddable":true,"href":"https:\/\/tranthi.vn\/hanoi\/wp-json\/wp\/v2\/comments?post=1555"}],"wp:featuredmedia":[{"embeddable":true,"href":"https:\/\/tranthi.vn\/hanoi\/wp-json\/wp\/v2\/media\/1554"}],"wp:attachment":[{"href":"https:\/\/tranthi.vn\/hanoi\/wp-json\/wp\/v2\/media?parent=1555"}],"wp:term":[{"taxonomy":"product_cat","embeddable":true,"href":"https:\/\/tranthi.vn\/hanoi\/wp-json\/wp\/v2\/product_cat?post=1555"},{"taxonomy":"product_tag","embeddable":true,"href":"https:\/\/tranthi.vn\/hanoi\/wp-json\/wp\/v2\/product_tag?post=1555"}],"curies":[{"name":"wp","href":"https:\/\/api.w.org\/{rel}","templated":true}]}}