{"id":1546,"date":"2021-02-18T13:30:06","date_gmt":"2021-02-18T13:30:06","guid":{"rendered":"http:\/\/new-tranthi.test\/san-pham\/da-mong-be-tong\/"},"modified":"2022-04-07T14:33:31","modified_gmt":"2022-04-07T07:33:31","slug":"gia-gach-tap-bo-lo-hue","status":"publish","type":"product","link":"https:\/\/tranthi.vn\/hanoi\/gia-gach-tap-bo-lo-hue\/","title":{"rendered":"G\u1ea1ch b\u1edd l\u00f4"},"content":{"rendered":"<h1 style=\"text-align: center;\"><strong><span style=\"font-family: 'times new roman', times, serif; font-size: 150%;\">G\u1ea1ch t\u00e1p b\u1edd l\u00f4<\/span><\/strong><\/h1>\n<p><span style=\"font-family: 'times new roman', times, serif; font-size: 18pt; color: #000000;\">\u2013 Chuy\u00ean c\u0169ng c\u1ea5p v\u1eadt li\u1ec7u x\u00e2y d\u1ef1ng bao g\u1ed3m \u0111\u00e1 m\u00f3ng b\u00ea t\u00f4ng, \u0111\u00e11\u00d72, \u0111\u00e1 4\u00d76, \u0111\u00e1 d\u0103m, <a style=\"color: #000000;\" href=\"https:\/\/tranthi.vn\/hanoi\/vat-lieu-xay-dung\/xi-mang\/\">xi m\u0103ng<\/a>, c\u00e1t, s\u1ea1n v\u1edbi gi\u00e1 c\u1ea3 ph\u1ea3i ch\u0103ng, v\u1eadn chuy\u1ec3n t\u1eadn ch\u00e2n c\u00f4ng tr\u00ecnh <a href=\"https:\/\/vi.wikipedia.org\/wiki\/Hu%E1%BA%BF\"><em><strong>Hu\u1ebf<\/strong><\/em><\/a><\/span><\/p>\n<p><span style=\"font-family: 'times new roman', times, serif; font-size: 18pt; color: #000000;\">\u0110\u1ec3 li\u00ean h\u1ec7 \u0111\u1eb7t h\u00e0ng v\u00e0 t\u01b0 v\u1ea5n vui l\u00f2ng li\u00ean h\u1ec7\u00a0<strong>Hotline\/zalo: 0903.595.049<\/strong><\/span><\/p>\n<p><span style=\"font-family: 'times new roman', times, serif; font-size: 18pt; color: #000000;\"><em>G\u1ea1ch t\u00e1p b\u1edd l\u00f4<\/em>\u00a0l\u00e0 lo\u1ea1i \u0111\u00e1 x\u00e2y d\u1ef1ng \u0111\u01b0\u1ee3c \u0111\u00fac b\u1eb1ng h\u1ed7n h\u1ee3p v\u1eefa b\u00ea t\u00f4ng t\u01b0\u01a1. C\u00f3 k\u00edch c\u1ee1 8x18x28 cm n\u00ean r\u1ea5t ch\u1eafc ch\u1eafn \u0111\u1ec3 b\u1ea3o v\u1ec7 v\u1eefng ch\u1eafc cho m\u00f3ng nh\u00e0 c\u1ee7a c\u00e1c b\u1ea1n<\/span><\/p>\n<p><span style=\"font-family: 'times new roman', times, serif; font-size: 18pt; color: #000000;\">S\u1ea3n ph\u1ea9m g\u1ea1ch <strong><em>t\u00e1p b\u1edd l\u00f4<\/em><\/strong> th\u01b0\u1eddng \u0111\u01b0\u1ee3c s\u1eed d\u1ee5ng \u0111\u1ec3 thi c\u00f4ng x\u00e2y m\u00f3ng nh\u00e0, x\u00e2y t\u01b0\u1eddng r\u00e0o, x\u00e2y v\u00e1ch ng\u0103n, l\u00e1t l\u1ed1i \u0111i s\u00e2n v\u01b0\u1eddn.<\/span><\/p>\n<p><span style=\"font-family: 'times new roman', times, serif; font-size: 18pt; color: #000000;\">&gt;&gt; Gi\u00e1 g\u1ea1ch t\u00e1p b\u1edd l\u00f4 <strong><em>Hu\u1ebf<\/em><\/strong> l\u00e0 450<span style=\"color: #ff0000;\">0\/vi\u00ean<\/span> \u0110\u00e3 bao g\u1ed3m chi ph\u00ed v\u1eadn chuy\u1ec3n h\u00e0ng \u0111\u1ebfn ch\u00e2n c\u00f4ng tr\u00ecnh\u00a0<\/span><\/p>\n<p>&nbsp;<\/p>\n<p style=\"text-align: center;\"><span style=\"font-family: 'times new roman', times, serif; font-size: 18pt; color: #000000;\"><img loading=\"lazy\" decoding=\"async\" class=\"alignnone wp-image-1545 size-full\" src=\"https:\/\/tranthi.vn\/hanoi\/wp-content\/uploads\/2021\/02\/da-mong-po-300x300-1.jpg\" alt=\"\u0111\u00e1 m\u00f3ng b\u00ea t\u00f4ng t\u1ea1i \u0111\u00e0 n\u1eb5ng\" width=\"300\" height=\"300\" srcset=\"https:\/\/tranthi.vn\/hanoi\/wp-content\/uploads\/2021\/02\/da-mong-po-300x300-1.jpg 300w, https:\/\/tranthi.vn\/hanoi\/wp-content\/uploads\/2021\/02\/da-mong-po-300x300-1-280x280.jpg 280w, https:\/\/tranthi.vn\/hanoi\/wp-content\/uploads\/2021\/02\/da-mong-po-300x300-1-100x100.jpg 100w\" sizes=\"auto, (max-width: 300px) 100vw, 300px\" \/><\/span><\/p>\n<p style=\"text-align: left;\"><span style=\"font-family: 'times new roman', times, serif; font-size: 18pt; color: #000000;\">&gt;&gt; Ch\u00fang t\u00f4i cam k\u1ebft giao h\u00e0ng \u0111\u1ea3m b\u1ea3o ch\u1ea5t l\u01b0\u1ee3ng v\u00e0 s\u1ed1 l\u01b0\u1ee3ng, h\u00e0ng \u0111\u1eb9p<\/span><\/p>\n<p style=\"text-align: center;\">\n","protected":false},"excerpt":{"rendered":"<p><span style=\"color: #282828; font-family: 'times new roman', times, serif; font-size: 130%;\"><span style=\"font-size: 140%; color: #ed1c24;\">\u2666 <\/span>Giao h\u00e0ng t\u1eadn ch\u00e2n c\u00f4ng tr\u00ecnh<\/span><\/p>\n<p><span style=\"color: #282828; font-family: 'times new roman', times, serif; font-size: 130%;\"><span style=\"font-size: 140%; color: #ed1c24;\">\u2666 <\/span>K\u00edch th\u01b0\u1edbc 20&#215;30 cm gi\u00e1: \u21d2 <strong><span style=\"color: #0000ff;\">4.800\u0111\/V<\/span><\/strong><\/span><\/p>\n<p><span style=\"font-family: 'times new roman', times, serif; font-size: 130%; color: #282828;\"><span style=\"font-size: 140%; color: #ed1c24;\">\u2666 <\/span>K\u00edch th\u01b0\u1edbc 22&#215;40 cm gi\u00e1: \u21d2<strong> <span style=\"color: #0000ff;\">6.600\u0111\/V\u00a0<\/span><\/strong><\/span><\/p>\n<p><span style=\"color: #282828; font-family: 'times new roman', times, serif; font-size: 130%;\"><span style=\"font-size: 140%; color: #ed1c24;\">\u2666 <\/span>Giao theo chuy\u1ebfn xe 600 Vi\u00ean\/ chuy\u1ebfn<\/span><\/p>\n<p><span style=\"font-family: 'times new roman', times, serif; font-size: 130%; color: #282828;\"><span style=\"font-size: 140%; color: #ed1c24;\">\u2666 <\/span>Gi\u00e1 tr\u00ean c\u00f3 th\u1ec3 thay \u0111\u1ed5i t\u00f9y thu\u1ed9c v\u00e0o v\u1ecb tr\u00ed xa hay g\u1ea7n<\/span><\/p>\n<p>&nbsp;<\/p>\n","protected":false},"featured_media":4439,"comment_status":"open","ping_status":"closed","template":"","meta":[],"product_cat":[210,203],"product_tag":[622],"class_list":{"0":"post-1546","1":"product","2":"type-product","3":"status-publish","4":"has-post-thumbnail","6":"product_cat-da-xay-dung","7":"product_cat-vat-lieu-xay-dung","8":"product_tag-tap-bo-lo-gia-thap-nhat-thi-truong-hue","10":"first","11":"instock","12":"sale","13":"shipping-taxable","14":"purchasable","15":"product-type-simple"},"yoast_head":"<!-- This site is optimized with the Yoast SEO Premium plugin v22.3 (Yoast SEO v23.7) - https:\/\/yoast.com\/wordpress\/plugins\/seo\/ -->\n<title>Gi\u00e1 g\u1ea1ch t\u00e1p b\u1edd l\u00f4 t\u1ea1i Hu\u1ebf - VLXD Tr\u1ea7n Th\u1ecb 0903.595.049<\/title>\n<meta name=\"description\" content=\"Tr\u1ea7n Th\u1ecb l\u00e0 nh\u00e0 cung c\u1ea5p g\u1ea1ch t\u00e1p b\u1edd l\u00f4 t\u1ea1i hu\u1ebf, ph\u1ee5c v\u1ee5 t\u1eadn ch\u00e2n c\u00f4ng tr\u00ecnh v\u1edbi gi\u00e1 r\u1ebb nh\u1ea5t th\u1ecb tr\u01b0\u1eddng Hu\u1ebf\" \/>\n<meta name=\"robots\" content=\"index, follow, max-snippet:-1, max-image-preview:large, max-video-preview:-1\" \/>\n<link rel=\"canonical\" href=\"https:\/\/tranthi.vn\/hanoi\/gia-gach-tap-bo-lo-hue\/\" \/>\n<meta property=\"og:locale\" content=\"vi_VN\" \/>\n<meta property=\"og:type\" content=\"article\" \/>\n<meta property=\"og:title\" content=\"G\u1ea1ch b\u1edd l\u00f4\" \/>\n<meta property=\"og:description\" content=\"Tr\u1ea7n Th\u1ecb l\u00e0 nh\u00e0 cung c\u1ea5p g\u1ea1ch t\u00e1p b\u1edd l\u00f4 t\u1ea1i hu\u1ebf, ph\u1ee5c v\u1ee5 t\u1eadn ch\u00e2n c\u00f4ng tr\u00ecnh v\u1edbi gi\u00e1 r\u1ebb nh\u1ea5t th\u1ecb tr\u01b0\u1eddng Hu\u1ebf\" \/>\n<meta property=\"og:url\" content=\"https:\/\/tranthi.vn\/hanoi\/gia-gach-tap-bo-lo-hue\/\" \/>\n<meta property=\"og:site_name\" content=\"V\u1eadt Li\u1ec7u X\u00e2y D\u1ef1ng Tr\u1ea7n Th\u1ecb Chi Nh\u00e1nh H\u00e0 N\u1ed9i\" \/>\n<meta property=\"article:modified_time\" content=\"2022-04-07T07:33:31+00:00\" \/>\n<meta property=\"og:image\" content=\"https:\/\/tranthi.vn\/hanoi\/wp-content\/uploads\/2021\/02\/Tap-Bo-Lo-Gia-Thap-Nhat-Thi-Truong-Hue.jpg\" \/>\n\t<meta property=\"og:image:width\" content=\"280\" \/>\n\t<meta property=\"og:image:height\" content=\"280\" \/>\n\t<meta property=\"og:image:type\" content=\"image\/jpeg\" \/>\n<meta name=\"twitter:card\" content=\"summary_large_image\" \/>\n<meta name=\"twitter:label1\" content=\"Gi\u00e1\" \/>\n\t<meta name=\"twitter:data1\" content=\"4,800&nbsp;&#8363;\" \/>\n\t<meta name=\"twitter:label2\" content=\"Kh\u1ea3 d\u1ee5ng\" \/>\n\t<meta name=\"twitter:data2\" content=\"Trong kho\" \/>\n<script type=\"application\/ld+json\" class=\"yoast-schema-graph\">{\"@context\":\"https:\/\/schema.org\",\"@graph\":[{\"@type\":[\"WebPage\",\"ItemPage\"],\"@id\":\"https:\/\/tranthi.vn\/hanoi\/gia-gach-tap-bo-lo-hue\/\",\"url\":\"https:\/\/tranthi.vn\/hanoi\/gia-gach-tap-bo-lo-hue\/\",\"name\":\"Gi\u00e1 g\u1ea1ch t\u00e1p b\u1edd l\u00f4 t\u1ea1i Hu\u1ebf - VLXD Tr\u1ea7n Th\u1ecb 0903.595.049\",\"isPartOf\":{\"@id\":\"https:\/\/tranthi.vn\/hanoi\/#website\"},\"primaryImageOfPage\":{\"@id\":\"https:\/\/tranthi.vn\/hanoi\/gia-gach-tap-bo-lo-hue\/#primaryimage\"},\"image\":{\"@id\":\"https:\/\/tranthi.vn\/hanoi\/gia-gach-tap-bo-lo-hue\/#primaryimage\"},\"thumbnailUrl\":\"https:\/\/tranthi.vn\/hanoi\/wp-content\/uploads\/2021\/02\/Tap-Bo-Lo-Gia-Thap-Nhat-Thi-Truong-Hue.jpg\",\"datePublished\":\"2021-02-18T13:30:06+00:00\",\"dateModified\":\"2022-04-07T07:33:31+00:00\",\"description\":\"Tr\u1ea7n Th\u1ecb l\u00e0 nh\u00e0 cung c\u1ea5p g\u1ea1ch t\u00e1p b\u1edd l\u00f4 t\u1ea1i hu\u1ebf, ph\u1ee5c v\u1ee5 t\u1eadn ch\u00e2n c\u00f4ng tr\u00ecnh v\u1edbi gi\u00e1 r\u1ebb nh\u1ea5t th\u1ecb tr\u01b0\u1eddng Hu\u1ebf\",\"breadcrumb\":{\"@id\":\"https:\/\/tranthi.vn\/hanoi\/gia-gach-tap-bo-lo-hue\/#breadcrumb\"},\"inLanguage\":\"vi\",\"potentialAction\":[{\"@type\":\"ReadAction\",\"target\":[\"https:\/\/tranthi.vn\/hanoi\/gia-gach-tap-bo-lo-hue\/\"]}]},{\"@type\":\"ImageObject\",\"inLanguage\":\"vi\",\"@id\":\"https:\/\/tranthi.vn\/hanoi\/gia-gach-tap-bo-lo-hue\/#primaryimage\",\"url\":\"https:\/\/tranthi.vn\/hanoi\/wp-content\/uploads\/2021\/02\/Tap-Bo-Lo-Gia-Thap-Nhat-Thi-Truong-Hue.jpg\",\"contentUrl\":\"https:\/\/tranthi.vn\/hanoi\/wp-content\/uploads\/2021\/02\/Tap-Bo-Lo-Gia-Thap-Nhat-Thi-Truong-Hue.jpg\",\"width\":280,\"height\":280,\"caption\":\"T\u00e1p B\u1edd L\u00f4 Gi\u00e1 Th\u1ea5p Nh\u1ea5t Th\u1ecb Tr\u01b0\u1eddng Hu\u1ebf\"},{\"@type\":\"BreadcrumbList\",\"@id\":\"https:\/\/tranthi.vn\/hanoi\/gia-gach-tap-bo-lo-hue\/#breadcrumb\",\"itemListElement\":[{\"@type\":\"ListItem\",\"position\":1,\"name\":\"Trang ch\u1ee7\",\"item\":\"https:\/\/tranthi.vn\/hanoi\/\"},{\"@type\":\"ListItem\",\"position\":2,\"name\":\"Shop\",\"item\":\"https:\/\/tranthi.vn\/hanoi\/shop\/\"},{\"@type\":\"ListItem\",\"position\":3,\"name\":\"G\u1ea1ch b\u1edd l\u00f4\"}]},{\"@type\":\"WebSite\",\"@id\":\"https:\/\/tranthi.vn\/hanoi\/#website\",\"url\":\"https:\/\/tranthi.vn\/hanoi\/\",\"name\":\"V\u1eadt Li\u1ec7u X\u00e2y D\u1ef1ng Tr\u1ea7n Th\u1ecb Chi Nh\u00e1nh H\u00e0 N\u1ed9i\",\"description\":\"V\u1eadt Li\u1ec7u X\u00e2y D\u1ef1ng - H\u00e0 N\u1ed9i\",\"potentialAction\":[{\"@type\":\"SearchAction\",\"target\":{\"@type\":\"EntryPoint\",\"urlTemplate\":\"https:\/\/tranthi.vn\/hanoi\/?s={search_term_string}\"},\"query-input\":{\"@type\":\"PropertyValueSpecification\",\"valueRequired\":true,\"valueName\":\"search_term_string\"}}],\"inLanguage\":\"vi\"},{\"@type\":\"ImageObject\",\"inLanguage\":\"vi\",\"@id\":\"https:\/\/tranthi.vn\/hanoi\/gia-gach-tap-bo-lo-hue\/#local-main-organization-logo\",\"url\":\"\",\"contentUrl\":\"\",\"caption\":\"V\u1eadt Li\u1ec7u X\u00e2y D\u1ef1ng Tr\u1ea7n Th\u1ecb Chi Nh\u00e1nh H\u00e0 N\u1ed9i\"}]}<\/script>\n<meta property=\"product:price:amount\" content=\"4800\" \/>\n<meta property=\"product:price:currency\" content=\"VND\" \/>\n<meta property=\"og:availability\" content=\"instock\" \/>\n<meta property=\"product:availability\" content=\"instock\" \/>\n<meta property=\"product:condition\" content=\"new\" \/>\n<!-- \/ Yoast SEO Premium plugin. -->","yoast_head_json":{"title":"Gi\u00e1 g\u1ea1ch t\u00e1p b\u1edd l\u00f4 t\u1ea1i Hu\u1ebf - VLXD Tr\u1ea7n Th\u1ecb 0903.595.049","description":"Tr\u1ea7n Th\u1ecb l\u00e0 nh\u00e0 cung c\u1ea5p g\u1ea1ch t\u00e1p b\u1edd l\u00f4 t\u1ea1i hu\u1ebf, ph\u1ee5c v\u1ee5 t\u1eadn ch\u00e2n c\u00f4ng tr\u00ecnh v\u1edbi gi\u00e1 r\u1ebb nh\u1ea5t th\u1ecb tr\u01b0\u1eddng Hu\u1ebf","robots":{"index":"index","follow":"follow","max-snippet":"max-snippet:-1","max-image-preview":"max-image-preview:large","max-video-preview":"max-video-preview:-1"},"canonical":"https:\/\/tranthi.vn\/hanoi\/gia-gach-tap-bo-lo-hue\/","og_locale":"vi_VN","og_type":"article","og_title":"G\u1ea1ch b\u1edd l\u00f4","og_description":"Tr\u1ea7n Th\u1ecb l\u00e0 nh\u00e0 cung c\u1ea5p g\u1ea1ch t\u00e1p b\u1edd l\u00f4 t\u1ea1i hu\u1ebf, ph\u1ee5c v\u1ee5 t\u1eadn ch\u00e2n c\u00f4ng tr\u00ecnh v\u1edbi gi\u00e1 r\u1ebb nh\u1ea5t th\u1ecb tr\u01b0\u1eddng Hu\u1ebf","og_url":"https:\/\/tranthi.vn\/hanoi\/gia-gach-tap-bo-lo-hue\/","og_site_name":"V\u1eadt Li\u1ec7u X\u00e2y D\u1ef1ng Tr\u1ea7n Th\u1ecb Chi Nh\u00e1nh H\u00e0 N\u1ed9i","article_modified_time":"2022-04-07T07:33:31+00:00","og_image":[{"width":280,"height":280,"url":"https:\/\/tranthi.vn\/hanoi\/wp-content\/uploads\/2021\/02\/Tap-Bo-Lo-Gia-Thap-Nhat-Thi-Truong-Hue.jpg","type":"image\/jpeg"}],"twitter_card":"summary_large_image","twitter_misc":{"Gi\u00e1":"4,800&nbsp;&#8363;","Kh\u1ea3 d\u1ee5ng":"Trong kho"},"schema":{"@context":"https:\/\/schema.org","@graph":[{"@type":["WebPage","ItemPage"],"@id":"https:\/\/tranthi.vn\/hanoi\/gia-gach-tap-bo-lo-hue\/","url":"https:\/\/tranthi.vn\/hanoi\/gia-gach-tap-bo-lo-hue\/","name":"Gi\u00e1 g\u1ea1ch t\u00e1p b\u1edd l\u00f4 t\u1ea1i Hu\u1ebf - VLXD Tr\u1ea7n Th\u1ecb 0903.595.049","isPartOf":{"@id":"https:\/\/tranthi.vn\/hanoi\/#website"},"primaryImageOfPage":{"@id":"https:\/\/tranthi.vn\/hanoi\/gia-gach-tap-bo-lo-hue\/#primaryimage"},"image":{"@id":"https:\/\/tranthi.vn\/hanoi\/gia-gach-tap-bo-lo-hue\/#primaryimage"},"thumbnailUrl":"https:\/\/tranthi.vn\/hanoi\/wp-content\/uploads\/2021\/02\/Tap-Bo-Lo-Gia-Thap-Nhat-Thi-Truong-Hue.jpg","datePublished":"2021-02-18T13:30:06+00:00","dateModified":"2022-04-07T07:33:31+00:00","description":"Tr\u1ea7n Th\u1ecb l\u00e0 nh\u00e0 cung c\u1ea5p g\u1ea1ch t\u00e1p b\u1edd l\u00f4 t\u1ea1i hu\u1ebf, ph\u1ee5c v\u1ee5 t\u1eadn ch\u00e2n c\u00f4ng tr\u00ecnh v\u1edbi gi\u00e1 r\u1ebb nh\u1ea5t th\u1ecb tr\u01b0\u1eddng Hu\u1ebf","breadcrumb":{"@id":"https:\/\/tranthi.vn\/hanoi\/gia-gach-tap-bo-lo-hue\/#breadcrumb"},"inLanguage":"vi","potentialAction":[{"@type":"ReadAction","target":["https:\/\/tranthi.vn\/hanoi\/gia-gach-tap-bo-lo-hue\/"]}]},{"@type":"ImageObject","inLanguage":"vi","@id":"https:\/\/tranthi.vn\/hanoi\/gia-gach-tap-bo-lo-hue\/#primaryimage","url":"https:\/\/tranthi.vn\/hanoi\/wp-content\/uploads\/2021\/02\/Tap-Bo-Lo-Gia-Thap-Nhat-Thi-Truong-Hue.jpg","contentUrl":"https:\/\/tranthi.vn\/hanoi\/wp-content\/uploads\/2021\/02\/Tap-Bo-Lo-Gia-Thap-Nhat-Thi-Truong-Hue.jpg","width":280,"height":280,"caption":"T\u00e1p B\u1edd L\u00f4 Gi\u00e1 Th\u1ea5p Nh\u1ea5t Th\u1ecb Tr\u01b0\u1eddng Hu\u1ebf"},{"@type":"BreadcrumbList","@id":"https:\/\/tranthi.vn\/hanoi\/gia-gach-tap-bo-lo-hue\/#breadcrumb","itemListElement":[{"@type":"ListItem","position":1,"name":"Trang ch\u1ee7","item":"https:\/\/tranthi.vn\/hanoi\/"},{"@type":"ListItem","position":2,"name":"Shop","item":"https:\/\/tranthi.vn\/hanoi\/shop\/"},{"@type":"ListItem","position":3,"name":"G\u1ea1ch b\u1edd l\u00f4"}]},{"@type":"WebSite","@id":"https:\/\/tranthi.vn\/hanoi\/#website","url":"https:\/\/tranthi.vn\/hanoi\/","name":"V\u1eadt Li\u1ec7u X\u00e2y D\u1ef1ng Tr\u1ea7n Th\u1ecb Chi Nh\u00e1nh H\u00e0 N\u1ed9i","description":"V\u1eadt Li\u1ec7u X\u00e2y D\u1ef1ng - H\u00e0 N\u1ed9i","potentialAction":[{"@type":"SearchAction","target":{"@type":"EntryPoint","urlTemplate":"https:\/\/tranthi.vn\/hanoi\/?s={search_term_string}"},"query-input":{"@type":"PropertyValueSpecification","valueRequired":true,"valueName":"search_term_string"}}],"inLanguage":"vi"},{"@type":"ImageObject","inLanguage":"vi","@id":"https:\/\/tranthi.vn\/hanoi\/gia-gach-tap-bo-lo-hue\/#local-main-organization-logo","url":"","contentUrl":"","caption":"V\u1eadt Li\u1ec7u X\u00e2y D\u1ef1ng Tr\u1ea7n Th\u1ecb Chi Nh\u00e1nh H\u00e0 N\u1ed9i"}]},"product_price_amount":"4800","product_price_currency":"VND","og_availability":"instock","product_availability":"instock","product_condition":"new"},"_links":{"self":[{"href":"https:\/\/tranthi.vn\/hanoi\/wp-json\/wp\/v2\/product\/1546","targetHints":{"allow":["GET"]}}],"collection":[{"href":"https:\/\/tranthi.vn\/hanoi\/wp-json\/wp\/v2\/product"}],"about":[{"href":"https:\/\/tranthi.vn\/hanoi\/wp-json\/wp\/v2\/types\/product"}],"replies":[{"embeddable":true,"href":"https:\/\/tranthi.vn\/hanoi\/wp-json\/wp\/v2\/comments?post=1546"}],"wp:featuredmedia":[{"embeddable":true,"href":"https:\/\/tranthi.vn\/hanoi\/wp-json\/wp\/v2\/media\/4439"}],"wp:attachment":[{"href":"https:\/\/tranthi.vn\/hanoi\/wp-json\/wp\/v2\/media?parent=1546"}],"wp:term":[{"taxonomy":"product_cat","embeddable":true,"href":"https:\/\/tranthi.vn\/hanoi\/wp-json\/wp\/v2\/product_cat?post=1546"},{"taxonomy":"product_tag","embeddable":true,"href":"https:\/\/tranthi.vn\/hanoi\/wp-json\/wp\/v2\/product_tag?post=1546"}],"curies":[{"name":"wp","href":"https:\/\/api.w.org\/{rel}","templated":true}]}}