{"id":1470,"date":"2021-02-17T16:08:16","date_gmt":"2021-02-17T09:08:16","guid":{"rendered":"http:\/\/new-tranthi.test\/san-pham\/son-phu-ngoai-that-dulux-inspire-mau-nhat\/"},"modified":"2022-06-04T09:56:06","modified_gmt":"2022-06-04T02:56:06","slug":"son-phu-ngoai-that-dulux-inspire-mau-nhat","status":"publish","type":"product","link":"https:\/\/tranthi.vn\/hanoi\/son-phu-ngoai-that-dulux-inspire-mau-nhat\/","title":{"rendered":"Dulux Inspire &#8211; M\u00e0u Nh\u1ea1t 18l"},"content":{"rendered":"","protected":false},"excerpt":{"rendered":"<p><span style=\"font-family: 'times new roman', times, serif; font-size: 130%;\"><span style=\"color: #008000; font-size: 150%;\">\u2666<\/span>\u00a0B\u1ea3o h\u00e0nh 1 n\u0103m<\/span><\/p>\n<p><span style=\"font-family: 'times new roman', times, serif; font-size: 130%;\"><span style=\"color: #008000; font-size: 150%;\">\u2666<\/span>\u00a0\u0110\u01a1n v\u1ecb t\u00ednh: Th\u00f9ng 18 L\u00edt<\/span><\/p>\n<p><span style=\"font-family: 'times new roman', times, serif; font-size: 130%;\"><span style=\"color: #008000; font-size: 150%;\">\u2666<\/span>\u00a0 \u0110\u01a1n gi\u00e1 <span style=\"color: #666699;\"><em><strong><a style=\"color: #666699;\" href=\"https:\/\/tranthi.vn\/hanoi\/son-phu-ngoai-that-dulux-inspire-mau-nhat\">S\u01a1n ph\u1ee7 ngo\u1ea1i th\u1ea5t Dulux Inspire &#8211; m\u00e0u nh\u1ea1t<\/a><\/strong><\/em><\/span><\/span><\/p>\n<p><span style=\"font-family: 'times new roman', times, serif; font-size: 130%;\">\u00a0 \u00a0<span style=\"color: #ff0000;\"> + Tr\u1eafng tinh: 1.620.000\/18 l\u00edt<\/span><\/span><\/p>\n<p><span style=\"font-family: 'times new roman', times, serif; font-size: 130%;\"><span style=\"color: #ff0000;\">\u00a0 \u00a0 + Base A : 1.599.000\/18 l\u00edt<\/span><\/span><\/p>\n<p><span style=\"font-family: 'times new roman', times, serif; font-size: 130%;\"><strong><span style=\"color: #008000; font-size: 150%;\">\u2666<\/span>\u00a0<\/strong>Mi\u1ec5n ph\u00ed Ship t\u1eeb 2 \u0111\u01a1n v\u1ecb tr\u1edf l\u00ean ho\u1eb7c trong Tp Hu\u1ebf<\/span><\/p>\n<p><span style=\"font-family: 'times new roman', times, serif; font-size: 130%;\"><strong><span style=\"color: #008000; font-size: 150%;\">\u2666 <\/span><\/strong>Vui l\u00f2ng b\u00e1o s\u1ed1 l\u01b0\u1ee3ng \u0111\u1ec3 \u0111\u01b0\u1ee3c \u00e1p gi\u00e1 ch\u00ednh x\u00e1c nh\u1ea5t<\/span><\/p>\n<p>&nbsp;<\/p>\n<p><span style=\"font-family: 'times new roman', times, serif; font-size: 130%;\"><strong><span style=\"color: #008000; font-size: 150%;\">\u00a0<\/span><\/strong><\/span><\/p>\n<p>&nbsp;<\/p>\n<p>&nbsp;<\/p>\n","protected":false},"featured_media":4379,"comment_status":"open","ping_status":"closed","template":"","meta":[],"product_cat":[139,146,150],"product_tag":[585],"class_list":{"0":"post-1470","1":"product","2":"type-product","3":"status-publish","4":"has-post-thumbnail","6":"product_cat-son","7":"product_cat-gia-son-dulux-tai-da-nang","8":"product_cat-son-phu-ngoai-that-dulux","9":"product_tag-son-ngoai-that-dulux-inspire-tai-hue","11":"first","12":"instock","13":"sale","14":"shipping-taxable","15":"purchasable","16":"product-type-simple"},"yoast_head":"<!-- This site is optimized with the Yoast SEO Premium plugin v22.3 (Yoast SEO v23.7) - https:\/\/yoast.com\/wordpress\/plugins\/seo\/ -->\n<title>Gi\u00e1 s\u01a1n ph\u1ee7 ngo\u1ea1i th\u1ea5t Dulux Inspire t\u1ea1i \u0110\u00e0 N\u1eb5ng -0903.595.049<\/title>\n<meta name=\"description\" content=\"Tr\u1ea7n Th\u1ecb \u0111\u1ea1i l\u00fd s\u01a1n ph\u1ee7 ngo\u1ea1i th\u1ea5t Dulux Inspire t\u1ea1i \u0110\u00e0 N\u1eb5ng, chuy\u00ean c\u0169ng c\u1ea5p v\u1eadt li\u1ec7u x\u00e2y d\u1ef1ng gi\u00e1 r\u1ebb nh\u1ea5t \u0110\u00e0 N\u1eb5ng. \u0110\u1ecba ch\u1ec9 : 204 L\u00ea V\u0103n Hi\u1ebfn\" \/>\n<meta name=\"robots\" content=\"index, follow, max-snippet:-1, max-image-preview:large, max-video-preview:-1\" \/>\n<link rel=\"canonical\" href=\"https:\/\/tranthi.vn\/hanoi\/son-phu-ngoai-that-dulux-inspire-mau-nhat\/\" \/>\n<meta property=\"og:locale\" content=\"vi_VN\" \/>\n<meta property=\"og:type\" content=\"article\" \/>\n<meta property=\"og:title\" content=\"Dulux Inspire - M\u00e0u Nh\u1ea1t 18l\" \/>\n<meta property=\"og:description\" content=\"Tr\u1ea7n Th\u1ecb \u0111\u1ea1i l\u00fd s\u01a1n ph\u1ee7 ngo\u1ea1i th\u1ea5t Dulux Inspire t\u1ea1i \u0110\u00e0 N\u1eb5ng, chuy\u00ean c\u0169ng c\u1ea5p v\u1eadt li\u1ec7u x\u00e2y d\u1ef1ng gi\u00e1 r\u1ebb nh\u1ea5t \u0110\u00e0 N\u1eb5ng. \u0110\u1ecba ch\u1ec9 : 204 L\u00ea V\u0103n Hi\u1ebfn\" \/>\n<meta property=\"og:url\" content=\"https:\/\/tranthi.vn\/hanoi\/son-phu-ngoai-that-dulux-inspire-mau-nhat\/\" \/>\n<meta property=\"og:site_name\" content=\"V\u1eadt Li\u1ec7u X\u00e2y D\u1ef1ng Tr\u1ea7n Th\u1ecb Chi Nh\u00e1nh H\u00e0 N\u1ed9i\" \/>\n<meta property=\"article:modified_time\" content=\"2022-06-04T02:56:06+00:00\" \/>\n<meta property=\"og:image\" content=\"https:\/\/tranthi.vn\/hanoi\/wp-content\/uploads\/2021\/02\/son-ngoai-that-dulux-inspire-tai-Hue.jpg\" \/>\n\t<meta property=\"og:image:width\" content=\"400\" \/>\n\t<meta property=\"og:image:height\" content=\"400\" \/>\n\t<meta property=\"og:image:type\" content=\"image\/jpeg\" \/>\n<meta name=\"twitter:card\" content=\"summary_large_image\" \/>\n<meta name=\"twitter:label1\" content=\"Gi\u00e1\" \/>\n\t<meta name=\"twitter:data1\" content=\"1,599,000&nbsp;&#8363;\" \/>\n\t<meta name=\"twitter:label2\" content=\"Kh\u1ea3 d\u1ee5ng\" \/>\n\t<meta name=\"twitter:data2\" content=\"Trong kho\" \/>\n<script type=\"application\/ld+json\" class=\"yoast-schema-graph\">{\"@context\":\"https:\/\/schema.org\",\"@graph\":[{\"@type\":[\"WebPage\",\"ItemPage\"],\"@id\":\"https:\/\/tranthi.vn\/hanoi\/son-phu-ngoai-that-dulux-inspire-mau-nhat\/\",\"url\":\"https:\/\/tranthi.vn\/hanoi\/son-phu-ngoai-that-dulux-inspire-mau-nhat\/\",\"name\":\"Gi\u00e1 s\u01a1n ph\u1ee7 ngo\u1ea1i th\u1ea5t Dulux Inspire t\u1ea1i \u0110\u00e0 N\u1eb5ng -0903.595.049\",\"isPartOf\":{\"@id\":\"https:\/\/tranthi.vn\/hanoi\/#website\"},\"primaryImageOfPage\":{\"@id\":\"https:\/\/tranthi.vn\/hanoi\/son-phu-ngoai-that-dulux-inspire-mau-nhat\/#primaryimage\"},\"image\":{\"@id\":\"https:\/\/tranthi.vn\/hanoi\/son-phu-ngoai-that-dulux-inspire-mau-nhat\/#primaryimage\"},\"thumbnailUrl\":\"https:\/\/tranthi.vn\/hanoi\/wp-content\/uploads\/2021\/02\/son-ngoai-that-dulux-inspire-tai-Hue.jpg\",\"datePublished\":\"2021-02-17T09:08:16+00:00\",\"dateModified\":\"2022-06-04T02:56:06+00:00\",\"description\":\"Tr\u1ea7n Th\u1ecb \u0111\u1ea1i l\u00fd s\u01a1n ph\u1ee7 ngo\u1ea1i th\u1ea5t Dulux Inspire t\u1ea1i \u0110\u00e0 N\u1eb5ng, chuy\u00ean c\u0169ng c\u1ea5p v\u1eadt li\u1ec7u x\u00e2y d\u1ef1ng gi\u00e1 r\u1ebb nh\u1ea5t \u0110\u00e0 N\u1eb5ng. \u0110\u1ecba ch\u1ec9 : 204 L\u00ea V\u0103n Hi\u1ebfn\",\"breadcrumb\":{\"@id\":\"https:\/\/tranthi.vn\/hanoi\/son-phu-ngoai-that-dulux-inspire-mau-nhat\/#breadcrumb\"},\"inLanguage\":\"vi\",\"potentialAction\":[{\"@type\":\"ReadAction\",\"target\":[\"https:\/\/tranthi.vn\/hanoi\/son-phu-ngoai-that-dulux-inspire-mau-nhat\/\"]}]},{\"@type\":\"ImageObject\",\"inLanguage\":\"vi\",\"@id\":\"https:\/\/tranthi.vn\/hanoi\/son-phu-ngoai-that-dulux-inspire-mau-nhat\/#primaryimage\",\"url\":\"https:\/\/tranthi.vn\/hanoi\/wp-content\/uploads\/2021\/02\/son-ngoai-that-dulux-inspire-tai-Hue.jpg\",\"contentUrl\":\"https:\/\/tranthi.vn\/hanoi\/wp-content\/uploads\/2021\/02\/son-ngoai-that-dulux-inspire-tai-Hue.jpg\",\"width\":400,\"height\":400,\"caption\":\"son-ngoai-that-dulux-inspire-tai-Hue\"},{\"@type\":\"BreadcrumbList\",\"@id\":\"https:\/\/tranthi.vn\/hanoi\/son-phu-ngoai-that-dulux-inspire-mau-nhat\/#breadcrumb\",\"itemListElement\":[{\"@type\":\"ListItem\",\"position\":1,\"name\":\"Trang ch\u1ee7\",\"item\":\"https:\/\/tranthi.vn\/hanoi\/\"},{\"@type\":\"ListItem\",\"position\":2,\"name\":\"Shop\",\"item\":\"https:\/\/tranthi.vn\/hanoi\/shop\/\"},{\"@type\":\"ListItem\",\"position\":3,\"name\":\"Dulux Inspire &#8211; M\u00e0u Nh\u1ea1t 18l\"}]},{\"@type\":\"WebSite\",\"@id\":\"https:\/\/tranthi.vn\/hanoi\/#website\",\"url\":\"https:\/\/tranthi.vn\/hanoi\/\",\"name\":\"V\u1eadt Li\u1ec7u X\u00e2y D\u1ef1ng Tr\u1ea7n Th\u1ecb Chi Nh\u00e1nh H\u00e0 N\u1ed9i\",\"description\":\"V\u1eadt Li\u1ec7u X\u00e2y D\u1ef1ng - H\u00e0 N\u1ed9i\",\"potentialAction\":[{\"@type\":\"SearchAction\",\"target\":{\"@type\":\"EntryPoint\",\"urlTemplate\":\"https:\/\/tranthi.vn\/hanoi\/?s={search_term_string}\"},\"query-input\":{\"@type\":\"PropertyValueSpecification\",\"valueRequired\":true,\"valueName\":\"search_term_string\"}}],\"inLanguage\":\"vi\"},{\"@type\":\"ImageObject\",\"inLanguage\":\"vi\",\"@id\":\"https:\/\/tranthi.vn\/hanoi\/son-phu-ngoai-that-dulux-inspire-mau-nhat\/#local-main-organization-logo\",\"url\":\"\",\"contentUrl\":\"\",\"caption\":\"V\u1eadt Li\u1ec7u X\u00e2y D\u1ef1ng Tr\u1ea7n Th\u1ecb Chi Nh\u00e1nh H\u00e0 N\u1ed9i\"}]}<\/script>\n<meta property=\"product:price:amount\" content=\"1599000\" \/>\n<meta property=\"product:price:currency\" content=\"VND\" \/>\n<meta property=\"og:availability\" content=\"instock\" \/>\n<meta property=\"product:availability\" content=\"instock\" \/>\n<meta property=\"product:condition\" content=\"new\" \/>\n<!-- \/ Yoast SEO Premium plugin. -->","yoast_head_json":{"title":"Gi\u00e1 s\u01a1n ph\u1ee7 ngo\u1ea1i th\u1ea5t Dulux Inspire t\u1ea1i \u0110\u00e0 N\u1eb5ng -0903.595.049","description":"Tr\u1ea7n Th\u1ecb \u0111\u1ea1i l\u00fd s\u01a1n ph\u1ee7 ngo\u1ea1i th\u1ea5t Dulux Inspire t\u1ea1i \u0110\u00e0 N\u1eb5ng, chuy\u00ean c\u0169ng c\u1ea5p v\u1eadt li\u1ec7u x\u00e2y d\u1ef1ng gi\u00e1 r\u1ebb nh\u1ea5t \u0110\u00e0 N\u1eb5ng. \u0110\u1ecba ch\u1ec9 : 204 L\u00ea V\u0103n Hi\u1ebfn","robots":{"index":"index","follow":"follow","max-snippet":"max-snippet:-1","max-image-preview":"max-image-preview:large","max-video-preview":"max-video-preview:-1"},"canonical":"https:\/\/tranthi.vn\/hanoi\/son-phu-ngoai-that-dulux-inspire-mau-nhat\/","og_locale":"vi_VN","og_type":"article","og_title":"Dulux Inspire - M\u00e0u Nh\u1ea1t 18l","og_description":"Tr\u1ea7n Th\u1ecb \u0111\u1ea1i l\u00fd s\u01a1n ph\u1ee7 ngo\u1ea1i th\u1ea5t Dulux Inspire t\u1ea1i \u0110\u00e0 N\u1eb5ng, chuy\u00ean c\u0169ng c\u1ea5p v\u1eadt li\u1ec7u x\u00e2y d\u1ef1ng gi\u00e1 r\u1ebb nh\u1ea5t \u0110\u00e0 N\u1eb5ng. \u0110\u1ecba ch\u1ec9 : 204 L\u00ea V\u0103n Hi\u1ebfn","og_url":"https:\/\/tranthi.vn\/hanoi\/son-phu-ngoai-that-dulux-inspire-mau-nhat\/","og_site_name":"V\u1eadt Li\u1ec7u X\u00e2y D\u1ef1ng Tr\u1ea7n Th\u1ecb Chi Nh\u00e1nh H\u00e0 N\u1ed9i","article_modified_time":"2022-06-04T02:56:06+00:00","og_image":[{"width":400,"height":400,"url":"https:\/\/tranthi.vn\/hanoi\/wp-content\/uploads\/2021\/02\/son-ngoai-that-dulux-inspire-tai-Hue.jpg","type":"image\/jpeg"}],"twitter_card":"summary_large_image","twitter_misc":{"Gi\u00e1":"1,599,000&nbsp;&#8363;","Kh\u1ea3 d\u1ee5ng":"Trong kho"},"schema":{"@context":"https:\/\/schema.org","@graph":[{"@type":["WebPage","ItemPage"],"@id":"https:\/\/tranthi.vn\/hanoi\/son-phu-ngoai-that-dulux-inspire-mau-nhat\/","url":"https:\/\/tranthi.vn\/hanoi\/son-phu-ngoai-that-dulux-inspire-mau-nhat\/","name":"Gi\u00e1 s\u01a1n ph\u1ee7 ngo\u1ea1i th\u1ea5t Dulux Inspire t\u1ea1i \u0110\u00e0 N\u1eb5ng -0903.595.049","isPartOf":{"@id":"https:\/\/tranthi.vn\/hanoi\/#website"},"primaryImageOfPage":{"@id":"https:\/\/tranthi.vn\/hanoi\/son-phu-ngoai-that-dulux-inspire-mau-nhat\/#primaryimage"},"image":{"@id":"https:\/\/tranthi.vn\/hanoi\/son-phu-ngoai-that-dulux-inspire-mau-nhat\/#primaryimage"},"thumbnailUrl":"https:\/\/tranthi.vn\/hanoi\/wp-content\/uploads\/2021\/02\/son-ngoai-that-dulux-inspire-tai-Hue.jpg","datePublished":"2021-02-17T09:08:16+00:00","dateModified":"2022-06-04T02:56:06+00:00","description":"Tr\u1ea7n Th\u1ecb \u0111\u1ea1i l\u00fd s\u01a1n ph\u1ee7 ngo\u1ea1i th\u1ea5t Dulux Inspire t\u1ea1i \u0110\u00e0 N\u1eb5ng, chuy\u00ean c\u0169ng c\u1ea5p v\u1eadt li\u1ec7u x\u00e2y d\u1ef1ng gi\u00e1 r\u1ebb nh\u1ea5t \u0110\u00e0 N\u1eb5ng. \u0110\u1ecba ch\u1ec9 : 204 L\u00ea V\u0103n Hi\u1ebfn","breadcrumb":{"@id":"https:\/\/tranthi.vn\/hanoi\/son-phu-ngoai-that-dulux-inspire-mau-nhat\/#breadcrumb"},"inLanguage":"vi","potentialAction":[{"@type":"ReadAction","target":["https:\/\/tranthi.vn\/hanoi\/son-phu-ngoai-that-dulux-inspire-mau-nhat\/"]}]},{"@type":"ImageObject","inLanguage":"vi","@id":"https:\/\/tranthi.vn\/hanoi\/son-phu-ngoai-that-dulux-inspire-mau-nhat\/#primaryimage","url":"https:\/\/tranthi.vn\/hanoi\/wp-content\/uploads\/2021\/02\/son-ngoai-that-dulux-inspire-tai-Hue.jpg","contentUrl":"https:\/\/tranthi.vn\/hanoi\/wp-content\/uploads\/2021\/02\/son-ngoai-that-dulux-inspire-tai-Hue.jpg","width":400,"height":400,"caption":"son-ngoai-that-dulux-inspire-tai-Hue"},{"@type":"BreadcrumbList","@id":"https:\/\/tranthi.vn\/hanoi\/son-phu-ngoai-that-dulux-inspire-mau-nhat\/#breadcrumb","itemListElement":[{"@type":"ListItem","position":1,"name":"Trang ch\u1ee7","item":"https:\/\/tranthi.vn\/hanoi\/"},{"@type":"ListItem","position":2,"name":"Shop","item":"https:\/\/tranthi.vn\/hanoi\/shop\/"},{"@type":"ListItem","position":3,"name":"Dulux Inspire &#8211; M\u00e0u Nh\u1ea1t 18l"}]},{"@type":"WebSite","@id":"https:\/\/tranthi.vn\/hanoi\/#website","url":"https:\/\/tranthi.vn\/hanoi\/","name":"V\u1eadt Li\u1ec7u X\u00e2y D\u1ef1ng Tr\u1ea7n Th\u1ecb Chi Nh\u00e1nh H\u00e0 N\u1ed9i","description":"V\u1eadt Li\u1ec7u X\u00e2y D\u1ef1ng - H\u00e0 N\u1ed9i","potentialAction":[{"@type":"SearchAction","target":{"@type":"EntryPoint","urlTemplate":"https:\/\/tranthi.vn\/hanoi\/?s={search_term_string}"},"query-input":{"@type":"PropertyValueSpecification","valueRequired":true,"valueName":"search_term_string"}}],"inLanguage":"vi"},{"@type":"ImageObject","inLanguage":"vi","@id":"https:\/\/tranthi.vn\/hanoi\/son-phu-ngoai-that-dulux-inspire-mau-nhat\/#local-main-organization-logo","url":"","contentUrl":"","caption":"V\u1eadt Li\u1ec7u X\u00e2y D\u1ef1ng Tr\u1ea7n Th\u1ecb Chi Nh\u00e1nh H\u00e0 N\u1ed9i"}]},"product_price_amount":"1599000","product_price_currency":"VND","og_availability":"instock","product_availability":"instock","product_condition":"new"},"_links":{"self":[{"href":"https:\/\/tranthi.vn\/hanoi\/wp-json\/wp\/v2\/product\/1470","targetHints":{"allow":["GET"]}}],"collection":[{"href":"https:\/\/tranthi.vn\/hanoi\/wp-json\/wp\/v2\/product"}],"about":[{"href":"https:\/\/tranthi.vn\/hanoi\/wp-json\/wp\/v2\/types\/product"}],"replies":[{"embeddable":true,"href":"https:\/\/tranthi.vn\/hanoi\/wp-json\/wp\/v2\/comments?post=1470"}],"wp:featuredmedia":[{"embeddable":true,"href":"https:\/\/tranthi.vn\/hanoi\/wp-json\/wp\/v2\/media\/4379"}],"wp:attachment":[{"href":"https:\/\/tranthi.vn\/hanoi\/wp-json\/wp\/v2\/media?parent=1470"}],"wp:term":[{"taxonomy":"product_cat","embeddable":true,"href":"https:\/\/tranthi.vn\/hanoi\/wp-json\/wp\/v2\/product_cat?post=1470"},{"taxonomy":"product_tag","embeddable":true,"href":"https:\/\/tranthi.vn\/hanoi\/wp-json\/wp\/v2\/product_tag?post=1470"}],"curies":[{"name":"wp","href":"https:\/\/api.w.org\/{rel}","templated":true}]}}