{"id":1466,"date":"2021-02-17T16:08:04","date_gmt":"2021-02-17T09:08:04","guid":{"rendered":"http:\/\/new-tranthi.test\/san-pham\/bot-tret-tuong-dulux-bao-40kg-2\/"},"modified":"2022-06-04T16:31:26","modified_gmt":"2022-06-04T09:31:26","slug":"bot-tret-tuong-dulux-bao-40kg-2","status":"publish","type":"product","link":"https:\/\/tranthi.vn\/hanoi\/bot-tret-tuong-dulux-bao-40kg-2\/","title":{"rendered":"B\u1ed9t Tr\u00e9t T\u01b0\u1eddng Dulux-Bao 40kg"},"content":{"rendered":"","protected":false},"excerpt":{"rendered":"<p><span style=\"font-family: 'times new roman', times, serif; font-size: 130%;\"><span style=\"color: #ff9900; font-size: 150%;\">\u2666 <\/span><span style=\"color: #282828;\">B\u1ea3o h\u00e0nh 1 n\u0103m<\/span><\/span><\/p>\n<p><span style=\"font-family: 'times new roman', times, serif; font-size: 130%;\"><span style=\"color: #ff9900; font-size: 150%;\">\u2666 <\/span><span style=\"color: #282828;\">\u0110\u01a1n v\u1ecb t\u00ednh: Bao 40 Kg<\/span><\/span><\/p>\n<p><span style=\"font-family: 'times new roman', times, serif; font-size: 130%;\"> <span style=\"color: #ff9900; font-size: 150%;\">\u2666 <\/span><span style=\"color: #282828;\">\u0110\u01a1n gi\u00e1\u00a0<\/span> <span style=\"color: #008000;\"><a style=\"color: #008000;\" href=\"https:\/\/tranthi.vn\/hanoi\/?post_type=product&amp;p=2767&amp;preview=true\"><b><i> B\u1ed9t tr\u00e9t t\u01b0\u1eddng Dulux ngo\u1ea1i th\u1ea5t <\/i><\/b><\/a>\u00a0<\/span><\/span><\/p>\n<p><span style=\"font-family: 'times new roman', times, serif; font-size: 130%;\">\u00a0 \u00a0 <span style=\"color: #282828;\">\u00a0Bao 40 Kg:\u00a0 \u21d2 <em><strong><span style=\"color: #ff0000;\">515.000\u0111<\/span><\/strong><\/em><\/span><\/span><\/p>\n<p><span style=\"font-family: 'times new roman', times, serif; font-size: 130%;\"><span style=\"color: #ff9900; font-size: 150%;\">\u2666 <\/span><span style=\"color: #282828;\">Mi\u1ec5n ph\u00ed ship trong Tp Hu\u1ebf Ho\u1eb7c t\u1eeb 2 \u0111\u01a1n v\u1ecb tr\u1edf l\u00ean<\/span><\/span><\/p>\n","protected":false},"featured_media":4389,"comment_status":"open","ping_status":"closed","template":"","meta":[],"product_cat":[147,139,146],"product_tag":[593],"class_list":{"0":"post-1466","1":"product","2":"type-product","3":"status-publish","4":"has-post-thumbnail","6":"product_cat-bot-tret-dulux","7":"product_cat-son","8":"product_cat-gia-son-dulux-tai-da-nang","9":"product_tag-bot-tit-noi-that-dulux-gia-si-hue","11":"first","12":"instock","13":"sale","14":"shipping-taxable","15":"purchasable","16":"product-type-simple"},"yoast_head":"<!-- This site is optimized with the Yoast SEO Premium plugin v22.3 (Yoast SEO v23.7) - https:\/\/yoast.com\/wordpress\/plugins\/seo\/ -->\n<title>Gi\u00e1 b\u1ed9t tr\u00e9t t\u01b0\u1eddng Dulux t\u1ea1i \u0110\u00e0 N\u1eb5ng - 0903595049<\/title>\n<meta name=\"description\" content=\"Tr\u1ea7n Th\u1ecb - \u0111\u1ea1i l\u00fd chuy\u00ean c\u0169ng c\u1ea5p b\u1ed9t tr\u00e9t t\u01b0\u1eddng n\u1ed9i th\u1ea5t - ngo\u1ea1i th\u1ea5t Dulux t\u1ea1i \u0110\u00e0 N\u1eb5ng , ph\u1ee5c v\u1ee5 t\u1eadn ch\u00e2n c\u00f4ng tr\u00ecnh v\u1edbi gi\u1ea3 r\u1ebb nh\u1ea5t \u0110\u00e0 n\u1eb5ng\" \/>\n<meta name=\"robots\" content=\"index, follow, max-snippet:-1, max-image-preview:large, max-video-preview:-1\" \/>\n<link rel=\"canonical\" href=\"https:\/\/tranthi.vn\/hanoi\/bot-tret-tuong-dulux-bao-40kg-2\/\" \/>\n<meta property=\"og:locale\" content=\"vi_VN\" \/>\n<meta property=\"og:type\" content=\"article\" \/>\n<meta property=\"og:title\" content=\"B\u1ed9t Tr\u00e9t T\u01b0\u1eddng Dulux-Bao 40kg\" \/>\n<meta property=\"og:description\" content=\"Tr\u1ea7n Th\u1ecb - \u0111\u1ea1i l\u00fd chuy\u00ean c\u0169ng c\u1ea5p b\u1ed9t tr\u00e9t t\u01b0\u1eddng n\u1ed9i th\u1ea5t - ngo\u1ea1i th\u1ea5t Dulux t\u1ea1i \u0110\u00e0 N\u1eb5ng , ph\u1ee5c v\u1ee5 t\u1eadn ch\u00e2n c\u00f4ng tr\u00ecnh v\u1edbi gi\u1ea3 r\u1ebb nh\u1ea5t \u0110\u00e0 n\u1eb5ng\" \/>\n<meta property=\"og:url\" content=\"https:\/\/tranthi.vn\/hanoi\/bot-tret-tuong-dulux-bao-40kg-2\/\" \/>\n<meta property=\"og:site_name\" content=\"V\u1eadt Li\u1ec7u X\u00e2y D\u1ef1ng Tr\u1ea7n Th\u1ecb Chi Nh\u00e1nh H\u00e0 N\u1ed9i\" \/>\n<meta property=\"article:modified_time\" content=\"2022-06-04T09:31:26+00:00\" \/>\n<meta property=\"og:image\" content=\"https:\/\/tranthi.vn\/hanoi\/wp-content\/uploads\/2021\/02\/bot-tit-noi-that-dulux-gia-si-hue.jpg\" \/>\n\t<meta property=\"og:image:width\" content=\"300\" \/>\n\t<meta property=\"og:image:height\" content=\"300\" \/>\n\t<meta property=\"og:image:type\" content=\"image\/jpeg\" \/>\n<meta name=\"twitter:card\" content=\"summary_large_image\" \/>\n<meta name=\"twitter:label1\" content=\"Gi\u00e1\" \/>\n\t<meta name=\"twitter:data1\" content=\"515,000&nbsp;&#8363;\" \/>\n\t<meta name=\"twitter:label2\" content=\"Kh\u1ea3 d\u1ee5ng\" \/>\n\t<meta name=\"twitter:data2\" content=\"Trong kho\" \/>\n<script type=\"application\/ld+json\" class=\"yoast-schema-graph\">{\"@context\":\"https:\/\/schema.org\",\"@graph\":[{\"@type\":[\"WebPage\",\"ItemPage\"],\"@id\":\"https:\/\/tranthi.vn\/hanoi\/bot-tret-tuong-dulux-bao-40kg-2\/\",\"url\":\"https:\/\/tranthi.vn\/hanoi\/bot-tret-tuong-dulux-bao-40kg-2\/\",\"name\":\"Gi\u00e1 b\u1ed9t tr\u00e9t t\u01b0\u1eddng Dulux t\u1ea1i \u0110\u00e0 N\u1eb5ng - 0903595049\",\"isPartOf\":{\"@id\":\"https:\/\/tranthi.vn\/hanoi\/#website\"},\"primaryImageOfPage\":{\"@id\":\"https:\/\/tranthi.vn\/hanoi\/bot-tret-tuong-dulux-bao-40kg-2\/#primaryimage\"},\"image\":{\"@id\":\"https:\/\/tranthi.vn\/hanoi\/bot-tret-tuong-dulux-bao-40kg-2\/#primaryimage\"},\"thumbnailUrl\":\"https:\/\/tranthi.vn\/hanoi\/wp-content\/uploads\/2021\/02\/bot-tit-noi-that-dulux-gia-si-hue.jpg\",\"datePublished\":\"2021-02-17T09:08:04+00:00\",\"dateModified\":\"2022-06-04T09:31:26+00:00\",\"description\":\"Tr\u1ea7n Th\u1ecb - \u0111\u1ea1i l\u00fd chuy\u00ean c\u0169ng c\u1ea5p b\u1ed9t tr\u00e9t t\u01b0\u1eddng n\u1ed9i th\u1ea5t - ngo\u1ea1i th\u1ea5t Dulux t\u1ea1i \u0110\u00e0 N\u1eb5ng , ph\u1ee5c v\u1ee5 t\u1eadn ch\u00e2n c\u00f4ng tr\u00ecnh v\u1edbi gi\u1ea3 r\u1ebb nh\u1ea5t \u0110\u00e0 n\u1eb5ng\",\"breadcrumb\":{\"@id\":\"https:\/\/tranthi.vn\/hanoi\/bot-tret-tuong-dulux-bao-40kg-2\/#breadcrumb\"},\"inLanguage\":\"vi\",\"potentialAction\":[{\"@type\":\"ReadAction\",\"target\":[\"https:\/\/tranthi.vn\/hanoi\/bot-tret-tuong-dulux-bao-40kg-2\/\"]}]},{\"@type\":\"ImageObject\",\"inLanguage\":\"vi\",\"@id\":\"https:\/\/tranthi.vn\/hanoi\/bot-tret-tuong-dulux-bao-40kg-2\/#primaryimage\",\"url\":\"https:\/\/tranthi.vn\/hanoi\/wp-content\/uploads\/2021\/02\/bot-tit-noi-that-dulux-gia-si-hue.jpg\",\"contentUrl\":\"https:\/\/tranthi.vn\/hanoi\/wp-content\/uploads\/2021\/02\/bot-tit-noi-that-dulux-gia-si-hue.jpg\",\"width\":300,\"height\":300,\"caption\":\"bot-tit-noi-that-dulux-gia-si-hue\"},{\"@type\":\"BreadcrumbList\",\"@id\":\"https:\/\/tranthi.vn\/hanoi\/bot-tret-tuong-dulux-bao-40kg-2\/#breadcrumb\",\"itemListElement\":[{\"@type\":\"ListItem\",\"position\":1,\"name\":\"Trang ch\u1ee7\",\"item\":\"https:\/\/tranthi.vn\/hanoi\/\"},{\"@type\":\"ListItem\",\"position\":2,\"name\":\"Shop\",\"item\":\"https:\/\/tranthi.vn\/hanoi\/shop\/\"},{\"@type\":\"ListItem\",\"position\":3,\"name\":\"B\u1ed9t Tr\u00e9t T\u01b0\u1eddng Dulux-Bao 40kg\"}]},{\"@type\":\"WebSite\",\"@id\":\"https:\/\/tranthi.vn\/hanoi\/#website\",\"url\":\"https:\/\/tranthi.vn\/hanoi\/\",\"name\":\"V\u1eadt Li\u1ec7u X\u00e2y D\u1ef1ng Tr\u1ea7n Th\u1ecb Chi Nh\u00e1nh H\u00e0 N\u1ed9i\",\"description\":\"V\u1eadt Li\u1ec7u X\u00e2y D\u1ef1ng - H\u00e0 N\u1ed9i\",\"potentialAction\":[{\"@type\":\"SearchAction\",\"target\":{\"@type\":\"EntryPoint\",\"urlTemplate\":\"https:\/\/tranthi.vn\/hanoi\/?s={search_term_string}\"},\"query-input\":{\"@type\":\"PropertyValueSpecification\",\"valueRequired\":true,\"valueName\":\"search_term_string\"}}],\"inLanguage\":\"vi\"},{\"@type\":\"ImageObject\",\"inLanguage\":\"vi\",\"@id\":\"https:\/\/tranthi.vn\/hanoi\/bot-tret-tuong-dulux-bao-40kg-2\/#local-main-organization-logo\",\"url\":\"\",\"contentUrl\":\"\",\"caption\":\"V\u1eadt Li\u1ec7u X\u00e2y D\u1ef1ng Tr\u1ea7n Th\u1ecb Chi Nh\u00e1nh H\u00e0 N\u1ed9i\"}]}<\/script>\n<meta property=\"product:price:amount\" content=\"515000\" \/>\n<meta property=\"product:price:currency\" content=\"VND\" \/>\n<meta property=\"og:availability\" content=\"instock\" \/>\n<meta property=\"product:availability\" content=\"instock\" \/>\n<meta property=\"product:condition\" content=\"new\" \/>\n<!-- \/ Yoast SEO Premium plugin. -->","yoast_head_json":{"title":"Gi\u00e1 b\u1ed9t tr\u00e9t t\u01b0\u1eddng Dulux t\u1ea1i \u0110\u00e0 N\u1eb5ng - 0903595049","description":"Tr\u1ea7n Th\u1ecb - \u0111\u1ea1i l\u00fd chuy\u00ean c\u0169ng c\u1ea5p b\u1ed9t tr\u00e9t t\u01b0\u1eddng n\u1ed9i th\u1ea5t - ngo\u1ea1i th\u1ea5t Dulux t\u1ea1i \u0110\u00e0 N\u1eb5ng , ph\u1ee5c v\u1ee5 t\u1eadn ch\u00e2n c\u00f4ng tr\u00ecnh v\u1edbi gi\u1ea3 r\u1ebb nh\u1ea5t \u0110\u00e0 n\u1eb5ng","robots":{"index":"index","follow":"follow","max-snippet":"max-snippet:-1","max-image-preview":"max-image-preview:large","max-video-preview":"max-video-preview:-1"},"canonical":"https:\/\/tranthi.vn\/hanoi\/bot-tret-tuong-dulux-bao-40kg-2\/","og_locale":"vi_VN","og_type":"article","og_title":"B\u1ed9t Tr\u00e9t T\u01b0\u1eddng Dulux-Bao 40kg","og_description":"Tr\u1ea7n Th\u1ecb - \u0111\u1ea1i l\u00fd chuy\u00ean c\u0169ng c\u1ea5p b\u1ed9t tr\u00e9t t\u01b0\u1eddng n\u1ed9i th\u1ea5t - ngo\u1ea1i th\u1ea5t Dulux t\u1ea1i \u0110\u00e0 N\u1eb5ng , ph\u1ee5c v\u1ee5 t\u1eadn ch\u00e2n c\u00f4ng tr\u00ecnh v\u1edbi gi\u1ea3 r\u1ebb nh\u1ea5t \u0110\u00e0 n\u1eb5ng","og_url":"https:\/\/tranthi.vn\/hanoi\/bot-tret-tuong-dulux-bao-40kg-2\/","og_site_name":"V\u1eadt Li\u1ec7u X\u00e2y D\u1ef1ng Tr\u1ea7n Th\u1ecb Chi Nh\u00e1nh H\u00e0 N\u1ed9i","article_modified_time":"2022-06-04T09:31:26+00:00","og_image":[{"width":300,"height":300,"url":"https:\/\/tranthi.vn\/hanoi\/wp-content\/uploads\/2021\/02\/bot-tit-noi-that-dulux-gia-si-hue.jpg","type":"image\/jpeg"}],"twitter_card":"summary_large_image","twitter_misc":{"Gi\u00e1":"515,000&nbsp;&#8363;","Kh\u1ea3 d\u1ee5ng":"Trong kho"},"schema":{"@context":"https:\/\/schema.org","@graph":[{"@type":["WebPage","ItemPage"],"@id":"https:\/\/tranthi.vn\/hanoi\/bot-tret-tuong-dulux-bao-40kg-2\/","url":"https:\/\/tranthi.vn\/hanoi\/bot-tret-tuong-dulux-bao-40kg-2\/","name":"Gi\u00e1 b\u1ed9t tr\u00e9t t\u01b0\u1eddng Dulux t\u1ea1i \u0110\u00e0 N\u1eb5ng - 0903595049","isPartOf":{"@id":"https:\/\/tranthi.vn\/hanoi\/#website"},"primaryImageOfPage":{"@id":"https:\/\/tranthi.vn\/hanoi\/bot-tret-tuong-dulux-bao-40kg-2\/#primaryimage"},"image":{"@id":"https:\/\/tranthi.vn\/hanoi\/bot-tret-tuong-dulux-bao-40kg-2\/#primaryimage"},"thumbnailUrl":"https:\/\/tranthi.vn\/hanoi\/wp-content\/uploads\/2021\/02\/bot-tit-noi-that-dulux-gia-si-hue.jpg","datePublished":"2021-02-17T09:08:04+00:00","dateModified":"2022-06-04T09:31:26+00:00","description":"Tr\u1ea7n Th\u1ecb - \u0111\u1ea1i l\u00fd chuy\u00ean c\u0169ng c\u1ea5p b\u1ed9t tr\u00e9t t\u01b0\u1eddng n\u1ed9i th\u1ea5t - ngo\u1ea1i th\u1ea5t Dulux t\u1ea1i \u0110\u00e0 N\u1eb5ng , ph\u1ee5c v\u1ee5 t\u1eadn ch\u00e2n c\u00f4ng tr\u00ecnh v\u1edbi gi\u1ea3 r\u1ebb nh\u1ea5t \u0110\u00e0 n\u1eb5ng","breadcrumb":{"@id":"https:\/\/tranthi.vn\/hanoi\/bot-tret-tuong-dulux-bao-40kg-2\/#breadcrumb"},"inLanguage":"vi","potentialAction":[{"@type":"ReadAction","target":["https:\/\/tranthi.vn\/hanoi\/bot-tret-tuong-dulux-bao-40kg-2\/"]}]},{"@type":"ImageObject","inLanguage":"vi","@id":"https:\/\/tranthi.vn\/hanoi\/bot-tret-tuong-dulux-bao-40kg-2\/#primaryimage","url":"https:\/\/tranthi.vn\/hanoi\/wp-content\/uploads\/2021\/02\/bot-tit-noi-that-dulux-gia-si-hue.jpg","contentUrl":"https:\/\/tranthi.vn\/hanoi\/wp-content\/uploads\/2021\/02\/bot-tit-noi-that-dulux-gia-si-hue.jpg","width":300,"height":300,"caption":"bot-tit-noi-that-dulux-gia-si-hue"},{"@type":"BreadcrumbList","@id":"https:\/\/tranthi.vn\/hanoi\/bot-tret-tuong-dulux-bao-40kg-2\/#breadcrumb","itemListElement":[{"@type":"ListItem","position":1,"name":"Trang ch\u1ee7","item":"https:\/\/tranthi.vn\/hanoi\/"},{"@type":"ListItem","position":2,"name":"Shop","item":"https:\/\/tranthi.vn\/hanoi\/shop\/"},{"@type":"ListItem","position":3,"name":"B\u1ed9t Tr\u00e9t T\u01b0\u1eddng Dulux-Bao 40kg"}]},{"@type":"WebSite","@id":"https:\/\/tranthi.vn\/hanoi\/#website","url":"https:\/\/tranthi.vn\/hanoi\/","name":"V\u1eadt Li\u1ec7u X\u00e2y D\u1ef1ng Tr\u1ea7n Th\u1ecb Chi Nh\u00e1nh H\u00e0 N\u1ed9i","description":"V\u1eadt Li\u1ec7u X\u00e2y D\u1ef1ng - H\u00e0 N\u1ed9i","potentialAction":[{"@type":"SearchAction","target":{"@type":"EntryPoint","urlTemplate":"https:\/\/tranthi.vn\/hanoi\/?s={search_term_string}"},"query-input":{"@type":"PropertyValueSpecification","valueRequired":true,"valueName":"search_term_string"}}],"inLanguage":"vi"},{"@type":"ImageObject","inLanguage":"vi","@id":"https:\/\/tranthi.vn\/hanoi\/bot-tret-tuong-dulux-bao-40kg-2\/#local-main-organization-logo","url":"","contentUrl":"","caption":"V\u1eadt Li\u1ec7u X\u00e2y D\u1ef1ng Tr\u1ea7n Th\u1ecb Chi Nh\u00e1nh H\u00e0 N\u1ed9i"}]},"product_price_amount":"515000","product_price_currency":"VND","og_availability":"instock","product_availability":"instock","product_condition":"new"},"_links":{"self":[{"href":"https:\/\/tranthi.vn\/hanoi\/wp-json\/wp\/v2\/product\/1466","targetHints":{"allow":["GET"]}}],"collection":[{"href":"https:\/\/tranthi.vn\/hanoi\/wp-json\/wp\/v2\/product"}],"about":[{"href":"https:\/\/tranthi.vn\/hanoi\/wp-json\/wp\/v2\/types\/product"}],"replies":[{"embeddable":true,"href":"https:\/\/tranthi.vn\/hanoi\/wp-json\/wp\/v2\/comments?post=1466"}],"wp:featuredmedia":[{"embeddable":true,"href":"https:\/\/tranthi.vn\/hanoi\/wp-json\/wp\/v2\/media\/4389"}],"wp:attachment":[{"href":"https:\/\/tranthi.vn\/hanoi\/wp-json\/wp\/v2\/media?parent=1466"}],"wp:term":[{"taxonomy":"product_cat","embeddable":true,"href":"https:\/\/tranthi.vn\/hanoi\/wp-json\/wp\/v2\/product_cat?post=1466"},{"taxonomy":"product_tag","embeddable":true,"href":"https:\/\/tranthi.vn\/hanoi\/wp-json\/wp\/v2\/product_tag?post=1466"}],"curies":[{"name":"wp","href":"https:\/\/api.w.org\/{rel}","templated":true}]}}