{"id":1095,"date":"2021-02-17T07:32:26","date_gmt":"2021-02-17T00:32:26","guid":{"rendered":"http:\/\/new-tranthi.test\/san-pham\/guong-tron-day-da-treo-tuong-gb03\/"},"modified":"2022-03-30T15:52:55","modified_gmt":"2022-03-30T08:52:55","slug":"guong-tron-day-da-treo-tuong-gb03","status":"publish","type":"product","link":"https:\/\/tranthi.vn\/hanoi\/guong-tron-day-da-treo-tuong-gb03\/","title":{"rendered":"G\u01b0\u01a1ng Tr\u00f2n D\u00e2y Da Treo T\u01b0\u1eddng GB03"},"content":{"rendered":"","protected":false},"excerpt":{"rendered":"<p><span style=\"font-family: 'times new roman', times, serif; font-size: 130%;\"><span style=\"color: #000000;\"><strong><span style=\"font-family: 'times new roman', times, serif;\"><img decoding=\"async\" class=\"emoji\" draggable=\"false\" src=\"https:\/\/s.w.org\/images\/core\/emoji\/12.0.0-1\/svg\/1f61b.svg\" alt=\"\ud83d\ude1b\" \/> <\/span>Th\u00f4ng tin chi ti\u1ebft:<\/strong><\/span><\/span><\/p>\n<p><span style=\"font-family: 'times new roman', times, serif; font-size: 130%; color: #000000;\">\u2013\u00a0 \u0110\u01b0\u1eddng k\u00ednh: 400 &#8211; gi\u00e1: <span style=\"color: #ff0000;\"><strong>550.000<\/strong><\/span><\/span><\/p>\n<p><span style=\"font-family: 'times new roman', times, serif; font-size: 130%; color: #000000;\">\u2013\u00a0 \u0110\u01b0\u1eddng k\u00ednh: 500 &#8211; gi\u00e1: <span style=\"color: #ff0000;\"><strong>670.000<\/strong><\/span><\/span><\/p>\n<p><span style=\"font-family: 'times new roman', times, serif; font-size: 130%; color: #000000;\">\u2013\u00a0 \u0110\u01b0\u1eddng k\u00ednh: 600 &#8211; gi\u00e1: <strong><span style=\"color: #ff0000;\">770.000<\/span><\/strong><\/span><\/p>\n<p><span style=\"font-family: 'times new roman', times, serif; font-size: 130%; color: #000000;\">\u2013\u00a0 M\u00e0u d\u00e2y da: \u0111en, n\u00e2u, da b\u00f2\u00a0<\/span><\/p>\n<p><span style=\"font-family: 'times new roman', times, serif; font-size: 130%; color: #000000;\">( <em>D\u00e2y vi\u1ec1n th\u1eebng 20.000<\/em>)<\/span><\/p>\n<div class=\"product-short-description\">\n<p><span style=\"font-family: 'times new roman', times, serif; font-size: 130%;\"><img decoding=\"async\" class=\"emoji\" draggable=\"false\" src=\"https:\/\/s.w.org\/images\/core\/emoji\/12.0.0-1\/svg\/1f61b.svg\" alt=\"\ud83d\ude1b\" \/><strong>\u00a0B\u1ea3o h\u00e0nh 1 n\u0103m<\/strong><\/span><\/p>\n<p><span style=\"font-family: 'times new roman', times, serif; font-size: 130%;\"><strong><img decoding=\"async\" class=\"emoji\" draggable=\"false\" src=\"https:\/\/s.w.org\/images\/core\/emoji\/12.0.0-1\/svg\/1f61b.svg\" alt=\"\ud83d\ude1b\" \/>\u00a0Nh\u1eadn thi\u1ebft k\u1ebf theo y\u00eau c\u1ea7u<\/strong><\/span><\/p>\n<p><span style=\"font-family: 'times new roman', times, serif; font-size: 130%;\"><strong><img decoding=\"async\" class=\"emoji\" draggable=\"false\" src=\"https:\/\/s.w.org\/images\/core\/emoji\/12.0.0-1\/svg\/1f61b.svg\" alt=\"\ud83d\ude1b\" \/>\u00a0Mi\u1ec5n ph\u00ed v\u1eadn chuy\u1ec3n t\u1eeb 2 \u0111\u01a1n v\u1ecb tr\u1edf l\u00ean v\u00e0 trong Tp Hu\u1ebf<\/strong><\/span><\/p>\n<\/div>\n<form class=\"cart\" action=\"https:\/\/tranthi.vn\/hanoi\/guong-day-da-treo-tuong-cn001\/\" enctype=\"multipart\/form-data\" method=\"post\">\n<div class=\"quantity buttons_added\"><\/div>\n<\/form>\n","protected":false},"featured_media":4238,"comment_status":"open","ping_status":"closed","template":"","meta":[],"product_cat":[281,183,179],"product_tag":[496],"class_list":{"0":"post-1095","1":"product","2":"type-product","3":"status-publish","4":"has-post-thumbnail","6":"product_cat-guong-day-da","7":"product_cat-guong-phong-tam","8":"product_cat-thiet-bi-ve-sinh-da-nang","9":"product_tag-guong-tron-day-da-treo-tuong-tot-hue","11":"first","12":"instock","13":"sale","14":"shipping-taxable","15":"purchasable","16":"product-type-simple"},"yoast_head":"<!-- This site is optimized with the Yoast SEO Premium plugin v22.3 (Yoast SEO v23.7) - https:\/\/yoast.com\/wordpress\/plugins\/seo\/ -->\n<title>G\u01b0\u01a1ng Tr\u00f2n D\u00e2y Da Treo T\u01b0\u1eddng GB03 - V\u1eadt Li\u1ec7u X\u00e2y D\u1ef1ng Tr\u1ea7n Th\u1ecb Chi Nh\u00e1nh H\u00e0 N\u1ed9i<\/title>\n<meta name=\"robots\" content=\"index, follow, max-snippet:-1, max-image-preview:large, max-video-preview:-1\" \/>\n<link rel=\"canonical\" href=\"https:\/\/tranthi.vn\/hanoi\/guong-tron-day-da-treo-tuong-gb03\/\" \/>\n<meta property=\"og:locale\" content=\"vi_VN\" \/>\n<meta property=\"og:type\" content=\"article\" \/>\n<meta property=\"og:title\" content=\"G\u01b0\u01a1ng Tr\u00f2n D\u00e2y Da Treo T\u01b0\u1eddng GB03\" \/>\n<meta property=\"og:description\" content=\"Th\u00f4ng tin chi ti\u1ebft:  \u2013\u00a0 \u0110\u01b0\u1eddng k\u00ednh: 400 - gi\u00e1: 550.000  \u2013\u00a0 \u0110\u01b0\u1eddng k\u00ednh: 500 - gi\u00e1: 670.000  \u2013\u00a0 \u0110\u01b0\u1eddng k\u00ednh: 600 - gi\u00e1: 770.000  \u2013\u00a0 M\u00e0u d\u00e2y da: \u0111en, n\u00e2u, da b\u00f2\u00a0  ( D\u00e2y vi\u1ec1n th\u1eebng 20.000)   \u00a0B\u1ea3o h\u00e0nh 1 n\u0103m  \u00a0Nh\u1eadn thi\u1ebft k\u1ebf theo y\u00eau c\u1ea7u  \u00a0Mi\u1ec5n ph\u00ed v\u1eadn chuy\u1ec3n t\u1eeb 2 \u0111\u01a1n v\u1ecb tr\u1edf l\u00ean v\u00e0 trong Tp Hu\u1ebf\" \/>\n<meta property=\"og:url\" content=\"https:\/\/tranthi.vn\/hanoi\/guong-tron-day-da-treo-tuong-gb03\/\" \/>\n<meta property=\"og:site_name\" content=\"V\u1eadt Li\u1ec7u X\u00e2y D\u1ef1ng Tr\u1ea7n Th\u1ecb Chi Nh\u00e1nh H\u00e0 N\u1ed9i\" \/>\n<meta property=\"article:modified_time\" content=\"2022-03-30T08:52:55+00:00\" \/>\n<meta property=\"og:image\" content=\"https:\/\/tranthi.vn\/hanoi\/wp-content\/uploads\/2021\/02\/guong-tron-day-da-treo-tuong-tot-hue.jpg\" \/>\n\t<meta property=\"og:image:width\" content=\"512\" \/>\n\t<meta property=\"og:image:height\" content=\"512\" \/>\n\t<meta property=\"og:image:type\" content=\"image\/jpeg\" \/>\n<meta name=\"twitter:card\" content=\"summary_large_image\" \/>\n<meta name=\"twitter:label1\" content=\"Gi\u00e1\" \/>\n\t<meta name=\"twitter:data1\" content=\"550,000&nbsp;&#8363;\" \/>\n\t<meta name=\"twitter:label2\" content=\"Kh\u1ea3 d\u1ee5ng\" \/>\n\t<meta name=\"twitter:data2\" content=\"Trong kho\" \/>\n<script type=\"application\/ld+json\" class=\"yoast-schema-graph\">{\"@context\":\"https:\/\/schema.org\",\"@graph\":[{\"@type\":[\"WebPage\",\"ItemPage\"],\"@id\":\"https:\/\/tranthi.vn\/hanoi\/guong-tron-day-da-treo-tuong-gb03\/\",\"url\":\"https:\/\/tranthi.vn\/hanoi\/guong-tron-day-da-treo-tuong-gb03\/\",\"name\":\"G\u01b0\u01a1ng Tr\u00f2n D\u00e2y Da Treo T\u01b0\u1eddng GB03 - V\u1eadt Li\u1ec7u X\u00e2y D\u1ef1ng Tr\u1ea7n Th\u1ecb Chi Nh\u00e1nh H\u00e0 N\u1ed9i\",\"isPartOf\":{\"@id\":\"https:\/\/tranthi.vn\/hanoi\/#website\"},\"primaryImageOfPage\":{\"@id\":\"https:\/\/tranthi.vn\/hanoi\/guong-tron-day-da-treo-tuong-gb03\/#primaryimage\"},\"image\":{\"@id\":\"https:\/\/tranthi.vn\/hanoi\/guong-tron-day-da-treo-tuong-gb03\/#primaryimage\"},\"thumbnailUrl\":\"https:\/\/tranthi.vn\/hanoi\/wp-content\/uploads\/2021\/02\/guong-tron-day-da-treo-tuong-tot-hue.jpg\",\"datePublished\":\"2021-02-17T00:32:26+00:00\",\"dateModified\":\"2022-03-30T08:52:55+00:00\",\"breadcrumb\":{\"@id\":\"https:\/\/tranthi.vn\/hanoi\/guong-tron-day-da-treo-tuong-gb03\/#breadcrumb\"},\"inLanguage\":\"vi\",\"potentialAction\":[{\"@type\":\"ReadAction\",\"target\":[\"https:\/\/tranthi.vn\/hanoi\/guong-tron-day-da-treo-tuong-gb03\/\"]}]},{\"@type\":\"ImageObject\",\"inLanguage\":\"vi\",\"@id\":\"https:\/\/tranthi.vn\/hanoi\/guong-tron-day-da-treo-tuong-gb03\/#primaryimage\",\"url\":\"https:\/\/tranthi.vn\/hanoi\/wp-content\/uploads\/2021\/02\/guong-tron-day-da-treo-tuong-tot-hue.jpg\",\"contentUrl\":\"https:\/\/tranthi.vn\/hanoi\/wp-content\/uploads\/2021\/02\/guong-tron-day-da-treo-tuong-tot-hue.jpg\",\"width\":512,\"height\":512,\"caption\":\"guong-tron-day-da-treo-tuong-tot-hue\"},{\"@type\":\"BreadcrumbList\",\"@id\":\"https:\/\/tranthi.vn\/hanoi\/guong-tron-day-da-treo-tuong-gb03\/#breadcrumb\",\"itemListElement\":[{\"@type\":\"ListItem\",\"position\":1,\"name\":\"Trang ch\u1ee7\",\"item\":\"https:\/\/tranthi.vn\/hanoi\/\"},{\"@type\":\"ListItem\",\"position\":2,\"name\":\"Shop\",\"item\":\"https:\/\/tranthi.vn\/hanoi\/shop\/\"},{\"@type\":\"ListItem\",\"position\":3,\"name\":\"G\u01b0\u01a1ng Tr\u00f2n D\u00e2y Da Treo T\u01b0\u1eddng GB03\"}]},{\"@type\":\"WebSite\",\"@id\":\"https:\/\/tranthi.vn\/hanoi\/#website\",\"url\":\"https:\/\/tranthi.vn\/hanoi\/\",\"name\":\"V\u1eadt Li\u1ec7u X\u00e2y D\u1ef1ng Tr\u1ea7n Th\u1ecb Chi Nh\u00e1nh H\u00e0 N\u1ed9i\",\"description\":\"V\u1eadt Li\u1ec7u X\u00e2y D\u1ef1ng - H\u00e0 N\u1ed9i\",\"potentialAction\":[{\"@type\":\"SearchAction\",\"target\":{\"@type\":\"EntryPoint\",\"urlTemplate\":\"https:\/\/tranthi.vn\/hanoi\/?s={search_term_string}\"},\"query-input\":{\"@type\":\"PropertyValueSpecification\",\"valueRequired\":true,\"valueName\":\"search_term_string\"}}],\"inLanguage\":\"vi\"},{\"@type\":\"ImageObject\",\"inLanguage\":\"vi\",\"@id\":\"https:\/\/tranthi.vn\/hanoi\/guong-tron-day-da-treo-tuong-gb03\/#local-main-organization-logo\",\"url\":\"\",\"contentUrl\":\"\",\"caption\":\"V\u1eadt Li\u1ec7u X\u00e2y D\u1ef1ng Tr\u1ea7n Th\u1ecb Chi Nh\u00e1nh H\u00e0 N\u1ed9i\"}]}<\/script>\n<meta property=\"product:price:amount\" content=\"550000\" \/>\n<meta property=\"product:price:currency\" content=\"VND\" \/>\n<meta property=\"og:availability\" content=\"instock\" \/>\n<meta property=\"product:availability\" content=\"instock\" \/>\n<meta property=\"product:condition\" content=\"new\" \/>\n<!-- \/ Yoast SEO Premium plugin. -->","yoast_head_json":{"title":"G\u01b0\u01a1ng Tr\u00f2n D\u00e2y Da Treo T\u01b0\u1eddng GB03 - V\u1eadt Li\u1ec7u X\u00e2y D\u1ef1ng Tr\u1ea7n Th\u1ecb Chi Nh\u00e1nh H\u00e0 N\u1ed9i","robots":{"index":"index","follow":"follow","max-snippet":"max-snippet:-1","max-image-preview":"max-image-preview:large","max-video-preview":"max-video-preview:-1"},"canonical":"https:\/\/tranthi.vn\/hanoi\/guong-tron-day-da-treo-tuong-gb03\/","og_locale":"vi_VN","og_type":"article","og_title":"G\u01b0\u01a1ng Tr\u00f2n D\u00e2y Da Treo T\u01b0\u1eddng GB03","og_description":"Th\u00f4ng tin chi ti\u1ebft:  \u2013\u00a0 \u0110\u01b0\u1eddng k\u00ednh: 400 - gi\u00e1: 550.000  \u2013\u00a0 \u0110\u01b0\u1eddng k\u00ednh: 500 - gi\u00e1: 670.000  \u2013\u00a0 \u0110\u01b0\u1eddng k\u00ednh: 600 - gi\u00e1: 770.000  \u2013\u00a0 M\u00e0u d\u00e2y da: \u0111en, n\u00e2u, da b\u00f2\u00a0  ( D\u00e2y vi\u1ec1n th\u1eebng 20.000)   \u00a0B\u1ea3o h\u00e0nh 1 n\u0103m  \u00a0Nh\u1eadn thi\u1ebft k\u1ebf theo y\u00eau c\u1ea7u  \u00a0Mi\u1ec5n ph\u00ed v\u1eadn chuy\u1ec3n t\u1eeb 2 \u0111\u01a1n v\u1ecb tr\u1edf l\u00ean v\u00e0 trong Tp Hu\u1ebf","og_url":"https:\/\/tranthi.vn\/hanoi\/guong-tron-day-da-treo-tuong-gb03\/","og_site_name":"V\u1eadt Li\u1ec7u X\u00e2y D\u1ef1ng Tr\u1ea7n Th\u1ecb Chi Nh\u00e1nh H\u00e0 N\u1ed9i","article_modified_time":"2022-03-30T08:52:55+00:00","og_image":[{"width":512,"height":512,"url":"https:\/\/tranthi.vn\/hanoi\/wp-content\/uploads\/2021\/02\/guong-tron-day-da-treo-tuong-tot-hue.jpg","type":"image\/jpeg"}],"twitter_card":"summary_large_image","twitter_misc":{"Gi\u00e1":"550,000&nbsp;&#8363;","Kh\u1ea3 d\u1ee5ng":"Trong kho"},"schema":{"@context":"https:\/\/schema.org","@graph":[{"@type":["WebPage","ItemPage"],"@id":"https:\/\/tranthi.vn\/hanoi\/guong-tron-day-da-treo-tuong-gb03\/","url":"https:\/\/tranthi.vn\/hanoi\/guong-tron-day-da-treo-tuong-gb03\/","name":"G\u01b0\u01a1ng Tr\u00f2n D\u00e2y Da Treo T\u01b0\u1eddng GB03 - V\u1eadt Li\u1ec7u X\u00e2y D\u1ef1ng Tr\u1ea7n Th\u1ecb Chi Nh\u00e1nh H\u00e0 N\u1ed9i","isPartOf":{"@id":"https:\/\/tranthi.vn\/hanoi\/#website"},"primaryImageOfPage":{"@id":"https:\/\/tranthi.vn\/hanoi\/guong-tron-day-da-treo-tuong-gb03\/#primaryimage"},"image":{"@id":"https:\/\/tranthi.vn\/hanoi\/guong-tron-day-da-treo-tuong-gb03\/#primaryimage"},"thumbnailUrl":"https:\/\/tranthi.vn\/hanoi\/wp-content\/uploads\/2021\/02\/guong-tron-day-da-treo-tuong-tot-hue.jpg","datePublished":"2021-02-17T00:32:26+00:00","dateModified":"2022-03-30T08:52:55+00:00","breadcrumb":{"@id":"https:\/\/tranthi.vn\/hanoi\/guong-tron-day-da-treo-tuong-gb03\/#breadcrumb"},"inLanguage":"vi","potentialAction":[{"@type":"ReadAction","target":["https:\/\/tranthi.vn\/hanoi\/guong-tron-day-da-treo-tuong-gb03\/"]}]},{"@type":"ImageObject","inLanguage":"vi","@id":"https:\/\/tranthi.vn\/hanoi\/guong-tron-day-da-treo-tuong-gb03\/#primaryimage","url":"https:\/\/tranthi.vn\/hanoi\/wp-content\/uploads\/2021\/02\/guong-tron-day-da-treo-tuong-tot-hue.jpg","contentUrl":"https:\/\/tranthi.vn\/hanoi\/wp-content\/uploads\/2021\/02\/guong-tron-day-da-treo-tuong-tot-hue.jpg","width":512,"height":512,"caption":"guong-tron-day-da-treo-tuong-tot-hue"},{"@type":"BreadcrumbList","@id":"https:\/\/tranthi.vn\/hanoi\/guong-tron-day-da-treo-tuong-gb03\/#breadcrumb","itemListElement":[{"@type":"ListItem","position":1,"name":"Trang ch\u1ee7","item":"https:\/\/tranthi.vn\/hanoi\/"},{"@type":"ListItem","position":2,"name":"Shop","item":"https:\/\/tranthi.vn\/hanoi\/shop\/"},{"@type":"ListItem","position":3,"name":"G\u01b0\u01a1ng Tr\u00f2n D\u00e2y Da Treo T\u01b0\u1eddng GB03"}]},{"@type":"WebSite","@id":"https:\/\/tranthi.vn\/hanoi\/#website","url":"https:\/\/tranthi.vn\/hanoi\/","name":"V\u1eadt Li\u1ec7u X\u00e2y D\u1ef1ng Tr\u1ea7n Th\u1ecb Chi Nh\u00e1nh H\u00e0 N\u1ed9i","description":"V\u1eadt Li\u1ec7u X\u00e2y D\u1ef1ng - H\u00e0 N\u1ed9i","potentialAction":[{"@type":"SearchAction","target":{"@type":"EntryPoint","urlTemplate":"https:\/\/tranthi.vn\/hanoi\/?s={search_term_string}"},"query-input":{"@type":"PropertyValueSpecification","valueRequired":true,"valueName":"search_term_string"}}],"inLanguage":"vi"},{"@type":"ImageObject","inLanguage":"vi","@id":"https:\/\/tranthi.vn\/hanoi\/guong-tron-day-da-treo-tuong-gb03\/#local-main-organization-logo","url":"","contentUrl":"","caption":"V\u1eadt Li\u1ec7u X\u00e2y D\u1ef1ng Tr\u1ea7n Th\u1ecb Chi Nh\u00e1nh H\u00e0 N\u1ed9i"}]},"product_price_amount":"550000","product_price_currency":"VND","og_availability":"instock","product_availability":"instock","product_condition":"new"},"_links":{"self":[{"href":"https:\/\/tranthi.vn\/hanoi\/wp-json\/wp\/v2\/product\/1095","targetHints":{"allow":["GET"]}}],"collection":[{"href":"https:\/\/tranthi.vn\/hanoi\/wp-json\/wp\/v2\/product"}],"about":[{"href":"https:\/\/tranthi.vn\/hanoi\/wp-json\/wp\/v2\/types\/product"}],"replies":[{"embeddable":true,"href":"https:\/\/tranthi.vn\/hanoi\/wp-json\/wp\/v2\/comments?post=1095"}],"wp:featuredmedia":[{"embeddable":true,"href":"https:\/\/tranthi.vn\/hanoi\/wp-json\/wp\/v2\/media\/4238"}],"wp:attachment":[{"href":"https:\/\/tranthi.vn\/hanoi\/wp-json\/wp\/v2\/media?parent=1095"}],"wp:term":[{"taxonomy":"product_cat","embeddable":true,"href":"https:\/\/tranthi.vn\/hanoi\/wp-json\/wp\/v2\/product_cat?post=1095"},{"taxonomy":"product_tag","embeddable":true,"href":"https:\/\/tranthi.vn\/hanoi\/wp-json\/wp\/v2\/product_tag?post=1095"}],"curies":[{"name":"wp","href":"https:\/\/api.w.org\/{rel}","templated":true}]}}