{"id":822,"date":"2021-02-16T16:01:45","date_gmt":"2021-02-16T09:01:45","guid":{"rendered":"http:\/\/new-tranthi.test\/san-pham\/cat-duc\/"},"modified":"2024-07-27T16:44:05","modified_gmt":"2024-07-27T09:44:05","slug":"gia-cat-duc-hoi-an-tam-ky-quang-nam","status":"publish","type":"product","link":"https:\/\/tranthi.vn\/binhdinh\/gia-cat-duc-hoi-an-tam-ky-quang-nam\/","title":{"rendered":"C\u00e1t \u0110\u00fac"},"content":{"rendered":"<h1 style=\"text-align: center;\"><span style=\"color: #ff0000;\"><strong><span style=\"font-family: 'times new roman', times, serif; font-size: 24pt;\">C\u00c1T \u0110\u00daC<\/span><\/strong><\/span><\/h1>\n<p><span style=\"font-family: 'times new roman', times, serif; font-size: 18pt; color: #000000;\"><em><strong>C\u00e1t \u0111\u00fac<\/strong> <\/em>l\u00e0 m\u1ed9t th\u00e0nh ph\u1ea7n kh\u00f4ng th\u1ec3 thi\u1ebfu trong x\u00e2y d\u1ef1ng, k\u1ebft h\u1ee3p v\u1edbi \u0111\u00e1 1 x2 v\u00e0 xi m\u0103ng t\u1ea1o ra h\u1ed7n h\u1ee3p b\u00ea t\u00f4ng \u0111\u1ec3 \u0111\u00fac n\u00ean tr\u1ee5, s\u00e0n, d\u1ea7m, m\u00f3ng cho ng\u00f4i nh\u00e0. <em>C\u00e1t \u0111\u00fac<\/em> s\u1ea1ch, kh\u00f4ng l\u1eabn c\u00e1c t\u1ea1p ch\u1ea5t nh\u01b0 b\u00f9n, v\u1ecf c\u00e2y, v\u1ecf s\u00f2 th\u00ec m\u1edbi t\u1ea1o n\u00ean h\u1ed7n h\u1ee3p b\u00ea t\u00f4ng ch\u1ea5t l\u01b0\u1ee3ng . T\u1ea1i <a href=\"https:\/\/vi.wikipedia.org\/wiki\/Qu%E1%BA%A3ng_Nam\"><em>Qu\u1ea3ng Nam<\/em><\/a>\u00a0<em><strong>gi\u00e1 c\u00e1t \u0111\u00fac<\/strong><\/em> t\u01b0\u01a1ng \u0111\u1ed1i \u1ed5n \u0111\u1ecbnh v\u00e0 ph\u1ea3i ch\u0103ng. Tuy nhi\u00ean \u0111\u1ec3 \u0111\u1ea3m b\u1ea3o m\u1ed9t c\u00f4ng tr\u00ecnh t\u1ed1t n\u00ean l\u1ef1a ch\u1ecdn nh\u1eefng n\u01a1i c\u0169ng c\u1ea5p c\u00e1t ch\u1ea5t l\u01b0\u1ee3ng, kh\u00f4ng l\u1eabn c\u00e1c t\u1ea1p ch\u1ea5t nh\u01b0 b\u00f9n,r\u1ec5 c\u00e2y ho\u1eb7c nhi\u1ec5m m\u1eb7n<\/span><\/p>\n<h2><span style=\"font-family: 'times new roman', times, serif; font-size: 18pt; color: #ff0000;\"><strong>1. <em>GI\u00c1 \u0110\u00daC T\u1ea0I QU\u1ea2NG NAM<\/em><\/strong><\/span><\/h2>\n<p><span style=\"font-family: 'times new roman', times, serif; font-size: 18pt; color: #000000;\"><a href=\"https:\/\/vi.wikipedia.org\/wiki\/C%C3%A1t\"><strong>C\u00e1t \u0111\u00fac<\/strong><\/a> th\u01b0\u1eddng \u0111\u01b0\u1ee3c d\u00f9ng l\u00e0m t\u00f4 t\u01b0\u1eddng, <strong>\u0111\u00fac<\/strong> tr\u1ee5. Th\u01b0\u1eddng d\u00f9ng cho nh\u1eefng c\u00f4ng tr\u00ecnh d\u00e2n d\u1ee5ng v\u00e0 c\u00f4ng nghi\u1ec7p nh\u01b0 nh\u00e0 cao t\u1ea7ng, bi\u1ec7t th\u1ef1, c\u1ea7u c\u1ea3ng&#8230;<\/span><\/p>\n<p><span style=\"font-family: 'times new roman', times, serif; font-size: 18pt; color: #000000;\">Gi\u00e1 c\u00e1t \u0111\u00fac t\u1ea1i <strong><em>Qu\u1ea3ng Nam<\/em><\/strong>\u00a0ph\u1ee5 thu\u1ed9c v\u00e0o nhi\u1ec1u y\u1ebfu t\u1ed1. V\u00e0 t\u00f9y v\u00e0o t\u1eebng nhu c\u1ea7u s\u1eed d\u1ee5ng c\u1ee7a c\u00f4ng tr\u00ecnh s\u1ebd c\u00f3 nh\u1eefng lo\u1ea1i <strong>c\u00e1t<\/strong> kh\u00e1c nhau v\u00e0 m\u1ee9c gi\u00e1 kh\u00e1c nhau<\/span><\/p>\n<h3><span style=\"font-family: 'times new roman', times, serif; font-size: 18pt; color: #ff0000;\"><strong><img loading=\"lazy\" decoding=\"async\" class=\"size-full wp-image-6301 aligncenter\" src=\"http:\/\/tranthi.vn\/quangnam\/wp-content\/uploads\/2019\/03\/c\u00e1t-t\u00f4-300x300.jpg\" alt=\"\" width=\"300\" height=\"300\" \/><\/strong><\/span><\/h3>\n<h3><span style=\"font-family: 'times new roman', times, serif; font-size: 18pt; color: #ff0000;\"><strong>2. C\u00c1CH T\u00cdNH TH\u00d9NG XE QUY RA KH\u1ed0I <em>C\u00c1T<\/em><\/strong><\/span><\/h3>\n<p><span style=\"font-family: 'times new roman', times, serif; font-size: 18pt; color: #000000;\">C\u00e1c b\u1ea1n ti\u1ebfn h\u00e0nh \u0111o \u0111o chi\u1ec1u cao, chi\u1ec1u d\u00e0i v\u00e0 chi\u1ec1u ngang c\u1ee7a\u00a0 th\u00f9ng xe. Sau \u0111\u00f3 nh\u00e2n l\u1ea1i v\u1edbi nhau s\u1ebd ra kh\u1ed1i th\u00f9ng xe<\/span><\/p>\n<p><span style=\"font-family: 'times new roman', times, serif; font-size: 18pt; color: #000000;\">\u0110a s\u1ed1 nh\u1eefng \u0111\u01a1n v\u1ecb cung c\u1ea5p<em><strong> c\u00e1t<\/strong> <\/em>s\u1ebd l\u1ee3i d\u1ee5ng s\u01a1 h\u1edf n\u00e0y c\u1ee7a kh\u00e1ch h\u00e0ng \u0111\u1ec3 \u0103n gian kh\u1ed1i l\u01b0\u1ee3ng. C\u00e1c b\u1ea1n n\u00ean t\u1ef1 ki\u1ec3m tra ho\u1eb7c thu\u00ea ng\u01b0\u1eddi gi\u00e1m s\u00e1t \u0111\u1ec3 ki\u1ec3m tra cho ch\u1eafc ch\u1eafn nh\u1ea5t<\/span><\/p>\n<h2 class=\"title style-scope ytd-video-primary-info-renderer\" style=\"text-align: left;\"><span style=\"font-family: 'times new roman', times, serif; font-size: 18pt; color: #ff0000;\"><strong>Video h\u01b0\u1edbng d\u1eabn c\u00e1ch \u0111o th\u00f9ng xe quy ra kh\u1ed1i<\/strong><\/span><\/h2>\n<h2 class=\"title style-scope ytd-video-primary-info-renderer\" style=\"text-align: center;\"><span style=\"font-family: 'times new roman', times, serif; font-size: 18pt; color: #ff0000;\"><strong><iframe loading=\"lazy\" src=\"\/\/www.youtube.com\/embed\/-weRntM2Osc\" width=\"560\" height=\"314\" allowfullscreen=\"allowfullscreen\"><\/iframe><\/strong><\/span><\/h2>\n","protected":false},"excerpt":{"rendered":"<p><span style=\"font-family: 'times new roman', times, serif; font-size: 130%;\">\ud83e\udd70\u01afu \u0111i\u1ec3m: C\u00f3 \u0111\u1ed9 b\u1ec1n, \u0111\u1ed9 d\u1ebbo cao v\u00e0 b\u1ec1n nhi\u1ec7t<\/span><\/p>\n<p><span style=\"font-family: 'times new roman', times, serif; font-size: 130%;\"><span style=\"color: #000000;\"> \ud83e\udd70Giao h\u00e0ng trong \u0111\u1ecba b\u00e0n<a href=\"https:\/\/vi.wikipedia.org\/wiki\/Qu%E1%BA%A3ng_Nam\"><span style=\"color: #008000;\"> Qu\u1ea3ng Nam<\/span><\/a><\/span><\/span><\/p>\n<p><span style=\"font-family: 'times new roman', times, serif; font-size: 130%;\"><span style=\"color: #000000;\"> \ud83e\udd70\u0110\u01a1n v\u1ecb t\u00ednh: m kh\u1ed1i<\/span><\/span><\/p>\n<p><span style=\"font-family: 'times new roman', times, serif; font-size: 130%;\"><span style=\"color: #000000;\"> \ud83e\udd70V\u1eadn chuy\u1ec3n t\u1eeb 3 kh\u1ed1i tr\u1edf l\u00ean. <strong>Cam k\u1ebft \u0111i \u0111\u00fang kh\u1ed1i.<\/strong><\/span><\/span><\/p>\n","protected":false},"featured_media":821,"comment_status":"open","ping_status":"closed","template":"","meta":[],"product_cat":[204,203],"product_tag":[],"class_list":{"0":"post-822","1":"product","2":"type-product","3":"status-publish","4":"has-post-thumbnail","6":"product_cat-cat-xay-dung","7":"product_cat-vat-lieu-xay-dung","9":"first","10":"instock","11":"sale","12":"shipping-taxable","13":"purchasable","14":"product-type-simple"},"yoast_head":"<!-- This site is optimized with the Yoast SEO Premium plugin v22.3 (Yoast SEO v22.8) - https:\/\/yoast.com\/wordpress\/plugins\/seo\/ -->\n<title>Gi\u00e1 c\u00e1t \u0111\u00fac m\u1edbi nh\u1ea5t t\u1ea1i Qu\u1ea3ng Nam-0947.335.871 Tr\u1ea7n Th\u1ecb<\/title>\n<meta name=\"description\" content=\"Tr\u1ea7n Th\u1ecb - chuy\u00ean cung c\u1ea5p c\u00e1t \u0111\u00fac gi\u00e1 r\u1ebb t\u1ea1i Qu\u1ea3ng Nam, C\u00e1t \u0111\u01b0\u1ee3c l\u1ea5y t\u1ef1 nhi\u00ean kh\u00f4ng th\u1ec3 cam k\u1ebft s\u1ea1ch 100%, nh\u01b0ng cam k\u1ebft \u0111\u00fang kh\u1ed1i l\u01b0\u1ee3ng\" \/>\n<meta name=\"robots\" content=\"index, follow, max-snippet:-1, max-image-preview:large, max-video-preview:-1\" \/>\n<link rel=\"canonical\" href=\"https:\/\/tranthi.vn\/binhdinh\/gia-cat-duc-hoi-an-tam-ky-quang-nam\/\" \/>\n<meta property=\"og:locale\" content=\"vi_VN\" \/>\n<meta property=\"og:type\" content=\"article\" \/>\n<meta property=\"og:title\" content=\"C\u00e1t \u0110\u00fac\" \/>\n<meta property=\"og:description\" content=\"Tr\u1ea7n Th\u1ecb - chuy\u00ean cung c\u1ea5p c\u00e1t \u0111\u00fac gi\u00e1 r\u1ebb t\u1ea1i Qu\u1ea3ng Nam, C\u00e1t \u0111\u01b0\u1ee3c l\u1ea5y t\u1ef1 nhi\u00ean kh\u00f4ng th\u1ec3 cam k\u1ebft s\u1ea1ch 100%, nh\u01b0ng cam k\u1ebft \u0111\u00fang kh\u1ed1i l\u01b0\u1ee3ng\" \/>\n<meta property=\"og:url\" content=\"https:\/\/tranthi.vn\/binhdinh\/gia-cat-duc-hoi-an-tam-ky-quang-nam\/\" \/>\n<meta property=\"og:site_name\" content=\"V\u1eadt Li\u1ec7u X\u00e2y D\u1ef1ng Tr\u1ea7n Th\u1ecb Chi Nh\u00e1nh B\u00ecnh \u0110\u1ecbnh\" \/>\n<meta property=\"article:modified_time\" content=\"2024-07-27T09:44:05+00:00\" \/>\n<meta property=\"og:image\" content=\"https:\/\/tranthi.vn\/binhdinh\/wp-content\/uploads\/2021\/02\/cat-to.jpg\" \/>\n\t<meta property=\"og:image:width\" content=\"400\" \/>\n\t<meta property=\"og:image:height\" content=\"400\" \/>\n\t<meta property=\"og:image:type\" content=\"image\/jpeg\" \/>\n<meta name=\"twitter:card\" content=\"summary_large_image\" \/>\n<meta name=\"twitter:label1\" content=\"Gi\u00e1\" \/>\n\t<meta name=\"twitter:data1\" content=\"500,000&nbsp;&#8363;\" \/>\n\t<meta name=\"twitter:label2\" content=\"Kh\u1ea3 d\u1ee5ng\" \/>\n\t<meta name=\"twitter:data2\" content=\"Trong kho\" \/>\n<script type=\"application\/ld+json\" class=\"yoast-schema-graph\">{\"@context\":\"https:\/\/schema.org\",\"@graph\":[{\"@type\":[\"WebPage\",\"ItemPage\"],\"@id\":\"https:\/\/tranthi.vn\/binhdinh\/gia-cat-duc-hoi-an-tam-ky-quang-nam\/\",\"url\":\"https:\/\/tranthi.vn\/binhdinh\/gia-cat-duc-hoi-an-tam-ky-quang-nam\/\",\"name\":\"Gi\u00e1 c\u00e1t \u0111\u00fac m\u1edbi nh\u1ea5t t\u1ea1i Qu\u1ea3ng Nam-0947.335.871 Tr\u1ea7n Th\u1ecb\",\"isPartOf\":{\"@id\":\"https:\/\/tranthi.vn\/binhdinh\/#website\"},\"primaryImageOfPage\":{\"@id\":\"https:\/\/tranthi.vn\/binhdinh\/gia-cat-duc-hoi-an-tam-ky-quang-nam\/#primaryimage\"},\"image\":{\"@id\":\"https:\/\/tranthi.vn\/binhdinh\/gia-cat-duc-hoi-an-tam-ky-quang-nam\/#primaryimage\"},\"thumbnailUrl\":\"https:\/\/tranthi.vn\/binhdinh\/wp-content\/uploads\/2021\/02\/cat-to.jpg\",\"datePublished\":\"2021-02-16T09:01:45+00:00\",\"dateModified\":\"2024-07-27T09:44:05+00:00\",\"description\":\"Tr\u1ea7n Th\u1ecb - chuy\u00ean cung c\u1ea5p c\u00e1t \u0111\u00fac gi\u00e1 r\u1ebb t\u1ea1i Qu\u1ea3ng Nam, C\u00e1t \u0111\u01b0\u1ee3c l\u1ea5y t\u1ef1 nhi\u00ean kh\u00f4ng th\u1ec3 cam k\u1ebft s\u1ea1ch 100%, nh\u01b0ng cam k\u1ebft \u0111\u00fang kh\u1ed1i l\u01b0\u1ee3ng\",\"breadcrumb\":{\"@id\":\"https:\/\/tranthi.vn\/binhdinh\/gia-cat-duc-hoi-an-tam-ky-quang-nam\/#breadcrumb\"},\"inLanguage\":\"vi\",\"potentialAction\":[{\"@type\":\"ReadAction\",\"target\":[\"https:\/\/tranthi.vn\/binhdinh\/gia-cat-duc-hoi-an-tam-ky-quang-nam\/\"]}]},{\"@type\":\"ImageObject\",\"inLanguage\":\"vi\",\"@id\":\"https:\/\/tranthi.vn\/binhdinh\/gia-cat-duc-hoi-an-tam-ky-quang-nam\/#primaryimage\",\"url\":\"https:\/\/tranthi.vn\/binhdinh\/wp-content\/uploads\/2021\/02\/cat-to.jpg\",\"contentUrl\":\"https:\/\/tranthi.vn\/binhdinh\/wp-content\/uploads\/2021\/02\/cat-to.jpg\",\"width\":400,\"height\":400},{\"@type\":\"BreadcrumbList\",\"@id\":\"https:\/\/tranthi.vn\/binhdinh\/gia-cat-duc-hoi-an-tam-ky-quang-nam\/#breadcrumb\",\"itemListElement\":[{\"@type\":\"ListItem\",\"position\":1,\"name\":\"Trang ch\u1ee7\",\"item\":\"https:\/\/tranthi.vn\/binhdinh\/\"},{\"@type\":\"ListItem\",\"position\":2,\"name\":\"Shop\",\"item\":\"https:\/\/tranthi.vn\/binhdinh\/shop\/\"},{\"@type\":\"ListItem\",\"position\":3,\"name\":\"C\u00e1t \u0110\u00fac\"}]},{\"@type\":\"WebSite\",\"@id\":\"https:\/\/tranthi.vn\/binhdinh\/#website\",\"url\":\"https:\/\/tranthi.vn\/binhdinh\/\",\"name\":\"V\u1eadt Li\u1ec7u X\u00e2y D\u1ef1ng Tr\u1ea7n Th\u1ecb Chi Nh\u00e1nh B\u00ecnh \u0110\u1ecbnh\",\"description\":\"V\u1eadt Li\u1ec7u X\u00e2y D\u1ef1ng - B\u00ecnh \u0110\u1ecbnh\",\"potentialAction\":[{\"@type\":\"SearchAction\",\"target\":{\"@type\":\"EntryPoint\",\"urlTemplate\":\"https:\/\/tranthi.vn\/binhdinh\/?s={search_term_string}\"},\"query-input\":\"required name=search_term_string\"}],\"inLanguage\":\"vi\"},{\"@type\":\"ImageObject\",\"inLanguage\":\"vi\",\"@id\":\"https:\/\/tranthi.vn\/binhdinh\/gia-cat-duc-hoi-an-tam-ky-quang-nam\/#local-main-organization-logo\",\"url\":\"\",\"contentUrl\":\"\",\"caption\":\"V\u1eadt Li\u1ec7u X\u00e2y D\u1ef1ng Tr\u1ea7n Th\u1ecb Chi Nh\u00e1nh B\u00ecnh \u0110\u1ecbnh\"}]}<\/script>\n<meta property=\"product:price:amount\" content=\"500000\" \/>\n<meta property=\"product:price:currency\" content=\"VND\" \/>\n<meta property=\"og:availability\" content=\"instock\" \/>\n<meta property=\"product:availability\" content=\"instock\" \/>\n<meta property=\"product:condition\" content=\"new\" \/>\n<!-- \/ Yoast SEO Premium plugin. -->","yoast_head_json":{"title":"Gi\u00e1 c\u00e1t \u0111\u00fac m\u1edbi nh\u1ea5t t\u1ea1i Qu\u1ea3ng Nam-0947.335.871 Tr\u1ea7n Th\u1ecb","description":"Tr\u1ea7n Th\u1ecb - chuy\u00ean cung c\u1ea5p c\u00e1t \u0111\u00fac gi\u00e1 r\u1ebb t\u1ea1i Qu\u1ea3ng Nam, C\u00e1t \u0111\u01b0\u1ee3c l\u1ea5y t\u1ef1 nhi\u00ean kh\u00f4ng th\u1ec3 cam k\u1ebft s\u1ea1ch 100%, nh\u01b0ng cam k\u1ebft \u0111\u00fang kh\u1ed1i l\u01b0\u1ee3ng","robots":{"index":"index","follow":"follow","max-snippet":"max-snippet:-1","max-image-preview":"max-image-preview:large","max-video-preview":"max-video-preview:-1"},"canonical":"https:\/\/tranthi.vn\/binhdinh\/gia-cat-duc-hoi-an-tam-ky-quang-nam\/","og_locale":"vi_VN","og_type":"article","og_title":"C\u00e1t \u0110\u00fac","og_description":"Tr\u1ea7n Th\u1ecb - chuy\u00ean cung c\u1ea5p c\u00e1t \u0111\u00fac gi\u00e1 r\u1ebb t\u1ea1i Qu\u1ea3ng Nam, C\u00e1t \u0111\u01b0\u1ee3c l\u1ea5y t\u1ef1 nhi\u00ean kh\u00f4ng th\u1ec3 cam k\u1ebft s\u1ea1ch 100%, nh\u01b0ng cam k\u1ebft \u0111\u00fang kh\u1ed1i l\u01b0\u1ee3ng","og_url":"https:\/\/tranthi.vn\/binhdinh\/gia-cat-duc-hoi-an-tam-ky-quang-nam\/","og_site_name":"V\u1eadt Li\u1ec7u X\u00e2y D\u1ef1ng Tr\u1ea7n Th\u1ecb Chi Nh\u00e1nh B\u00ecnh \u0110\u1ecbnh","article_modified_time":"2024-07-27T09:44:05+00:00","og_image":[{"width":400,"height":400,"url":"https:\/\/tranthi.vn\/binhdinh\/wp-content\/uploads\/2021\/02\/cat-to.jpg","type":"image\/jpeg"}],"twitter_card":"summary_large_image","twitter_misc":{"Gi\u00e1":"500,000&nbsp;&#8363;","Kh\u1ea3 d\u1ee5ng":"Trong kho"},"schema":{"@context":"https:\/\/schema.org","@graph":[{"@type":["WebPage","ItemPage"],"@id":"https:\/\/tranthi.vn\/binhdinh\/gia-cat-duc-hoi-an-tam-ky-quang-nam\/","url":"https:\/\/tranthi.vn\/binhdinh\/gia-cat-duc-hoi-an-tam-ky-quang-nam\/","name":"Gi\u00e1 c\u00e1t \u0111\u00fac m\u1edbi nh\u1ea5t t\u1ea1i Qu\u1ea3ng Nam-0947.335.871 Tr\u1ea7n Th\u1ecb","isPartOf":{"@id":"https:\/\/tranthi.vn\/binhdinh\/#website"},"primaryImageOfPage":{"@id":"https:\/\/tranthi.vn\/binhdinh\/gia-cat-duc-hoi-an-tam-ky-quang-nam\/#primaryimage"},"image":{"@id":"https:\/\/tranthi.vn\/binhdinh\/gia-cat-duc-hoi-an-tam-ky-quang-nam\/#primaryimage"},"thumbnailUrl":"https:\/\/tranthi.vn\/binhdinh\/wp-content\/uploads\/2021\/02\/cat-to.jpg","datePublished":"2021-02-16T09:01:45+00:00","dateModified":"2024-07-27T09:44:05+00:00","description":"Tr\u1ea7n Th\u1ecb - chuy\u00ean cung c\u1ea5p c\u00e1t \u0111\u00fac gi\u00e1 r\u1ebb t\u1ea1i Qu\u1ea3ng Nam, C\u00e1t \u0111\u01b0\u1ee3c l\u1ea5y t\u1ef1 nhi\u00ean kh\u00f4ng th\u1ec3 cam k\u1ebft s\u1ea1ch 100%, nh\u01b0ng cam k\u1ebft \u0111\u00fang kh\u1ed1i l\u01b0\u1ee3ng","breadcrumb":{"@id":"https:\/\/tranthi.vn\/binhdinh\/gia-cat-duc-hoi-an-tam-ky-quang-nam\/#breadcrumb"},"inLanguage":"vi","potentialAction":[{"@type":"ReadAction","target":["https:\/\/tranthi.vn\/binhdinh\/gia-cat-duc-hoi-an-tam-ky-quang-nam\/"]}]},{"@type":"ImageObject","inLanguage":"vi","@id":"https:\/\/tranthi.vn\/binhdinh\/gia-cat-duc-hoi-an-tam-ky-quang-nam\/#primaryimage","url":"https:\/\/tranthi.vn\/binhdinh\/wp-content\/uploads\/2021\/02\/cat-to.jpg","contentUrl":"https:\/\/tranthi.vn\/binhdinh\/wp-content\/uploads\/2021\/02\/cat-to.jpg","width":400,"height":400},{"@type":"BreadcrumbList","@id":"https:\/\/tranthi.vn\/binhdinh\/gia-cat-duc-hoi-an-tam-ky-quang-nam\/#breadcrumb","itemListElement":[{"@type":"ListItem","position":1,"name":"Trang ch\u1ee7","item":"https:\/\/tranthi.vn\/binhdinh\/"},{"@type":"ListItem","position":2,"name":"Shop","item":"https:\/\/tranthi.vn\/binhdinh\/shop\/"},{"@type":"ListItem","position":3,"name":"C\u00e1t \u0110\u00fac"}]},{"@type":"WebSite","@id":"https:\/\/tranthi.vn\/binhdinh\/#website","url":"https:\/\/tranthi.vn\/binhdinh\/","name":"V\u1eadt Li\u1ec7u X\u00e2y D\u1ef1ng Tr\u1ea7n Th\u1ecb Chi Nh\u00e1nh B\u00ecnh \u0110\u1ecbnh","description":"V\u1eadt Li\u1ec7u X\u00e2y D\u1ef1ng - B\u00ecnh \u0110\u1ecbnh","potentialAction":[{"@type":"SearchAction","target":{"@type":"EntryPoint","urlTemplate":"https:\/\/tranthi.vn\/binhdinh\/?s={search_term_string}"},"query-input":"required name=search_term_string"}],"inLanguage":"vi"},{"@type":"ImageObject","inLanguage":"vi","@id":"https:\/\/tranthi.vn\/binhdinh\/gia-cat-duc-hoi-an-tam-ky-quang-nam\/#local-main-organization-logo","url":"","contentUrl":"","caption":"V\u1eadt Li\u1ec7u X\u00e2y D\u1ef1ng Tr\u1ea7n Th\u1ecb Chi Nh\u00e1nh B\u00ecnh \u0110\u1ecbnh"}]},"product_price_amount":"500000","product_price_currency":"VND","og_availability":"instock","product_availability":"instock","product_condition":"new"},"_links":{"self":[{"href":"https:\/\/tranthi.vn\/binhdinh\/wp-json\/wp\/v2\/product\/822","targetHints":{"allow":["GET"]}}],"collection":[{"href":"https:\/\/tranthi.vn\/binhdinh\/wp-json\/wp\/v2\/product"}],"about":[{"href":"https:\/\/tranthi.vn\/binhdinh\/wp-json\/wp\/v2\/types\/product"}],"replies":[{"embeddable":true,"href":"https:\/\/tranthi.vn\/binhdinh\/wp-json\/wp\/v2\/comments?post=822"}],"wp:featuredmedia":[{"embeddable":true,"href":"https:\/\/tranthi.vn\/binhdinh\/wp-json\/wp\/v2\/media\/821"}],"wp:attachment":[{"href":"https:\/\/tranthi.vn\/binhdinh\/wp-json\/wp\/v2\/media?parent=822"}],"wp:term":[{"taxonomy":"product_cat","embeddable":true,"href":"https:\/\/tranthi.vn\/binhdinh\/wp-json\/wp\/v2\/product_cat?post=822"},{"taxonomy":"product_tag","embeddable":true,"href":"https:\/\/tranthi.vn\/binhdinh\/wp-json\/wp\/v2\/product_tag?post=822"}],"curies":[{"name":"wp","href":"https:\/\/api.w.org\/{rel}","templated":true}]}}