{"id":2828,"date":"2021-03-17T15:46:36","date_gmt":"2021-03-17T08:46:36","guid":{"rendered":"https:\/\/tranthi.vn\/quangnam\/?post_type=product&#038;p=2828"},"modified":"2024-08-07T13:55:55","modified_gmt":"2024-08-07T06:55:55","slug":"gia-ngoi-lop-dat-set-nung-ha-long-tai-quy-nhon-binh-dinh","status":"publish","type":"product","link":"https:\/\/tranthi.vn\/binhdinh\/gia-ngoi-lop-dat-set-nung-ha-long-tai-quy-nhon-binh-dinh\/","title":{"rendered":"Ng\u00f3i l\u1ee3p H\u1ea1 Long 2"},"content":{"rendered":"<h1 style=\"text-align: center;\" data-adtags-visited=\"true\"><span style=\"font-family: 'times new roman', times, serif; font-size: 100%;\">GI\u00c1 NG\u00d3I L\u1ee2P \u0110\u1ea4T S\u00c9T NUNG\u00a0 H\u1ea0 LONG T\u1ea0I <a href=\"https:\/\/vi.wikipedia.org\/wiki\/Quy_Nh%C6%A1n\">QUY NH\u01a0N<\/a>&#8211; <a href=\"https:\/\/vi.wikipedia.org\/wiki\/B%C3%ACnh_%C4%90%E1%BB%8Bnh\">B\u00ccNH \u0110\u1ecaNH<\/a><\/span><\/h1>\n<h2><span style=\"font-family: 'times new roman', times, serif;\">1. Gi\u1edbi thi\u1ec7u chung v\u1ec1 ng\u00f3i l\u1ee3p nh\u00e0 H\u1ea1 Long\u00a0<\/span><\/h2>\n<ul>\n<li data-adtags-visited=\"true\"><span style=\"font-family: 'times new roman', times, serif; font-size: 130%;\"><a href=\"https:\/\/www.gachngoihalong.vn\/\"><em><strong>Ng\u00f3i H\u1ea1 Long<\/strong><\/em>,<\/a> ng\u00f3i Viglacera l\u00e0 t\u00ean g\u1ecdi s\u1ea3n ph\u1ea9m Ng\u00f3i 22 vi\u00ean\/m2 c\u1ee7a\u00a0C\u00f4ng Ty C\u1ed5 Ph\u1ea7n Viglacera <em><strong>H\u1ea1 Long<\/strong><\/em>. S\u1ea3n ph\u1ea9m Ng\u00f3i 22 <em><strong>H\u1ea1 Long<\/strong><\/em> \u0111\u00e3 \u0111\u01b0\u1ee3c kh\u00e1ch h\u00e0ng t\u00edn nhi\u1ec7m v\u00e0 tin d\u00f9ng t\u1ea1i Vi\u1ec7t Nam c\u0169ng nh\u01b0 t\u1ea1i <a href=\"https:\/\/vi.wikipedia.org\/wiki\/B%C3%ACnh_%C4%90%E1%BB%8Bnh\"><i>B\u00ecnh \u0110\u1ecbnh<\/i>\u00a0<\/a>n\u00f3i ri\u00eang<\/span><\/li>\n<\/ul>\n<figure id=\"attachment_2832\" aria-describedby=\"caption-attachment-2832\" style=\"width: 250px\" class=\"wp-caption aligncenter\"><img loading=\"lazy\" decoding=\"async\" class=\"size-full wp-image-2832\" src=\"https:\/\/tranthi.vn\/quangnam\/wp-content\/uploads\/2021\/03\/GIA-NGOAI-VIGLACERA-HA-LONG-DA-NANG.jpg\" alt=\"GI\u00c1 NGO\u00c0I VIGLACERA H\u1ea0 LONG \u0110\u00c0 N\u1eb4NG\" width=\"250\" height=\"250\" srcset=\"https:\/\/tranthi.vn\/binhdinh\/wp-content\/uploads\/2021\/03\/GIA-NGOAI-VIGLACERA-HA-LONG-DA-NANG.jpg 250w, https:\/\/tranthi.vn\/binhdinh\/wp-content\/uploads\/2021\/03\/GIA-NGOAI-VIGLACERA-HA-LONG-DA-NANG-100x100.jpg 100w\" sizes=\"auto, (max-width: 250px) 100vw, 250px\" \/><figcaption id=\"caption-attachment-2832\" class=\"wp-caption-text\"><span style=\"font-family: 'times new roman', times, serif; font-size: 130%;\">Ng\u00f3i H\u1ea1 Long<\/span><\/figcaption><\/figure>\n<ul>\n<li style=\"text-align: center;\" data-adtags-visited=\"true\"><span style=\"font-family: 'times new roman', times, serif; font-size: 130%;\">Ng\u00f3i 22 H\u1ea1 Long \u2013 Ng\u00f3i 22 Viglacera H\u1ea1 Long l\u00e0 d\u00f2ng s\u1ea3n ph\u1ea9m ng\u00f3i <em><strong>l\u1ee3p<\/strong><\/em> <strong><em>\u0111\u1ea5t s\u00e9t\u00a0nung<\/em><\/strong> cao c\u1ea5p. N\u00f3i \u0111\u1ebfn ng\u00f3i H\u1ea1 Long l\u00e0 n\u00f3i \u0111\u1ebfn d\u00f2ng s\u1ea3n ph\u1ea9m <em><strong>ng\u00f3i l\u1ee3p<\/strong><\/em> cao c\u1ea5p, \u0111\u01b0\u1ee3c t\u1ea1o t\u1eeb c\u00e1c m\u1ecf <strong><em>\u0111\u1ea5t s\u00e9t<\/em><\/strong> Qu\u1ea3ng Ninh, s\u1ea3n xu\u1ea5t tr\u00ean d\u00e2y chuy\u1ec1n c\u00f4ng ngh\u1ec7 hi\u1ec7n \u0111\u1ea1i.<br \/>\n<\/span><iframe loading=\"lazy\" src=\"\/\/www.youtube.com\/embed\/TQgIK6C4V2Q\" width=\"560\" height=\"314\" allowfullscreen=\"allowfullscreen\"><\/iframe><\/li>\n<li data-adtags-visited=\"true\"><span style=\"font-family: 'times new roman', times, serif; font-size: 130%;\"><span style=\"font-family: 'times new roman', times, serif; font-size: 130%;\">S\u1eed d\u1ee5ng ng\u00f3i 22<strong><em> H\u1ea1 Long<\/em> <\/strong>s\u1ebd t\u1ea1o d\u00e1ng v\u1ebb c\u1ed5 k\u00ednh cho ng\u00f4i nh\u00e0 b\u1ea1n. Kh\u00e1c v\u1edbi ng\u00f3i m\u00e0u, <a href=\"https:\/\/cafeland.vn\/tin-tuc\/5-mau-ngoi-lop-nha-dep-hien-nay-89242.html#:~:text=Ng%C3%B3i%20l%E1%BB%A3p%20l%C3%A0%20v%E1%BA%ADt%20li%E1%BB%87u,th%E1%BA%A9m%20m%E1%BB%B9%20cho%20c%C3%B4ng%20tr%C3%ACnh.\">ng\u00f3i l\u1ee3p nh\u00e0<\/a> \u0111\u1ea5t s\u00e9t nung kh\u00f4ng b\u1ecb phai m\u00e0u, b\u1ea1c m\u00e0u\u00a0theo th\u1eddi gian,\u00a0kh\u00f4ng b\u1ecb th\u1ea5m n\u01b0\u1edbc, kh\u00f4ng g\u00e2y \u1ea9m th\u1ea5p. Ng\u00f3i \u0111\u1ea5t s\u00e9t\u00a0nung\u00a0\u00edt h\u1ea5p thu nhi\u1ec7t, \u00edt gi\u1eef nhi\u1ec7t h\u01a1n so v\u1edbi<em><strong> ng\u00f3i<\/strong><\/em> b\u00ea t\u00f4ng (xi m\u0103ng).<\/span><\/span><\/li>\n<li data-adtags-visited=\"true\"><span style=\"font-family: 'times new roman', times, serif; font-size: 130%;\">Ng\u00f3i 22 <a href=\"http:\/\/halongcity.gov.vn\/thanh-uy\"><strong>H\u1ea1 Long<\/strong><\/a> \u0111\u01b0\u1ee3c d\u00f9ng l\u00e0m v\u1eadt li\u1ec7u m\u00e1i <strong><em>l\u1ee3p<\/em> <\/strong>cho c\u00e1c c\u00f4ng tr\u00ecnh nh\u01b0 ch\u00f9a chi\u1ec1ng, resort, nh\u00e0 d\u00e2n, l\u00e0m v\u1eadt li\u1ec7u trang tr\u00ed cho m\u00e1i c\u1ed5ng, m\u00e1i c\u1eeda s\u1ed5.<\/span><\/li>\n<\/ul>\n<figure id=\"attachment_2833\" aria-describedby=\"caption-attachment-2833\" style=\"width: 250px\" class=\"wp-caption aligncenter\"><img loading=\"lazy\" decoding=\"async\" class=\"size-full wp-image-2833\" src=\"https:\/\/tranthi.vn\/quangnam\/wp-content\/uploads\/2021\/03\/GIA-NGOI-LOP-NHA-VIGACERA-HA-LONG-DA-NANG.jpg\" alt=\"GI\u00c1 NGO\u00c0I VIGLACERA H\u1ea0 LONG \u0110\u00c0 N\u1eb4NG\" width=\"250\" height=\"250\" srcset=\"https:\/\/tranthi.vn\/binhdinh\/wp-content\/uploads\/2021\/03\/GIA-NGOI-LOP-NHA-VIGACERA-HA-LONG-DA-NANG.jpg 250w, https:\/\/tranthi.vn\/binhdinh\/wp-content\/uploads\/2021\/03\/GIA-NGOI-LOP-NHA-VIGACERA-HA-LONG-DA-NANG-100x100.jpg 100w\" sizes=\"auto, (max-width: 250px) 100vw, 250px\" \/><figcaption id=\"caption-attachment-2833\" class=\"wp-caption-text\"><span style=\"font-family: 'times new roman', times, serif; font-size: 130%;\">Ng\u00f3i H\u1ea1 Long<\/span><\/figcaption><\/figure>\n<h3><span style=\"font-family: 'times new roman', times, serif; font-size: 130%;\">2. \u0110\u1eb7c \u0111i\u1ec3m k\u1ef9 thu\u1eadt c\u1ee7a ng\u00f3i H\u1ea1 Long 22 vi\u00ean:<\/span><\/h3>\n<p><span style=\"font-family: 'times new roman', times, serif; font-size: 130%;\">&#8211; T\u00ean s\u1ea3n Ph\u1ea9m:\u00a0<em>Ng\u00f3i<\/em> Viglacera <em>H\u1ea1 Long<\/em>\u00a022v\/m2<\/span><\/p>\n<p><span style=\"font-family: 'times new roman', times, serif; font-size: 130%;\">&#8211; K\u00edch th\u01b0\u1edbc vi\u00ean ng\u00f3i: 340x200x13 mm<\/span><\/p>\n<p><span style=\"font-family: 'times new roman', times, serif; font-size: 130%;\">&#8211; Tr\u1ecdng l\u01b0\u1ee3ng: (2.0+ 0.05) kg\/vi\u00ean.<\/span><\/p>\n<p><span style=\"font-family: 'times new roman', times, serif; font-size: 130%;\">&#8211; \u0110\u1ed9 d\u1ed1c t\u1ed1i thi\u1ec3u: 17 \u0111\u1ed9<\/span><\/p>\n<p><span style=\"font-family: 'times new roman', times, serif; font-size: 130%;\">&#8211; \u0110\u1ed9 d\u1ed1c t\u1ed1i \u0111a: 90 \u0111\u1ed9<\/span><\/p>\n<p><span style=\"font-family: 'times new roman', times, serif; font-size: 130%;\">&#8211; \u0110\u1ed9 d\u1ed1c t\u1ed1i \u01b0u: 30 \u0111\u1ed9 &#8211; 35 \u0111\u1ed9<\/span><\/p>\n<p><span style=\"font-family: 'times new roman', times, serif; font-size: 130%;\">&#8211; Ph\u1ea7n ph\u1ee7 (ch\u1ed3ng m\u00ed): T\u1ed1i thi\u1ec3u 60 mm<\/span><\/p>\n<p><span style=\"font-family: 'times new roman', times, serif; font-size: 130%;\">&#8211; \u0110\u1ed9 h\u00fat n\u01b0\u1edbc: &lt; 6 %<\/span><\/p>\n<p><span style=\"font-family: 'times new roman', times, serif; font-size: 130%;\">&#8211; Th\u1eddi gian xuy\u00ean n\u01b0\u1edbc: &gt; 120 ph\u00fat<\/span><\/p>\n<p><span style=\"font-family: 'times new roman', times, serif; font-size: 130%;\">&#8211; Kho\u1ea3ng c\u00e1ch m\u00e8: x\u1ea5p x\u1ec9 267 mm<\/span><\/p>\n<p><span style=\"font-family: 'times new roman', times, serif; font-size: 130%;\">&#8211; S\u1ed1 l\u01b0\u1ee3ng vi\u00ean\/m2: 22 vi\u00ean<\/span><\/p>\n<p><span style=\"font-family: 'times new roman', times, serif; font-size: 130%;\">&#8211; \u0110\u01a1n <a href=\"https:\/\/vi.wikipedia.org\/wiki\/Gi%C3%A1\"><strong><em>Gi\u00e1<\/em><\/strong><\/a>: 10.800\/vi\u00ean<\/span><\/p>\n<p><span style=\"font-family: 'times new roman', times, serif; font-size: 130%;\">&#8211; H\u00e3ng S\u1ea3n Xu\u1ea5t: C\u00f4ng ty CP G\u1ea1ch G\u1ed1m Viglacera H\u1ea1 Long.<\/span><\/p>\n<p><span style=\"font-family: 'times new roman', times, serif; font-size: 130%;\">* Giao h\u00e0ng t\u1eadn n\u01a1i. Mi\u1ec5n ph\u00ed giao h\u00e0ng n\u1ed9i th\u00e0nh <a href=\"https:\/\/vi.wikipedia.org\/wiki\/B%C3%ACnh_%C4%90%E1%BB%8Bnh\">B\u00ecnh \u0110\u1ecbnh<\/a><\/span><\/p>\n<p><span style=\"font-family: 'times new roman', times, serif; font-size: 130%;\">* \u0110\u01a1n<em><strong> gi\u00e1<\/strong> <\/em>tr\u00ean \u0111\u00e3 bao g\u1ed3m VAT (10%).<\/span><\/p>\n<p><iframe loading=\"lazy\" src=\"\/\/www.youtube.com\/embed\/udZ9SxyQl4M\" width=\"560\" height=\"314\" allowfullscreen=\"allowfullscreen\"><\/iframe><\/p>\n","protected":false},"excerpt":{"rendered":"<p><strong><span style=\"font-family: 'times new roman', times, serif; font-size: 130%;\">\ud83e\udd70Ng\u00f3i H\u1ea1 Long 2:\u00a0 22 vi\u00ean\/m2<\/span><\/strong><\/p>\n<ul>\n<li><span style=\"font-family: 'times new roman', times, serif; font-size: 130%;\">Ch\u1ea5t li\u1ec7u: \u0110\u1ea5t s\u00e9t nung<\/span><\/li>\n<li><span style=\"font-family: 'times new roman', times, serif; font-size: 130%;\">Gam m\u00e0u: \u0110\u1ecf (Red)<\/span><\/li>\n<\/ul>\n<p><span style=\"font-family: 'times new roman', times, serif; font-size: 130%;\">\ud83e\udd70<strong>\u0110\u01a1n gi\u00e1 khi mua 100m2:<\/strong> <span style=\"color: #ff0000;\"><strong>12.300\u0111\/m2<\/strong><\/span><\/span><\/p>\n<p><span style=\"font-family: 'times new roman', times, serif; font-size: 130%;\">\ud83e\udd70Giao h\u00e0ng trong n\u1ed9i th\u00e0nh <a href=\"https:\/\/vi.wikipedia.org\/wiki\/B%C3%ACnh_%C4%90%E1%BB%8Bnh\">B\u00ecnh \u0110\u1ecbnh<\/a><\/span><\/p>\n<p><span style=\"font-family: 'times new roman', times, serif; font-size: 130%;\"><em>(Ph\u00ed v\u1eadn chuy\u1ec3n ph\u1ee5 thu\u1ed9c v\u00e0o t\u1eebng v\u1ecb tr\u00ed)<\/em><\/span><\/p>\n<p><span style=\"font-family: 'times new roman', times, serif; font-size: 130%;\">\ud83e\udd70D\u01b0\u1edbi 100m2 vui l\u00f2ng li\u00ean h\u1ec7 s\u1ed1 0947335871<\/span><\/p>\n","protected":false},"featured_media":2832,"comment_status":"closed","ping_status":"closed","template":"","meta":[],"product_cat":[111,309],"product_tag":[],"class_list":{"0":"post-2828","1":"product","2":"type-product","3":"status-publish","4":"has-post-thumbnail","6":"product_cat-gia-ngoi-lop-nha-da-nang","7":"product_cat-ngoi-gom-do","9":"first","10":"instock","11":"sale","12":"shipping-taxable","13":"purchasable","14":"product-type-simple"},"yoast_head":"<!-- This site is optimized with the Yoast SEO Premium plugin v22.3 (Yoast SEO v22.8) - https:\/\/yoast.com\/wordpress\/plugins\/seo\/ -->\n<title>Gi\u00e1 ng\u00f3i l\u1ee3p \u0111\u1ea5t s\u00e9t nung Viglacera t\u1ea1i B\u00ecnh \u0110\u1ecbnh- 0947335871<\/title>\n<meta name=\"description\" content=\"Tr\u1ea7n Th\u1ecb l\u00e0 nh\u00e0 ph\u00e2n ph\u1ed1i ng\u00f3i l\u1ee3p \u0111\u1ea5t s\u00e9t nung gi\u00e1 r\u1ebb t\u1ea1i Quy Nh\u01a1n- B\u00ecnh \u0110\u1ecbnh. Ng\u00f3i l\u1ee3p 22 vi\u00ean H\u1ea1 Long, ng\u00f3i l\u1ee3p H\u1ea1 Long b\u1ec1n m\u00e0u theo th\u1eddi gian\" \/>\n<meta name=\"robots\" content=\"index, follow, max-snippet:-1, max-image-preview:large, max-video-preview:-1\" \/>\n<link rel=\"canonical\" href=\"https:\/\/tranthi.vn\/binhdinh\/gia-ngoi-lop-dat-set-nung-ha-long-tai-quy-nhon-binh-dinh\/\" \/>\n<meta property=\"og:locale\" content=\"vi_VN\" \/>\n<meta property=\"og:type\" content=\"article\" \/>\n<meta property=\"og:title\" content=\"Ng\u00f3i l\u1ee3p H\u1ea1 Long 2\" \/>\n<meta property=\"og:description\" content=\"Tr\u1ea7n Th\u1ecb l\u00e0 nh\u00e0 ph\u00e2n ph\u1ed1i ng\u00f3i l\u1ee3p \u0111\u1ea5t s\u00e9t nung gi\u00e1 r\u1ebb t\u1ea1i Quy Nh\u01a1n- B\u00ecnh \u0110\u1ecbnh. Ng\u00f3i l\u1ee3p 22 vi\u00ean H\u1ea1 Long, ng\u00f3i l\u1ee3p H\u1ea1 Long b\u1ec1n m\u00e0u theo th\u1eddi gian\" \/>\n<meta property=\"og:url\" content=\"https:\/\/tranthi.vn\/binhdinh\/gia-ngoi-lop-dat-set-nung-ha-long-tai-quy-nhon-binh-dinh\/\" \/>\n<meta property=\"og:site_name\" content=\"V\u1eadt Li\u1ec7u X\u00e2y D\u1ef1ng Tr\u1ea7n Th\u1ecb Chi Nh\u00e1nh B\u00ecnh \u0110\u1ecbnh\" \/>\n<meta property=\"article:modified_time\" content=\"2024-08-07T06:55:55+00:00\" \/>\n<meta property=\"og:image\" content=\"https:\/\/tranthi.vn\/binhdinh\/wp-content\/uploads\/2021\/03\/GIA-NGOAI-VIGLACERA-HA-LONG-DA-NANG.jpg\" \/>\n\t<meta property=\"og:image:width\" content=\"250\" \/>\n\t<meta property=\"og:image:height\" content=\"250\" \/>\n\t<meta property=\"og:image:type\" content=\"image\/jpeg\" \/>\n<meta name=\"twitter:card\" content=\"summary_large_image\" \/>\n<meta name=\"twitter:label1\" content=\"Gi\u00e1\" \/>\n\t<meta name=\"twitter:data1\" content=\"12,300&nbsp;&#8363;\" \/>\n\t<meta name=\"twitter:label2\" content=\"Kh\u1ea3 d\u1ee5ng\" \/>\n\t<meta name=\"twitter:data2\" content=\"Trong kho\" \/>\n<script type=\"application\/ld+json\" class=\"yoast-schema-graph\">{\"@context\":\"https:\/\/schema.org\",\"@graph\":[{\"@type\":[\"WebPage\",\"ItemPage\"],\"@id\":\"https:\/\/tranthi.vn\/binhdinh\/gia-ngoi-lop-dat-set-nung-ha-long-tai-quy-nhon-binh-dinh\/\",\"url\":\"https:\/\/tranthi.vn\/binhdinh\/gia-ngoi-lop-dat-set-nung-ha-long-tai-quy-nhon-binh-dinh\/\",\"name\":\"Gi\u00e1 ng\u00f3i l\u1ee3p \u0111\u1ea5t s\u00e9t nung Viglacera t\u1ea1i B\u00ecnh \u0110\u1ecbnh- 0947335871\",\"isPartOf\":{\"@id\":\"https:\/\/tranthi.vn\/binhdinh\/#website\"},\"primaryImageOfPage\":{\"@id\":\"https:\/\/tranthi.vn\/binhdinh\/gia-ngoi-lop-dat-set-nung-ha-long-tai-quy-nhon-binh-dinh\/#primaryimage\"},\"image\":{\"@id\":\"https:\/\/tranthi.vn\/binhdinh\/gia-ngoi-lop-dat-set-nung-ha-long-tai-quy-nhon-binh-dinh\/#primaryimage\"},\"thumbnailUrl\":\"https:\/\/tranthi.vn\/binhdinh\/wp-content\/uploads\/2021\/03\/GIA-NGOAI-VIGLACERA-HA-LONG-DA-NANG.jpg\",\"datePublished\":\"2021-03-17T08:46:36+00:00\",\"dateModified\":\"2024-08-07T06:55:55+00:00\",\"description\":\"Tr\u1ea7n Th\u1ecb l\u00e0 nh\u00e0 ph\u00e2n ph\u1ed1i ng\u00f3i l\u1ee3p \u0111\u1ea5t s\u00e9t nung gi\u00e1 r\u1ebb t\u1ea1i Quy Nh\u01a1n- B\u00ecnh \u0110\u1ecbnh. Ng\u00f3i l\u1ee3p 22 vi\u00ean H\u1ea1 Long, ng\u00f3i l\u1ee3p H\u1ea1 Long b\u1ec1n m\u00e0u theo th\u1eddi gian\",\"breadcrumb\":{\"@id\":\"https:\/\/tranthi.vn\/binhdinh\/gia-ngoi-lop-dat-set-nung-ha-long-tai-quy-nhon-binh-dinh\/#breadcrumb\"},\"inLanguage\":\"vi\",\"potentialAction\":[{\"@type\":\"ReadAction\",\"target\":[\"https:\/\/tranthi.vn\/binhdinh\/gia-ngoi-lop-dat-set-nung-ha-long-tai-quy-nhon-binh-dinh\/\"]}]},{\"@type\":\"ImageObject\",\"inLanguage\":\"vi\",\"@id\":\"https:\/\/tranthi.vn\/binhdinh\/gia-ngoi-lop-dat-set-nung-ha-long-tai-quy-nhon-binh-dinh\/#primaryimage\",\"url\":\"https:\/\/tranthi.vn\/binhdinh\/wp-content\/uploads\/2021\/03\/GIA-NGOAI-VIGLACERA-HA-LONG-DA-NANG.jpg\",\"contentUrl\":\"https:\/\/tranthi.vn\/binhdinh\/wp-content\/uploads\/2021\/03\/GIA-NGOAI-VIGLACERA-HA-LONG-DA-NANG.jpg\",\"width\":250,\"height\":250,\"caption\":\"GI\u00c1 NGO\u00c0I VIGLACERA H\u1ea0 LONG \u0110\u00c0 N\u1eb4NG\"},{\"@type\":\"BreadcrumbList\",\"@id\":\"https:\/\/tranthi.vn\/binhdinh\/gia-ngoi-lop-dat-set-nung-ha-long-tai-quy-nhon-binh-dinh\/#breadcrumb\",\"itemListElement\":[{\"@type\":\"ListItem\",\"position\":1,\"name\":\"Trang ch\u1ee7\",\"item\":\"https:\/\/tranthi.vn\/binhdinh\/\"},{\"@type\":\"ListItem\",\"position\":2,\"name\":\"Shop\",\"item\":\"https:\/\/tranthi.vn\/binhdinh\/shop\/\"},{\"@type\":\"ListItem\",\"position\":3,\"name\":\"Ng\u00f3i l\u1ee3p H\u1ea1 Long 2\"}]},{\"@type\":\"WebSite\",\"@id\":\"https:\/\/tranthi.vn\/binhdinh\/#website\",\"url\":\"https:\/\/tranthi.vn\/binhdinh\/\",\"name\":\"V\u1eadt Li\u1ec7u X\u00e2y D\u1ef1ng Tr\u1ea7n Th\u1ecb Chi Nh\u00e1nh B\u00ecnh \u0110\u1ecbnh\",\"description\":\"V\u1eadt Li\u1ec7u X\u00e2y D\u1ef1ng - B\u00ecnh \u0110\u1ecbnh\",\"potentialAction\":[{\"@type\":\"SearchAction\",\"target\":{\"@type\":\"EntryPoint\",\"urlTemplate\":\"https:\/\/tranthi.vn\/binhdinh\/?s={search_term_string}\"},\"query-input\":\"required name=search_term_string\"}],\"inLanguage\":\"vi\"},{\"@type\":\"ImageObject\",\"inLanguage\":\"vi\",\"@id\":\"https:\/\/tranthi.vn\/binhdinh\/gia-ngoi-lop-dat-set-nung-ha-long-tai-quy-nhon-binh-dinh\/#local-main-organization-logo\",\"url\":\"\",\"contentUrl\":\"\",\"caption\":\"V\u1eadt Li\u1ec7u X\u00e2y D\u1ef1ng Tr\u1ea7n Th\u1ecb Chi Nh\u00e1nh B\u00ecnh \u0110\u1ecbnh\"}]}<\/script>\n<meta property=\"product:price:amount\" content=\"12300\" \/>\n<meta property=\"product:price:currency\" content=\"VND\" \/>\n<meta property=\"og:availability\" content=\"instock\" \/>\n<meta property=\"product:availability\" content=\"instock\" \/>\n<meta property=\"product:condition\" content=\"new\" \/>\n<!-- \/ Yoast SEO Premium plugin. -->","yoast_head_json":{"title":"Gi\u00e1 ng\u00f3i l\u1ee3p \u0111\u1ea5t s\u00e9t nung Viglacera t\u1ea1i B\u00ecnh \u0110\u1ecbnh- 0947335871","description":"Tr\u1ea7n Th\u1ecb l\u00e0 nh\u00e0 ph\u00e2n ph\u1ed1i ng\u00f3i l\u1ee3p \u0111\u1ea5t s\u00e9t nung gi\u00e1 r\u1ebb t\u1ea1i Quy Nh\u01a1n- B\u00ecnh \u0110\u1ecbnh. Ng\u00f3i l\u1ee3p 22 vi\u00ean H\u1ea1 Long, ng\u00f3i l\u1ee3p H\u1ea1 Long b\u1ec1n m\u00e0u theo th\u1eddi gian","robots":{"index":"index","follow":"follow","max-snippet":"max-snippet:-1","max-image-preview":"max-image-preview:large","max-video-preview":"max-video-preview:-1"},"canonical":"https:\/\/tranthi.vn\/binhdinh\/gia-ngoi-lop-dat-set-nung-ha-long-tai-quy-nhon-binh-dinh\/","og_locale":"vi_VN","og_type":"article","og_title":"Ng\u00f3i l\u1ee3p H\u1ea1 Long 2","og_description":"Tr\u1ea7n Th\u1ecb l\u00e0 nh\u00e0 ph\u00e2n ph\u1ed1i ng\u00f3i l\u1ee3p \u0111\u1ea5t s\u00e9t nung gi\u00e1 r\u1ebb t\u1ea1i Quy Nh\u01a1n- B\u00ecnh \u0110\u1ecbnh. Ng\u00f3i l\u1ee3p 22 vi\u00ean H\u1ea1 Long, ng\u00f3i l\u1ee3p H\u1ea1 Long b\u1ec1n m\u00e0u theo th\u1eddi gian","og_url":"https:\/\/tranthi.vn\/binhdinh\/gia-ngoi-lop-dat-set-nung-ha-long-tai-quy-nhon-binh-dinh\/","og_site_name":"V\u1eadt Li\u1ec7u X\u00e2y D\u1ef1ng Tr\u1ea7n Th\u1ecb Chi Nh\u00e1nh B\u00ecnh \u0110\u1ecbnh","article_modified_time":"2024-08-07T06:55:55+00:00","og_image":[{"width":250,"height":250,"url":"https:\/\/tranthi.vn\/binhdinh\/wp-content\/uploads\/2021\/03\/GIA-NGOAI-VIGLACERA-HA-LONG-DA-NANG.jpg","type":"image\/jpeg"}],"twitter_card":"summary_large_image","twitter_misc":{"Gi\u00e1":"12,300&nbsp;&#8363;","Kh\u1ea3 d\u1ee5ng":"Trong kho"},"schema":{"@context":"https:\/\/schema.org","@graph":[{"@type":["WebPage","ItemPage"],"@id":"https:\/\/tranthi.vn\/binhdinh\/gia-ngoi-lop-dat-set-nung-ha-long-tai-quy-nhon-binh-dinh\/","url":"https:\/\/tranthi.vn\/binhdinh\/gia-ngoi-lop-dat-set-nung-ha-long-tai-quy-nhon-binh-dinh\/","name":"Gi\u00e1 ng\u00f3i l\u1ee3p \u0111\u1ea5t s\u00e9t nung Viglacera t\u1ea1i B\u00ecnh \u0110\u1ecbnh- 0947335871","isPartOf":{"@id":"https:\/\/tranthi.vn\/binhdinh\/#website"},"primaryImageOfPage":{"@id":"https:\/\/tranthi.vn\/binhdinh\/gia-ngoi-lop-dat-set-nung-ha-long-tai-quy-nhon-binh-dinh\/#primaryimage"},"image":{"@id":"https:\/\/tranthi.vn\/binhdinh\/gia-ngoi-lop-dat-set-nung-ha-long-tai-quy-nhon-binh-dinh\/#primaryimage"},"thumbnailUrl":"https:\/\/tranthi.vn\/binhdinh\/wp-content\/uploads\/2021\/03\/GIA-NGOAI-VIGLACERA-HA-LONG-DA-NANG.jpg","datePublished":"2021-03-17T08:46:36+00:00","dateModified":"2024-08-07T06:55:55+00:00","description":"Tr\u1ea7n Th\u1ecb l\u00e0 nh\u00e0 ph\u00e2n ph\u1ed1i ng\u00f3i l\u1ee3p \u0111\u1ea5t s\u00e9t nung gi\u00e1 r\u1ebb t\u1ea1i Quy Nh\u01a1n- B\u00ecnh \u0110\u1ecbnh. Ng\u00f3i l\u1ee3p 22 vi\u00ean H\u1ea1 Long, ng\u00f3i l\u1ee3p H\u1ea1 Long b\u1ec1n m\u00e0u theo th\u1eddi gian","breadcrumb":{"@id":"https:\/\/tranthi.vn\/binhdinh\/gia-ngoi-lop-dat-set-nung-ha-long-tai-quy-nhon-binh-dinh\/#breadcrumb"},"inLanguage":"vi","potentialAction":[{"@type":"ReadAction","target":["https:\/\/tranthi.vn\/binhdinh\/gia-ngoi-lop-dat-set-nung-ha-long-tai-quy-nhon-binh-dinh\/"]}]},{"@type":"ImageObject","inLanguage":"vi","@id":"https:\/\/tranthi.vn\/binhdinh\/gia-ngoi-lop-dat-set-nung-ha-long-tai-quy-nhon-binh-dinh\/#primaryimage","url":"https:\/\/tranthi.vn\/binhdinh\/wp-content\/uploads\/2021\/03\/GIA-NGOAI-VIGLACERA-HA-LONG-DA-NANG.jpg","contentUrl":"https:\/\/tranthi.vn\/binhdinh\/wp-content\/uploads\/2021\/03\/GIA-NGOAI-VIGLACERA-HA-LONG-DA-NANG.jpg","width":250,"height":250,"caption":"GI\u00c1 NGO\u00c0I VIGLACERA H\u1ea0 LONG \u0110\u00c0 N\u1eb4NG"},{"@type":"BreadcrumbList","@id":"https:\/\/tranthi.vn\/binhdinh\/gia-ngoi-lop-dat-set-nung-ha-long-tai-quy-nhon-binh-dinh\/#breadcrumb","itemListElement":[{"@type":"ListItem","position":1,"name":"Trang ch\u1ee7","item":"https:\/\/tranthi.vn\/binhdinh\/"},{"@type":"ListItem","position":2,"name":"Shop","item":"https:\/\/tranthi.vn\/binhdinh\/shop\/"},{"@type":"ListItem","position":3,"name":"Ng\u00f3i l\u1ee3p H\u1ea1 Long 2"}]},{"@type":"WebSite","@id":"https:\/\/tranthi.vn\/binhdinh\/#website","url":"https:\/\/tranthi.vn\/binhdinh\/","name":"V\u1eadt Li\u1ec7u X\u00e2y D\u1ef1ng Tr\u1ea7n Th\u1ecb Chi Nh\u00e1nh B\u00ecnh \u0110\u1ecbnh","description":"V\u1eadt Li\u1ec7u X\u00e2y D\u1ef1ng - B\u00ecnh \u0110\u1ecbnh","potentialAction":[{"@type":"SearchAction","target":{"@type":"EntryPoint","urlTemplate":"https:\/\/tranthi.vn\/binhdinh\/?s={search_term_string}"},"query-input":"required name=search_term_string"}],"inLanguage":"vi"},{"@type":"ImageObject","inLanguage":"vi","@id":"https:\/\/tranthi.vn\/binhdinh\/gia-ngoi-lop-dat-set-nung-ha-long-tai-quy-nhon-binh-dinh\/#local-main-organization-logo","url":"","contentUrl":"","caption":"V\u1eadt Li\u1ec7u X\u00e2y D\u1ef1ng Tr\u1ea7n Th\u1ecb Chi Nh\u00e1nh B\u00ecnh \u0110\u1ecbnh"}]},"product_price_amount":"12300","product_price_currency":"VND","og_availability":"instock","product_availability":"instock","product_condition":"new"},"_links":{"self":[{"href":"https:\/\/tranthi.vn\/binhdinh\/wp-json\/wp\/v2\/product\/2828","targetHints":{"allow":["GET"]}}],"collection":[{"href":"https:\/\/tranthi.vn\/binhdinh\/wp-json\/wp\/v2\/product"}],"about":[{"href":"https:\/\/tranthi.vn\/binhdinh\/wp-json\/wp\/v2\/types\/product"}],"replies":[{"embeddable":true,"href":"https:\/\/tranthi.vn\/binhdinh\/wp-json\/wp\/v2\/comments?post=2828"}],"wp:featuredmedia":[{"embeddable":true,"href":"https:\/\/tranthi.vn\/binhdinh\/wp-json\/wp\/v2\/media\/2832"}],"wp:attachment":[{"href":"https:\/\/tranthi.vn\/binhdinh\/wp-json\/wp\/v2\/media?parent=2828"}],"wp:term":[{"taxonomy":"product_cat","embeddable":true,"href":"https:\/\/tranthi.vn\/binhdinh\/wp-json\/wp\/v2\/product_cat?post=2828"},{"taxonomy":"product_tag","embeddable":true,"href":"https:\/\/tranthi.vn\/binhdinh\/wp-json\/wp\/v2\/product_tag?post=2828"}],"curies":[{"name":"wp","href":"https:\/\/api.w.org\/{rel}","templated":true}]}}